{"id":11935,"date":"2025-02-26T22:36:29","date_gmt":"2025-02-26T21:36:29","guid":{"rendered":"https:\/\/violmax.pl\/?post_type=product&#038;p=11935"},"modified":"2025-12-02T12:16:18","modified_gmt":"2025-12-02T11:16:18","slug":"szklarska-poreba-szklanka-do-napojow-allegra-470ml-szklarki-duch-gor-blacha-szron","status":"publish","type":"product","link":"https:\/\/violmax.pl\/index.php\/produkt\/szklarska-poreba-szklanka-do-napojow-allegra-470ml-szklarki-duch-gor-blacha-szron\/","title":{"rendered":"SZKLARSKA POR\u0118BA, SZKLANKA DO NAPOJ\u00d3W &#8220;ALLEGRA&#8221; 470 ML, WODOSPAD SZKLARKI + DUCH G\u00d3R, SZRON"},"content":{"rendered":"<p><img loading=\"lazy\" class=\"alignnone size-medium wp-image-11925\" src=\"https:\/\/violmax.pl\/wp-content\/uploads\/2025\/02\/szklarska_poreba_szklanka_do_napojow_allegra_470ml_szklarki_duch_gor_blacha_szron-500x417.jpg\" alt=\"\" width=\"500\" height=\"417\" srcset=\"https:\/\/violmax.pl\/wp-content\/uploads\/2025\/02\/szklarska_poreba_szklanka_do_napojow_allegra_470ml_szklarki_duch_gor_blacha_szron-500x417.jpg 500w, https:\/\/violmax.pl\/wp-content\/uploads\/2025\/02\/szklarska_poreba_szklanka_do_napojow_allegra_470ml_szklarki_duch_gor_blacha_szron-1024x853.jpg 1024w, https:\/\/violmax.pl\/wp-content\/uploads\/2025\/02\/szklarska_poreba_szklanka_do_napojow_allegra_470ml_szklarki_duch_gor_blacha_szron-768x640.jpg 768w, https:\/\/violmax.pl\/wp-content\/uploads\/2025\/02\/szklarska_poreba_szklanka_do_napojow_allegra_470ml_szklarki_duch_gor_blacha_szron-680x567.jpg 680w, https:\/\/violmax.pl\/wp-content\/uploads\/2025\/02\/szklarska_poreba_szklanka_do_napojow_allegra_470ml_szklarki_duch_gor_blacha_szron.jpg 1140w\" sizes=\"(max-width: 500px) 100vw, 500px\" \/><\/p>\n<p>Szklanka do napoj\u00f3w &#8220;ALLEGRA&#8221; o pojemno\u015bci 470 ml. Jest na niej wypiaskowany motyw typowym dla Szklarskiej Por\u0119by, Wodospad Szklarki i Duch G\u00f3r. Piaskowanie powoduje \u017ce szklanka sprawia wra\u017cenia jak by by\u0142a zmro\u017cona a poza tym nie boi si\u0119 mycia w zmywarce.\u00a0 Szklanka wykonana jest z wysokiej jako\u015bci szk\u0142a, o du\u017cej pojemno\u015bci i dobrze trzymaj\u0105ca si\u0119 w d\u0142oni. Przepi\u0119kna i dostojna pami\u0105tka z robi\u0105cymi wra\u017cenie zdobieniem. Idealna pami\u0105tka z Zakopanego. Nadaje si\u0119 do mycia w zmywarce.<\/p>\n<p>&nbsp;<\/p>\n","protected":false},"excerpt":{"rendered":"<div class=\"woocommerce-product-details__short-description\">\n<div class=\"woocommerce-product-details__short-description\">\n<div class=\"woocommerce-product-details__short-description\">\n<div class=\"woocommerce-product-details__short-description\">\n<div class=\"woocommerce-product-details__short-description\">\n<p><img loading=\"lazy\" class=\"alignnone size-medium wp-image-3492\" src=\"http:\/\/violmax.pl\/wp-content\/uploads\/2020\/05\/VIOLMAX_POLSKA-300x28.jpg\" alt=\"\" width=\"300\" height=\"28\" \/><\/p>\n<p>&nbsp;<\/p>\n<p>Szklanka do napoj\u00f3w &#8220;ALLEGRA&#8221; o pojemno\u015bci 470 ml. Jest na niej wypiaskowany motyw typowym dla Szklarskiej Por\u0119by, Wodospad Szklarki i Duch G\u00f3r. Piaskowanie powoduje \u017ce szklanka sprawia wra\u017cenia jak by by\u0142a zmro\u017cona a poza tym nie boi si\u0119 mycia w zmywarce.\u00a0 Szklanka wykonana jest z wysokiej jako\u015bci szk\u0142a, o du\u017cej pojemno\u015bci i dobrze trzymaj\u0105ca si\u0119 w d\u0142oni. Przepi\u0119kna i dostojna pami\u0105tka z robi\u0105cymi wra\u017cenie zdobieniem. Idealna pami\u0105tka z Zakopanego. Nadaje si\u0119 do mycia w zmywarce.<\/p>\n<p><strong><em>Minimalna ilo\u015b\u0107 zam\u00f3wienia \u2013 6 sztuk (1 opakowanie)<\/em><br \/>\n<\/strong><\/p>\n<p><strong><em>Towar sprzedawany na opakowania<\/em><\/strong><\/p>\n<h3><span style=\"color: #ff0000;\">PRZY DODAWANIU DO KOSZYKA, NALE\u017bY DODAWA\u0106 KROTNO\u015a\u0106\u00a0 LICZBY 6 &#8211; (1 opak)\u00a0 np: 6 ; 12 ; 18 itd<\/span><\/h3>\n<h3><strong>CENA ZA SZTUK\u0118.<\/strong><\/h3>\n<\/div>\n<\/div>\n<\/div>\n<\/div>\n<\/div>\n","protected":false},"featured_media":11925,"comment_status":"open","ping_status":"closed","template":"","meta":[],"_links":{"self":[{"href":"https:\/\/violmax.pl\/index.php\/wp-json\/wp\/v2\/product\/11935"}],"collection":[{"href":"https:\/\/violmax.pl\/index.php\/wp-json\/wp\/v2\/product"}],"about":[{"href":"https:\/\/violmax.pl\/index.php\/wp-json\/wp\/v2\/types\/product"}],"replies":[{"embeddable":true,"href":"https:\/\/violmax.pl\/index.php\/wp-json\/wp\/v2\/comments?post=11935"}],"wp:featuredmedia":[{"embeddable":true,"href":"https:\/\/violmax.pl\/index.php\/wp-json\/wp\/v2\/media\/11925"}],"wp:attachment":[{"href":"https:\/\/violmax.pl\/index.php\/wp-json\/wp\/v2\/media?parent=11935"}],"curies":[{"name":"wp","href":"https:\/\/api.w.org\/{rel}","templated":true}]}}