{"id":11780,"date":"2025-02-10T18:51:20","date_gmt":"2025-02-10T17:51:20","guid":{"rendered":"https:\/\/violmax.pl\/?post_type=product&#038;p=11780"},"modified":"2025-12-02T12:16:20","modified_gmt":"2025-12-02T11:16:20","slug":"zakopane-kubek-kubas-400ml-zima-sanie-giewont-szron","status":"publish","type":"product","link":"https:\/\/violmax.pl\/index.php\/produkt\/zakopane-kubek-kubas-400ml-zima-sanie-giewont-szron\/","title":{"rendered":"ZAKOPANE, KUBEK \u201dKUBAS\u201d 400 ML, ZIMA, SANIE + GIEWONT, SZRON"},"content":{"rendered":"<p><img loading=\"lazy\" class=\"alignnone size-medium wp-image-11776\" src=\"https:\/\/violmax.pl\/wp-content\/uploads\/2025\/02\/zakopane_kubek_kubas_400ml_zima_sanie_giewont_szron-500x417.jpg\" alt=\"\" width=\"500\" height=\"417\" srcset=\"https:\/\/violmax.pl\/wp-content\/uploads\/2025\/02\/zakopane_kubek_kubas_400ml_zima_sanie_giewont_szron-500x417.jpg 500w, https:\/\/violmax.pl\/wp-content\/uploads\/2025\/02\/zakopane_kubek_kubas_400ml_zima_sanie_giewont_szron-1024x853.jpg 1024w, https:\/\/violmax.pl\/wp-content\/uploads\/2025\/02\/zakopane_kubek_kubas_400ml_zima_sanie_giewont_szron-768x640.jpg 768w, https:\/\/violmax.pl\/wp-content\/uploads\/2025\/02\/zakopane_kubek_kubas_400ml_zima_sanie_giewont_szron-680x567.jpg 680w, https:\/\/violmax.pl\/wp-content\/uploads\/2025\/02\/zakopane_kubek_kubas_400ml_zima_sanie_giewont_szron.jpg 1140w\" sizes=\"(max-width: 500px) 100vw, 500px\" \/><\/p>\n<p>Kubek \u201dKUBAS\u201d to kubek w oryginalnym kszta\u0142cie o pojemno\u015bci 400 ml z uchem. Wygl\u0105da jak by sta\u0142 na spodku, gdy tym czasem jest to jedna ca\u0142o\u015b\u0107. Zdj\u0119cie przedstawia jeden kubek, sfotografowany z przodu i z ty\u0142u. Zosta\u0142 precyzyjnie wypiaskowany. Udekorowany jest motywem zimowym, kuligiem oraz w oddali Giewontem. Bardzo wygodny, pojemny kubek, kt\u00f3ry nadaje si\u0119 praktycznie do ka\u017cdego rodzaju napoj\u00f3w\/trunk\u00f3w. Idealna pami\u0105tka z Zakopanego. Nadaje si\u0119 do mycia w zmywarce.<\/p>\n","protected":false},"excerpt":{"rendered":"<div class=\"woocommerce-product-details__short-description\">\n<div class=\"woocommerce-product-details__short-description\">\n<div class=\"woocommerce-product-details__short-description\">\n<p><img loading=\"lazy\" class=\"alignnone size-medium wp-image-4222\" src=\"http:\/\/violmax.pl\/wp-content\/uploads\/2020\/05\/VIOLMAX_POLSKA-5-300x28.jpg\" alt=\"\" width=\"300\" height=\"28\" \/><\/p>\n<p>&nbsp;<\/p>\n<p>Kubek \u201dKUBAS\u201d to kubek w oryginalnym kszta\u0142cie o pojemno\u015bci 400 ml z uchem. Wygl\u0105da jak by sta\u0142 na spodku, gdy tym czasem jest to jedna ca\u0142o\u015b\u0107. Zdj\u0119cie przedstawia jeden kubek, sfotografowany z przodu i z ty\u0142u. Zosta\u0142 precyzyjnie wypiaskowany. Udekorowany jest motywem zimowym, kuligiem oraz w oddali Giewontem. Bardzo wygodny, pojemny kubek, kt\u00f3ry nadaje si\u0119 praktycznie do ka\u017cdego rodzaju napoj\u00f3w\/trunk\u00f3w. Idealna pami\u0105tka z Zakopanego. Nadaje si\u0119 do mycia w zmywarce.<\/p>\n<p><strong><em>Minimalna ilo\u015b\u0107 zam\u00f3wienia \u2013 6 sztuk (1 opakowanie)<\/em><br \/>\n<\/strong><\/p>\n<p><strong><em>Towar sprzedawany na opakowania<\/em><\/strong><\/p>\n<h3><span style=\"color: #ff0000;\">PRZY DODAWANIU DO KOSZYKA, NALE\u017bY DODAWA\u0106 KROTNO\u015a\u0106\u00a0 LICZBY 6 &#8211; (1 opak)\u00a0 np: 6 ; 12 ; 18 itd<\/span><\/h3>\n<h3><strong>CENA ZA SZTUK\u0118.<\/strong><\/h3>\n<\/div>\n<\/div>\n<\/div>\n","protected":false},"featured_media":11776,"comment_status":"open","ping_status":"closed","template":"","meta":[],"_links":{"self":[{"href":"https:\/\/violmax.pl\/index.php\/wp-json\/wp\/v2\/product\/11780"}],"collection":[{"href":"https:\/\/violmax.pl\/index.php\/wp-json\/wp\/v2\/product"}],"about":[{"href":"https:\/\/violmax.pl\/index.php\/wp-json\/wp\/v2\/types\/product"}],"replies":[{"embeddable":true,"href":"https:\/\/violmax.pl\/index.php\/wp-json\/wp\/v2\/comments?post=11780"}],"wp:featuredmedia":[{"embeddable":true,"href":"https:\/\/violmax.pl\/index.php\/wp-json\/wp\/v2\/media\/11776"}],"wp:attachment":[{"href":"https:\/\/violmax.pl\/index.php\/wp-json\/wp\/v2\/media?parent=11780"}],"curies":[{"name":"wp","href":"https:\/\/api.w.org\/{rel}","templated":true}]}}