{"id":11773,"date":"2025-02-10T09:04:39","date_gmt":"2025-02-10T08:04:39","guid":{"rendered":"https:\/\/violmax.pl\/?post_type=product&#038;p=11773"},"modified":"2025-12-02T12:16:20","modified_gmt":"2025-12-02T11:16:20","slug":"karpacz-filizanka-luna-300ml-obserwatorium-glowa-wilka-szron","status":"publish","type":"product","link":"https:\/\/violmax.pl\/index.php\/produkt\/karpacz-filizanka-luna-300ml-obserwatorium-glowa-wilka-szron\/","title":{"rendered":"KARPACZ, FILI\u017bANKA &#8220;LUNA&#8221; 300 ML, OBSERWATORIUM NA \u015aNIE\u017bCE + G\u0141OWA WILKA, SZRON"},"content":{"rendered":"<p><img loading=\"lazy\" class=\"alignnone size-medium wp-image-11756\" src=\"https:\/\/violmax.pl\/wp-content\/uploads\/2025\/02\/karpacz_filizanka_luna_300ml_obserwatorium_glowa_wilka_szron-500x333.jpg\" alt=\"\" width=\"500\" height=\"333\" srcset=\"https:\/\/violmax.pl\/wp-content\/uploads\/2025\/02\/karpacz_filizanka_luna_300ml_obserwatorium_glowa_wilka_szron-500x333.jpg 500w, https:\/\/violmax.pl\/wp-content\/uploads\/2025\/02\/karpacz_filizanka_luna_300ml_obserwatorium_glowa_wilka_szron-1024x683.jpg 1024w, https:\/\/violmax.pl\/wp-content\/uploads\/2025\/02\/karpacz_filizanka_luna_300ml_obserwatorium_glowa_wilka_szron-768x512.jpg 768w, https:\/\/violmax.pl\/wp-content\/uploads\/2025\/02\/karpacz_filizanka_luna_300ml_obserwatorium_glowa_wilka_szron-680x453.jpg 680w, https:\/\/violmax.pl\/wp-content\/uploads\/2025\/02\/karpacz_filizanka_luna_300ml_obserwatorium_glowa_wilka_szron.jpg 1425w\" sizes=\"(max-width: 500px) 100vw, 500px\" \/><\/p>\n<p>&nbsp;<\/p>\n<p>Fili\u017canka &#8220;LUNA&#8221; o pojemno\u015bci 300 ml o ciekawym kszta\u0142cie.\u00a0 Nadaje si\u0119 generalnie do ka\u017cdego rodzaju napoj\u00f3w ( herbata i kawa oraz inne napoje ). Fili\u017canka ozdobiony jest metod\u0105 piaskowania, co dodaje jej niepowtarzalnego uroku i zarazem zdobienie jest trwa\u0142e. Zdj\u0119cie przedstawia jedn\u0105 fili\u017cank\u0119, z przodu i z ty\u0142u. Na fili\u017cance wypiaskowane\u00a0 jest obserwatorium na \u015anie\u017cce oraz z ty\u0142u nazwa miejscowo\u015bci \u201dKarpacz\u201d. Ka\u017cdy szczeg\u00f3\u0142 wykonany jest z precyzyjn\u0105 dok\u0142adno\u015bci\u0105. Na pami\u0105tce wida\u0107 nawet najmniejsze elementy dzi\u0119ki czemu fili\u017canka nabra\u0142a oryginalnego wygl\u0105du. Idealna pami\u0105tka z g\u00f3r. Nadaje si\u0119 do mycia w zmywarkach.<\/p>\n","protected":false},"excerpt":{"rendered":"<p><img loading=\"lazy\" class=\"alignnone size-full wp-image-5364\" src=\"http:\/\/violmax.pl\/wp-content\/uploads\/2020\/10\/VIOLMAX_POLSKA-3.jpg\" alt=\"\" width=\"300\" height=\"28\" \/><\/p>\n<p>&nbsp;<\/p>\n<p>Fili\u017canka &#8220;LUNA&#8221; o pojemno\u015bci 300 ml o ciekawym kszta\u0142cie.\u00a0 Nadaje si\u0119 generalnie do ka\u017cdego rodzaju napoj\u00f3w ( herbata i kawa oraz inne napoje ). Fili\u017canka ozdobiony jest metod\u0105 piaskowania, co dodaje jej niepowtarzalnego uroku i zarazem zdobienie jest trwa\u0142e. Zdj\u0119cie przedstawia jedn\u0105 fili\u017cank\u0119, z przodu i z ty\u0142u. Na fili\u017cance wypiaskowane\u00a0 jest obserwatorium na \u015anie\u017cce oraz z ty\u0142u nazwa miejscowo\u015bci \u201dKarpacz\u201d. Ka\u017cdy szczeg\u00f3\u0142 wykonany jest z precyzyjn\u0105 dok\u0142adno\u015bci\u0105. Na pami\u0105tce wida\u0107 nawet najmniejsze elementy dzi\u0119ki czemu fili\u017canka nabra\u0142a oryginalnego wygl\u0105du. Idealna pami\u0105tka z g\u00f3r. Nadaje si\u0119 do mycia w zmywarkach.<\/p>\n<p><strong><em>Minimalna ilo\u015b\u0107 zam\u00f3wienia &#8211; 6 szt. (1 opakowanie)<\/em><br \/>\n<\/strong><\/p>\n<p><strong><em>Towar sprzedawany na opakowania<\/em><\/strong><\/p>\n<h3><span style=\"color: #ff0000;\">PRZY DODAWANIU DO KOSZYKA, NALE\u017bY DODAWA\u0106 KROTNO\u015a\u0106\u00a0 LICZBY 6 &#8211; (1 opak)\u00a0 np: 6 ; 12 ; 18 itd<\/span><\/h3>\n<h3><strong>CENA ZA SZTUK\u0118.<\/strong><\/h3>\n","protected":false},"featured_media":11756,"comment_status":"open","ping_status":"closed","template":"","meta":[],"_links":{"self":[{"href":"https:\/\/violmax.pl\/index.php\/wp-json\/wp\/v2\/product\/11773"}],"collection":[{"href":"https:\/\/violmax.pl\/index.php\/wp-json\/wp\/v2\/product"}],"about":[{"href":"https:\/\/violmax.pl\/index.php\/wp-json\/wp\/v2\/types\/product"}],"replies":[{"embeddable":true,"href":"https:\/\/violmax.pl\/index.php\/wp-json\/wp\/v2\/comments?post=11773"}],"wp:featuredmedia":[{"embeddable":true,"href":"https:\/\/violmax.pl\/index.php\/wp-json\/wp\/v2\/media\/11756"}],"wp:attachment":[{"href":"https:\/\/violmax.pl\/index.php\/wp-json\/wp\/v2\/media?parent=11773"}],"curies":[{"name":"wp","href":"https:\/\/api.w.org\/{rel}","templated":true}]}}