{"id":11771,"date":"2025-02-10T08:57:34","date_gmt":"2025-02-10T07:57:34","guid":{"rendered":"https:\/\/violmax.pl\/?post_type=product&#038;p=11771"},"modified":"2025-12-02T12:16:20","modified_gmt":"2025-12-02T11:16:20","slug":"karpacz-kubek-vito-320ml-obserwatorium-duch-gor-szron","status":"publish","type":"product","link":"https:\/\/violmax.pl\/index.php\/produkt\/karpacz-kubek-vito-320ml-obserwatorium-duch-gor-szron\/","title":{"rendered":"KARPACZ, KUBEK &#8220;VITO&#8221; 320 ML, OBSERWATORIUM + DUCH G\u00d3R, SZRON"},"content":{"rendered":"<p><img loading=\"lazy\" class=\"alignnone size-medium wp-image-11758\" src=\"https:\/\/violmax.pl\/wp-content\/uploads\/2025\/02\/karpacz_kubek_vito_320ml_obserwatorium_duch_gor_szron-500x417.jpg\" alt=\"\" width=\"500\" height=\"417\" srcset=\"https:\/\/violmax.pl\/wp-content\/uploads\/2025\/02\/karpacz_kubek_vito_320ml_obserwatorium_duch_gor_szron-500x417.jpg 500w, https:\/\/violmax.pl\/wp-content\/uploads\/2025\/02\/karpacz_kubek_vito_320ml_obserwatorium_duch_gor_szron-1024x853.jpg 1024w, https:\/\/violmax.pl\/wp-content\/uploads\/2025\/02\/karpacz_kubek_vito_320ml_obserwatorium_duch_gor_szron-768x640.jpg 768w, https:\/\/violmax.pl\/wp-content\/uploads\/2025\/02\/karpacz_kubek_vito_320ml_obserwatorium_duch_gor_szron-680x567.jpg 680w, https:\/\/violmax.pl\/wp-content\/uploads\/2025\/02\/karpacz_kubek_vito_320ml_obserwatorium_duch_gor_szron.jpg 1140w\" sizes=\"(max-width: 500px) 100vw, 500px\" \/><\/p>\n<p>&nbsp;<\/p>\n<p>Kubek &#8220;VITO&#8221; o pojemno\u015bci 320 ml o ciekawym kszta\u0142cie.\u00a0 Nadaje si\u0119 generalnie do ka\u017cdego rodzaju napoj\u00f3w (woda, soki, herbata i kawa oraz inne). Kubek ozdobiony jest metod\u0105 piaskowania, co dodaje kubkowi niepowtarzalnego uroku i zarazem zdobienie jest trwa\u0142e. Zdj\u0119cie przedstawia jeden kubek, z przodu i z ty\u0142u. Na kubku wypiaskowane\u00a0 jest obserwatorium na \u015anie\u017cce oraz Duch G\u00f3r, a z ty\u0142u nazwa miejscowo\u015bci \u201dKarpacz\u201d. Ka\u017cdy szczeg\u00f3\u0142 wykonany jest z precyzyjn\u0105 dok\u0142adno\u015bci\u0105. Na pami\u0105tce wida\u0107 nawet najmniejsze elementy dzi\u0119ki czemu kubek nabra\u0142 oryginalnego wygl\u0105du. Idealna pami\u0105tka z g\u00f3r. Nadaje si\u0119 do mycia w zmywarkach.<\/p>\n","protected":false},"excerpt":{"rendered":"<p><img loading=\"lazy\" class=\"alignnone size-full wp-image-5364\" src=\"http:\/\/violmax.pl\/wp-content\/uploads\/2020\/10\/VIOLMAX_POLSKA-3.jpg\" alt=\"\" width=\"300\" height=\"28\" \/><\/p>\n<p>&nbsp;<\/p>\n<p>Kubek &#8220;VITO&#8221; o pojemno\u015bci 320 ml o ciekawym kszta\u0142cie.\u00a0 Nadaje si\u0119 generalnie do ka\u017cdego rodzaju napoj\u00f3w (woda, soki, herbata i kawa oraz inne). Kubek ozdobiony jest metod\u0105 piaskowania, co dodaje kubkowi niepowtarzalnego uroku i zarazem zdobienie jest trwa\u0142e. Zdj\u0119cie przedstawia jeden kubek, z przodu i z ty\u0142u. Na kubku wypiaskowane\u00a0 jest obserwatorium na \u015anie\u017cce oraz Duch G\u00f3r, a z ty\u0142u nazwa miejscowo\u015bci \u201dKarpacz\u201d. Ka\u017cdy szczeg\u00f3\u0142 wykonany jest z precyzyjn\u0105 dok\u0142adno\u015bci\u0105. Na pami\u0105tce wida\u0107 nawet najmniejsze elementy dzi\u0119ki czemu kubek nabra\u0142 oryginalnego wygl\u0105du. Idealna pami\u0105tka z g\u00f3r. Nadaje si\u0119 do mycia w zmywarkach.<\/p>\n<p><strong><em>Minimalna ilo\u015b\u0107 zam\u00f3wienia &#8211; 9 szt (1 opakowanie)<\/em><br \/>\n<\/strong><\/p>\n<p><strong><em>Towar sprzedawany na opakowania<\/em><\/strong><\/p>\n<h3><span style=\"color: #ff0000;\">PRZY DODAWANIU DO KOSZYKA, NALE\u017bY DODAWA\u0106 KROTNO\u015a\u0106\u00a0 LICZBY 9 &#8211; (1 opak)\u00a0 np: 9 ; 18 ; 27 itd<\/span><\/h3>\n<h3><strong>CENA ZA SZTUK\u0118.<\/strong><\/h3>\n","protected":false},"featured_media":11758,"comment_status":"open","ping_status":"closed","template":"","meta":[],"_links":{"self":[{"href":"https:\/\/violmax.pl\/index.php\/wp-json\/wp\/v2\/product\/11771"}],"collection":[{"href":"https:\/\/violmax.pl\/index.php\/wp-json\/wp\/v2\/product"}],"about":[{"href":"https:\/\/violmax.pl\/index.php\/wp-json\/wp\/v2\/types\/product"}],"replies":[{"embeddable":true,"href":"https:\/\/violmax.pl\/index.php\/wp-json\/wp\/v2\/comments?post=11771"}],"wp:featuredmedia":[{"embeddable":true,"href":"https:\/\/violmax.pl\/index.php\/wp-json\/wp\/v2\/media\/11758"}],"wp:attachment":[{"href":"https:\/\/violmax.pl\/index.php\/wp-json\/wp\/v2\/media?parent=11771"}],"curies":[{"name":"wp","href":"https:\/\/api.w.org\/{rel}","templated":true}]}}