{"id":11769,"date":"2025-02-10T08:53:20","date_gmt":"2025-02-10T07:53:20","guid":{"rendered":"https:\/\/violmax.pl\/?post_type=product&#038;p=11769"},"modified":"2025-12-02T12:16:21","modified_gmt":"2025-12-02T11:16:21","slug":"karpacz-szklanka-do-whisky-karat-300ml-obserwatorium-szron","status":"publish","type":"product","link":"https:\/\/violmax.pl\/index.php\/produkt\/karpacz-szklanka-do-whisky-karat-300ml-obserwatorium-szron\/","title":{"rendered":"KARPACZ, SZKLANKA DO WHISKY &#8220;KARAT&#8221; 300 ML, OBSERWATORIUM NA \u015aNIE\u017bCE, SZRON"},"content":{"rendered":"<p><img loading=\"lazy\" class=\"alignnone size-medium wp-image-11759\" src=\"https:\/\/violmax.pl\/wp-content\/uploads\/2025\/02\/karpacz_szklanka_do_whisky_karat_300ml_obserwatorium_szron-500x417.jpg\" alt=\"\" width=\"500\" height=\"417\" srcset=\"https:\/\/violmax.pl\/wp-content\/uploads\/2025\/02\/karpacz_szklanka_do_whisky_karat_300ml_obserwatorium_szron-500x417.jpg 500w, https:\/\/violmax.pl\/wp-content\/uploads\/2025\/02\/karpacz_szklanka_do_whisky_karat_300ml_obserwatorium_szron-1024x853.jpg 1024w, https:\/\/violmax.pl\/wp-content\/uploads\/2025\/02\/karpacz_szklanka_do_whisky_karat_300ml_obserwatorium_szron-768x640.jpg 768w, https:\/\/violmax.pl\/wp-content\/uploads\/2025\/02\/karpacz_szklanka_do_whisky_karat_300ml_obserwatorium_szron-680x567.jpg 680w, https:\/\/violmax.pl\/wp-content\/uploads\/2025\/02\/karpacz_szklanka_do_whisky_karat_300ml_obserwatorium_szron.jpg 1140w\" sizes=\"(max-width: 500px) 100vw, 500px\" \/><\/p>\n<p>&nbsp;<\/p>\n<p>Szklanka do whisky &#8220;KARAT&#8221; o pojemno\u015bci 300 ml. Wypiaskowane jest na niej obserwatorium na \u015anie\u017cce. Szklanka posiada zdobnicze wg\u0142\u0119bienia a tym samym nadaje jej wyj\u0105tkowy wygl\u0105d. Wykonana jest z wysokiej jako\u015bci szk\u0142a. Przepi\u0119kna i dostojna pami\u0105tka z robi\u0105cymi wra\u017cenie zdobieniem. Zdj\u0119cie przedstawia jedn\u0105 szklank\u0119, sfotografowan\u0105 z przodu i z ty\u0142u. Idealna pami\u0105tka z Karpacza. Nadaje si\u0119 do mycia w zmywarce.<\/p>\n","protected":false},"excerpt":{"rendered":"<p><img loading=\"lazy\" class=\"alignnone size-full wp-image-5364\" src=\"http:\/\/violmax.pl\/wp-content\/uploads\/2020\/10\/VIOLMAX_POLSKA-3.jpg\" alt=\"\" width=\"300\" height=\"28\" \/><\/p>\n<p>&nbsp;<\/p>\n<p>Szklanka do whisky &#8220;KARAT&#8221; o pojemno\u015bci 300 ml. Wypiaskowane jest na niej obserwatorium na \u015anie\u017cce. Szklanka posiada zdobnicze wg\u0142\u0119bienia a tym samym nadaje jej wyj\u0105tkowy wygl\u0105d. Wykonana jest z wysokiej jako\u015bci szk\u0142a. Przepi\u0119kna i dostojna pami\u0105tka z robi\u0105cymi wra\u017cenie zdobieniem. Zdj\u0119cie przedstawia jedn\u0105 szklank\u0119, sfotografowan\u0105 z przodu i z ty\u0142u. Idealna pami\u0105tka z Karpacza. Nadaje si\u0119 do mycia w zmywarce.<\/p>\n<p><strong><em>Minimalna ilo\u015b\u0107 zam\u00f3wienia &#8211; 6 sztuk (1 opakowanie)<\/em><br \/>\n<\/strong><\/p>\n<p><strong><em>Towar sprzedawany na opakowania<\/em><\/strong><\/p>\n<h3><span style=\"color: #ff0000;\">PRZY DODAWANIU DO KOSZYKA, NALE\u017bY DODAWA\u0106 KROTNO\u015a\u0106\u00a0 LICZBY 6 &#8211; (1 opak)\u00a0 np: 6 ; 12 ; 18 itd<\/span><\/h3>\n<h3><strong>CENA ZA SZTUK\u0118.<\/strong><\/h3>\n<h2><strong>\u00a0<\/strong><\/h2>\n","protected":false},"featured_media":11759,"comment_status":"open","ping_status":"closed","template":"","meta":[],"_links":{"self":[{"href":"https:\/\/violmax.pl\/index.php\/wp-json\/wp\/v2\/product\/11769"}],"collection":[{"href":"https:\/\/violmax.pl\/index.php\/wp-json\/wp\/v2\/product"}],"about":[{"href":"https:\/\/violmax.pl\/index.php\/wp-json\/wp\/v2\/types\/product"}],"replies":[{"embeddable":true,"href":"https:\/\/violmax.pl\/index.php\/wp-json\/wp\/v2\/comments?post=11769"}],"wp:featuredmedia":[{"embeddable":true,"href":"https:\/\/violmax.pl\/index.php\/wp-json\/wp\/v2\/media\/11759"}],"wp:attachment":[{"href":"https:\/\/violmax.pl\/index.php\/wp-json\/wp\/v2\/media?parent=11769"}],"curies":[{"name":"wp","href":"https:\/\/api.w.org\/{rel}","templated":true}]}}