{"id":11764,"date":"2025-02-10T08:35:09","date_gmt":"2025-02-10T07:35:09","guid":{"rendered":"https:\/\/violmax.pl\/?post_type=product&#038;p=11764"},"modified":"2025-12-02T12:16:22","modified_gmt":"2025-12-02T11:16:22","slug":"szklarska-poreba-szklanka-ola-1000ml-szrenica-duch-gor-szron","status":"publish","type":"product","link":"https:\/\/violmax.pl\/index.php\/produkt\/szklarska-poreba-szklanka-ola-1000ml-szrenica-duch-gor-szron\/","title":{"rendered":"SZKLARSKA POR\u0118BA, SZKLANKA DO PIWA &#8220;OLA&#8221; 1000 ML, SCHRONISKO &#8220;SZRENICA&#8221; + DUCH G\u00d3R, SZRON"},"content":{"rendered":"<p><img loading=\"lazy\" class=\"alignnone size-medium wp-image-11762\" src=\"https:\/\/violmax.pl\/wp-content\/uploads\/2025\/02\/szklarska_poreba_szklanka_ola_1000ml_szrenica_duch_gor_szron-500x500.jpg\" alt=\"\" width=\"500\" height=\"500\" srcset=\"https:\/\/violmax.pl\/wp-content\/uploads\/2025\/02\/szklarska_poreba_szklanka_ola_1000ml_szrenica_duch_gor_szron-500x500.jpg 500w, https:\/\/violmax.pl\/wp-content\/uploads\/2025\/02\/szklarska_poreba_szklanka_ola_1000ml_szrenica_duch_gor_szron-400x400.jpg 400w, https:\/\/violmax.pl\/wp-content\/uploads\/2025\/02\/szklarska_poreba_szklanka_ola_1000ml_szrenica_duch_gor_szron-768x768.jpg 768w, https:\/\/violmax.pl\/wp-content\/uploads\/2025\/02\/szklarska_poreba_szklanka_ola_1000ml_szrenica_duch_gor_szron-680x680.jpg 680w, https:\/\/violmax.pl\/wp-content\/uploads\/2025\/02\/szklarska_poreba_szklanka_ola_1000ml_szrenica_duch_gor_szron-100x100.jpg 100w, https:\/\/violmax.pl\/wp-content\/uploads\/2025\/02\/szklarska_poreba_szklanka_ola_1000ml_szrenica_duch_gor_szron.jpg 950w\" sizes=\"(max-width: 500px) 100vw, 500px\" \/><\/p>\n<p>&nbsp;<\/p>\n<p>Szklanka do piwa &#8220;OLA&#8221; o pojemno\u015bci <strong>1000 ml<\/strong>. z wypiaskowanym motywem charakterystycznym dla Szklarskiej Por\u0119by &#8211; schroniskiem &#8220;Szrenica&#8221; oraz Duchem G\u00f3r. Wypiaskowanie szklanki sprawia wra\u017cenie jak by by\u0142a ona zmro\u017cona. Na szklance widnieje napis \u201dSzklarska Por\u0119ba\u201d. Elegancka\u00a0 szklanka dzi\u0119ki precyzyjnemu piaskowaniu nabra\u0142a oryginalno\u015bci. Jej pojemno\u015b\u0107 1 litra robi ogromne wra\u017cenie, jest du\u017ca i ci\u0119\u017cka. Zdj\u0119cie przedstawia jedn\u0105 szklank\u0119, z przodu i z ty\u0142u. Idealna pami\u0105tka ze Szklarskiej Por\u0119by. Nadaje si\u0119 do mycia w zmywarkach.<\/p>\n","protected":false},"excerpt":{"rendered":"<p><img loading=\"lazy\" class=\"alignnone size-full wp-image-5364\" src=\"http:\/\/violmax.pl\/wp-content\/uploads\/2020\/10\/VIOLMAX_POLSKA-3.jpg\" alt=\"\" width=\"300\" height=\"28\" \/><\/p>\n<p>&nbsp;<\/p>\n<p>Szklanka do piwa &#8220;OLA&#8221; o pojemno\u015bci <strong>1000 ml<\/strong>. z wypiaskowanym motywem charakterystycznym dla Szklarskiej Por\u0119by &#8211; schroniskiem &#8220;Szrenica&#8221; oraz Duchem G\u00f3r. Wypiaskowanie szklanki sprawia wra\u017cenie jak by by\u0142a ona zmro\u017cona. Na szklance widnieje napis \u201dSzklarska Por\u0119ba\u201d. Elegancka\u00a0 szklanka dzi\u0119ki precyzyjnemu piaskowaniu nabra\u0142a oryginalno\u015bci. Jej pojemno\u015b\u0107 1 litra robi ogromne wra\u017cenie, jest du\u017ca i ci\u0119\u017cka. Zdj\u0119cie przedstawia jedn\u0105 szklank\u0119, z przodu i z ty\u0142u. Idealna pami\u0105tka ze Szklarskiej Por\u0119by. Nadaje si\u0119 do mycia w zmywarkach.<\/p>\n<p><strong><em>Minimalna ilo\u015b\u0107 zam\u00f3wienia &#8211; 6 sztuk (1 opakowanie)<\/em><br \/>\n<\/strong><\/p>\n<p><strong><em>Towar sprzedawany na opakowania<\/em><\/strong><\/p>\n<h3><span style=\"color: #ff0000;\">PRZY DODAWANIU DO KOSZYKA, NALE\u017bY DODAWA\u0106 KROTNO\u015a\u0106\u00a0 LICZBY 6 &#8211; (1 opak)\u00a0 np: 6 ; 12 ; 18 itd<\/span><\/h3>\n<h3><strong>CENA ZA SZTUK\u0118.<\/strong><\/h3>\n","protected":false},"featured_media":11762,"comment_status":"open","ping_status":"closed","template":"","meta":[],"_links":{"self":[{"href":"https:\/\/violmax.pl\/index.php\/wp-json\/wp\/v2\/product\/11764"}],"collection":[{"href":"https:\/\/violmax.pl\/index.php\/wp-json\/wp\/v2\/product"}],"about":[{"href":"https:\/\/violmax.pl\/index.php\/wp-json\/wp\/v2\/types\/product"}],"replies":[{"embeddable":true,"href":"https:\/\/violmax.pl\/index.php\/wp-json\/wp\/v2\/comments?post=11764"}],"wp:featuredmedia":[{"embeddable":true,"href":"https:\/\/violmax.pl\/index.php\/wp-json\/wp\/v2\/media\/11762"}],"wp:attachment":[{"href":"https:\/\/violmax.pl\/index.php\/wp-json\/wp\/v2\/media?parent=11764"}],"curies":[{"name":"wp","href":"https:\/\/api.w.org\/{rel}","templated":true}]}}