{"id":11710,"date":"2025-01-06T17:41:02","date_gmt":"2025-01-06T16:41:02","guid":{"rendered":"https:\/\/violmax.pl\/?post_type=product&#038;p=11710"},"modified":"2026-01-10T08:21:32","modified_gmt":"2026-01-10T07:21:32","slug":"karpacz-kieliszek-do-wodki-shot-40ml-serce-szron","status":"publish","type":"product","link":"https:\/\/violmax.pl\/index.php\/produkt\/karpacz-kieliszek-do-wodki-shot-40ml-serce-szron\/","title":{"rendered":"KARPACZ, KIELISZEK DO W\u00d3DKI &#8220;SHOT&#8221; 40ML, SERCE, SZRON"},"content":{"rendered":"<p><img loading=\"lazy\" class=\"alignnone size-medium wp-image-11706\" src=\"https:\/\/violmax.pl\/wp-content\/uploads\/2025\/01\/karpacz_kieliszek_do_wodki_shot_40ml_serce_szron-500x417.jpg\" alt=\"\" width=\"500\" height=\"417\" srcset=\"https:\/\/violmax.pl\/wp-content\/uploads\/2025\/01\/karpacz_kieliszek_do_wodki_shot_40ml_serce_szron-500x417.jpg 500w, https:\/\/violmax.pl\/wp-content\/uploads\/2025\/01\/karpacz_kieliszek_do_wodki_shot_40ml_serce_szron-1024x853.jpg 1024w, https:\/\/violmax.pl\/wp-content\/uploads\/2025\/01\/karpacz_kieliszek_do_wodki_shot_40ml_serce_szron-768x640.jpg 768w, https:\/\/violmax.pl\/wp-content\/uploads\/2025\/01\/karpacz_kieliszek_do_wodki_shot_40ml_serce_szron-680x567.jpg 680w, https:\/\/violmax.pl\/wp-content\/uploads\/2025\/01\/karpacz_kieliszek_do_wodki_shot_40ml_serce_szron.jpg 1140w\" sizes=\"(max-width: 500px) 100vw, 500px\" \/><\/p>\n<p>&nbsp;<\/p>\n<p>Kieliszek do w\u00f3dki &#8220;SHOT&#8221; 40 ml. Elegancki kieliszek wypiaskowany z motywem SERCA oraz napisem KARPACZ. Wykonany jest z wysokiej jako\u015bci szk\u0142a, dno kieliszka jest grube i ci\u0119\u017ckie, przez co pomimo \u017ce jest wysoki zachowuje si\u0119 stabilnie na blacie sto\u0142u. Zdobienie zosta\u0142o wykonane metod\u0105 piaskowania, dlatego jest trwa\u0142e i nie boi si\u0119 mycia w zmywarkach. Zachwyci nie tylko osob\u0119 obdarowan\u0105 ale i go\u015bci. Znakomicie sprawdzi si\u0119 jako ozdoba w domu, prezent. Idealna pami\u0105tka z Karpacza. Nadaje si\u0119 do mycia w zmywarkach.<\/p>\n","protected":false},"excerpt":{"rendered":"<p><img loading=\"lazy\" class=\"alignnone size-full wp-image-5364\" src=\"http:\/\/violmax.pl\/wp-content\/uploads\/2020\/10\/VIOLMAX_POLSKA-3.jpg\" alt=\"\" width=\"300\" height=\"28\" \/><\/p>\n<p>&nbsp;<\/p>\n<p>Kieliszek do w\u00f3dki &#8220;SHOT&#8221; 40 ml. Elegancki kieliszek wypiaskowany z motywem SERCA oraz napisem KARPACZ. Wykonany jest z wysokiej jako\u015bci szk\u0142a, dno kieliszka jest grube i ci\u0119\u017ckie, przez co pomimo \u017ce jest wysoki zachowuje si\u0119 stabilnie na blacie sto\u0142u. Zdobienie zosta\u0142o wykonane metod\u0105 piaskowania, dlatego jest trwa\u0142e i nie boi si\u0119 mycia w zmywarkach. Zachwyci nie tylko osob\u0119 obdarowan\u0105 ale i go\u015bci. Znakomicie sprawdzi si\u0119 jako ozdoba w domu, prezent. Idealna pami\u0105tka z Karpacza. Nadaje si\u0119 do mycia w zmywarkach.<\/p>\n<p><strong><em>Minimalna ilo\u015b\u0107 zam\u00f3wienia &#8211; 6 sztuk (1 opakowanie)<\/em><br \/>\n<\/strong><\/p>\n<p><strong><em>Towar sprzedawany na opakowania<\/em><\/strong><\/p>\n<h3><span style=\"color: #ff0000;\">PRZY DODAWANIU DO KOSZYKA, NALE\u017bY DODAWA\u0106 KROTNO\u015a\u0106\u00a0 LICZBY 6 &#8211; (1 opak)\u00a0 np: 6 ; 12 ; 18 itd<\/span><\/h3>\n<h3><strong>CENA ZA SZTUK\u0118.<\/strong><\/h3>\n","protected":false},"featured_media":11706,"comment_status":"open","ping_status":"closed","template":"","meta":[],"_links":{"self":[{"href":"https:\/\/violmax.pl\/index.php\/wp-json\/wp\/v2\/product\/11710"}],"collection":[{"href":"https:\/\/violmax.pl\/index.php\/wp-json\/wp\/v2\/product"}],"about":[{"href":"https:\/\/violmax.pl\/index.php\/wp-json\/wp\/v2\/types\/product"}],"replies":[{"embeddable":true,"href":"https:\/\/violmax.pl\/index.php\/wp-json\/wp\/v2\/comments?post=11710"}],"wp:featuredmedia":[{"embeddable":true,"href":"https:\/\/violmax.pl\/index.php\/wp-json\/wp\/v2\/media\/11706"}],"wp:attachment":[{"href":"https:\/\/violmax.pl\/index.php\/wp-json\/wp\/v2\/media?parent=11710"}],"curies":[{"name":"wp","href":"https:\/\/api.w.org\/{rel}","templated":true}]}}