{"id":1131,"date":"2019-09-10T09:56:59","date_gmt":"2019-09-10T07:56:59","guid":{"rendered":"http:\/\/violmax.wroclaw.pl\/?post_type=product&#038;p=1131"},"modified":"2025-12-02T13:29:51","modified_gmt":"2025-12-02T12:29:51","slug":"polanczyk-pin-metalowy","status":"publish","type":"product","link":"https:\/\/violmax.pl\/index.php\/produkt\/polanczyk-pin-metalowy\/","title":{"rendered":"POLA\u0143CZYK, PIN METALOWY"},"content":{"rendered":"<p><img loading=\"lazy\" class=\"alignnone size-medium wp-image-4099\" src=\"http:\/\/violmax.pl\/wp-content\/uploads\/2019\/09\/POLANCZYK_PIN_METAL-300x200.jpg\" alt=\"\" width=\"300\" height=\"200\" \/><\/p>\n<div class=\"woocommerce-product-details__short-description\">\n<p>Metalowe Piny. Ka\u017cdy pin wykonany jest z metalu. Na pinach wy\u017c\u0142obione s\u0105 precyzyjnie niepowtarzalne motywy g\u00f3rskie i napis &#8221;Pola\u0144czyk\u201d. Znaczki mo\u017cna zamocowa\u0107 do r\u00f3\u017cnego rodzaju materia\u0142u (ubranie,plecak,torebka) za pomoc\u0105 zapi\u0119cia tzw. \u201dmotylka\u201d, kt\u00f3ry jest na sta\u0142e przymocowany do znaczka. Genialna pami\u0105tka z g\u00f3r, kt\u00f3ra zawsze znajdzie swoje miejsce i przypomni o Pola\u0144czyku. Warto zaznaczy\u0107, \u017ce ka\u017cdy motyw widniej\u0105cy na pinach (na wszystkich naszych produktach) to nasz autorski pomys\u0142. Idealna pami\u0105tka z g\u00f3r.<\/p>\n<\/div>\n","protected":false},"excerpt":{"rendered":"<p><img loading=\"lazy\" class=\"alignnone size-medium wp-image-4074\" src=\"http:\/\/violmax.pl\/wp-content\/uploads\/2020\/05\/VIOLMAX_POLSKA-11-300x28.jpg\" alt=\"\" width=\"300\" height=\"28\" \/><\/p>\n<p>&nbsp;<\/p>\n<div class=\"woocommerce-product-details__short-description\">\n<p>Metalowe Piny. Ka\u017cdy pin wykonany jest z metalu. Na pinach wy\u017c\u0142obione s\u0105 precyzyjnie niepowtarzalne motywy g\u00f3rskie i napis &#8221;Pola\u0144czyk\u201d. Znaczki mo\u017cna zamocowa\u0107 do r\u00f3\u017cnego rodzaju materia\u0142u (ubranie,plecak,torebka) za pomoc\u0105 zapi\u0119cia tzw. \u201dmotylka\u201d, kt\u00f3ry jest na sta\u0142e przymocowany do znaczka. Genialna pami\u0105tka z g\u00f3r, kt\u00f3ra zawsze znajdzie swoje miejsce i przypomni o Pola\u0144czyku. Warto zaznaczy\u0107, \u017ce ka\u017cdy motyw widniej\u0105cy na pinach (na wszystkich naszych produktach) to nasz autorski pomys\u0142. Idealna pami\u0105tka z g\u00f3r.<\/p>\n<p><strong><em>Minimalna ilo\u015b\u0107 zam\u00f3wienia \u2013 20 sztuk (1 opakowanie)<\/em><br \/>\n<\/strong><\/p>\n<p><strong><em>Towar sprzedawany na opakowania<\/em><\/strong><\/p>\n<h3><span style=\"color: #ff0000;\">PRZY DODAWANIU DO KOSZYKA, NALE\u017bY DODAWA\u0106 KROTNO\u015a\u0106\u00a0 LICZBY 20 &#8211; (1 opak)\u00a0 np: 20 ; 40 ; 60 itd<\/span><\/h3>\n<h3><strong>CENA ZA SZTUK\u0118.<\/strong><\/h3>\n<\/div>\n","protected":false},"featured_media":4099,"comment_status":"open","ping_status":"closed","template":"","meta":[],"_links":{"self":[{"href":"https:\/\/violmax.pl\/index.php\/wp-json\/wp\/v2\/product\/1131"}],"collection":[{"href":"https:\/\/violmax.pl\/index.php\/wp-json\/wp\/v2\/product"}],"about":[{"href":"https:\/\/violmax.pl\/index.php\/wp-json\/wp\/v2\/types\/product"}],"replies":[{"embeddable":true,"href":"https:\/\/violmax.pl\/index.php\/wp-json\/wp\/v2\/comments?post=1131"}],"wp:featuredmedia":[{"embeddable":true,"href":"https:\/\/violmax.pl\/index.php\/wp-json\/wp\/v2\/media\/4099"}],"wp:attachment":[{"href":"https:\/\/violmax.pl\/index.php\/wp-json\/wp\/v2\/media?parent=1131"}],"curies":[{"name":"wp","href":"https:\/\/api.w.org\/{rel}","templated":true}]}}