{"id":1128,"date":"2019-09-10T09:51:16","date_gmt":"2019-09-10T07:51:16","guid":{"rendered":"http:\/\/violmax.wroclaw.pl\/?post_type=product&#038;p=1128"},"modified":"2025-12-02T13:29:51","modified_gmt":"2025-12-02T12:29:51","slug":"polanczyk-kufel-do-piwa-miodzio-500-ml-zaglowka-odlew-kolor","status":"publish","type":"product","link":"https:\/\/violmax.pl\/index.php\/produkt\/polanczyk-kufel-do-piwa-miodzio-500-ml-zaglowka-odlew-kolor\/","title":{"rendered":"POLA\u0143CZYK, KUFEL DO PIWA &#8220;MIODZIO 2&#8221; 0,5 LITRA, ODLEW KOLOR \u017bAGL\u00d3WKA"},"content":{"rendered":"<p><img loading=\"lazy\" class=\"alignnone size-medium wp-image-7955\" src=\"http:\/\/violmax.pl\/wp-content\/uploads\/2021\/06\/Polanczyk_kufel_do_piwa_miodzio_500_ml_zaglowka_odlew_kolor-300x300.png\" alt=\"\" width=\"300\" height=\"300\" srcset=\"https:\/\/violmax.pl\/wp-content\/uploads\/2021\/06\/Polanczyk_kufel_do_piwa_miodzio_500_ml_zaglowka_odlew_kolor-300x300.png 300w, https:\/\/violmax.pl\/wp-content\/uploads\/2021\/06\/Polanczyk_kufel_do_piwa_miodzio_500_ml_zaglowka_odlew_kolor-150x150.png 150w, https:\/\/violmax.pl\/wp-content\/uploads\/2021\/06\/Polanczyk_kufel_do_piwa_miodzio_500_ml_zaglowka_odlew_kolor-768x768.png 768w, https:\/\/violmax.pl\/wp-content\/uploads\/2021\/06\/Polanczyk_kufel_do_piwa_miodzio_500_ml_zaglowka_odlew_kolor-680x680.png 680w, https:\/\/violmax.pl\/wp-content\/uploads\/2021\/06\/Polanczyk_kufel_do_piwa_miodzio_500_ml_zaglowka_odlew_kolor-100x100.png 100w, https:\/\/violmax.pl\/wp-content\/uploads\/2021\/06\/Polanczyk_kufel_do_piwa_miodzio_500_ml_zaglowka_odlew_kolor.png 900w\" sizes=\"(max-width: 300px) 100vw, 300px\" \/><\/p>\n<p>Kufel do piwa \u201dMiodzio\u201d o litra\u017cu 0,5 litra. Na kuflu s\u0105 wy\u017c\u0142obione charakterystyczne dla \u201dmiodzia\u201d p\u0142aty w szkle. Na \u015brodku kufla widzimy okaza\u0142y, metalowy odlew \u2013 \u017cagl\u00f3wki,jeziora,lasu, g\u00f3r w kolorze. Klasyczny, wygodny kufel, kt\u00f3ry sprawdzi si\u0119 u ka\u017cdego. Idealna pami\u0105tka z Pola\u0144czyka.<\/p>\n","protected":false},"excerpt":{"rendered":"<div class=\"woocommerce-product-details__short-description\">\n<div class=\"woocommerce-product-details__short-description\">\n<p><img loading=\"lazy\" class=\"alignnone size-medium wp-image-4074\" src=\"http:\/\/violmax.pl\/wp-content\/uploads\/2020\/05\/VIOLMAX_POLSKA-11-300x28.jpg\" alt=\"\" width=\"300\" height=\"28\" \/><\/p>\n<p>&nbsp;<\/p>\n<p>Kufel do piwa \u201dMiodzio\u201d o litra\u017cu 0,5 litra. Na kuflu s\u0105 wy\u017c\u0142obione charakterystyczne dla \u201dmiodzia\u201d p\u0142aty w szkle. Na \u015brodku kufla widzimy okaza\u0142y, metalowy odlew \u2013 \u017cagl\u00f3wki,jeziora,lasu, g\u00f3r w kolorze. Klasyczny, wygodny kufel, kt\u00f3ry sprawdzi si\u0119 u ka\u017cdego. Idealna pami\u0105tka z Pola\u0144czyka.<\/p>\n<p><strong><em>Minimalna ilo\u015b\u0107 zam\u00f3wienia \u2013 6 sztuk (1 opakowanie)<\/em><br \/>\n<\/strong><\/p>\n<p><strong><em>Towar sprzedawany na opakowania<\/em><\/strong><\/p>\n<h3><span style=\"color: #ff0000;\">PRZY DODAWANIU DO KOSZYKA, NALE\u017bY DODAWA\u0106 KROTNO\u015a\u0106\u00a0 LICZBY 6 &#8211; (1 opak)\u00a0 np: 6 ; 12 ; 18 itd<\/span><\/h3>\n<h3><strong>CENA ZA SZTUK\u0118.<\/strong><\/h3>\n<\/div>\n<\/div>\n","protected":false},"featured_media":7955,"comment_status":"open","ping_status":"closed","template":"","meta":[],"_links":{"self":[{"href":"https:\/\/violmax.pl\/index.php\/wp-json\/wp\/v2\/product\/1128"}],"collection":[{"href":"https:\/\/violmax.pl\/index.php\/wp-json\/wp\/v2\/product"}],"about":[{"href":"https:\/\/violmax.pl\/index.php\/wp-json\/wp\/v2\/types\/product"}],"replies":[{"embeddable":true,"href":"https:\/\/violmax.pl\/index.php\/wp-json\/wp\/v2\/comments?post=1128"}],"wp:featuredmedia":[{"embeddable":true,"href":"https:\/\/violmax.pl\/index.php\/wp-json\/wp\/v2\/media\/7955"}],"wp:attachment":[{"href":"https:\/\/violmax.pl\/index.php\/wp-json\/wp\/v2\/media?parent=1128"}],"curies":[{"name":"wp","href":"https:\/\/api.w.org\/{rel}","templated":true}]}}