{"id":11256,"date":"2024-10-11T12:22:08","date_gmt":"2024-10-11T10:22:08","guid":{"rendered":"https:\/\/violmax.pl\/?post_type=product&#038;p=11256"},"modified":"2024-10-11T20:35:15","modified_gmt":"2024-10-11T18:35:15","slug":"strzelectwo-sportowe-szklanka-do-whisky-luna-300-ml-pistolety-zachodnie","status":"publish","type":"product","link":"https:\/\/violmax.pl\/index.php\/produkt\/strzelectwo-sportowe-szklanka-do-whisky-luna-300-ml-pistolety-zachodnie\/","title":{"rendered":"STRZELECTWO SPORTOWE, SZKLANKA DO WHISKY &#8220;LUNA&#8221; 300 ML, PISTOLETY ZACHODNIE"},"content":{"rendered":"<p><img loading=\"lazy\" class=\"alignnone size-medium wp-image-11242\" src=\"https:\/\/violmax.pl\/wp-content\/uploads\/2024\/10\/Strzelectwo_szklanka_do_whisky_luna_300_ml_pistolet_zachodnie-1-500x500.jpg\" alt=\"\" width=\"500\" height=\"500\" srcset=\"https:\/\/violmax.pl\/wp-content\/uploads\/2024\/10\/Strzelectwo_szklanka_do_whisky_luna_300_ml_pistolet_zachodnie-1-500x500.jpg 500w, https:\/\/violmax.pl\/wp-content\/uploads\/2024\/10\/Strzelectwo_szklanka_do_whisky_luna_300_ml_pistolet_zachodnie-1-400x400.jpg 400w, https:\/\/violmax.pl\/wp-content\/uploads\/2024\/10\/Strzelectwo_szklanka_do_whisky_luna_300_ml_pistolet_zachodnie-1-768x768.jpg 768w, https:\/\/violmax.pl\/wp-content\/uploads\/2024\/10\/Strzelectwo_szklanka_do_whisky_luna_300_ml_pistolet_zachodnie-1-680x680.jpg 680w, https:\/\/violmax.pl\/wp-content\/uploads\/2024\/10\/Strzelectwo_szklanka_do_whisky_luna_300_ml_pistolet_zachodnie-1-100x100.jpg 100w, https:\/\/violmax.pl\/wp-content\/uploads\/2024\/10\/Strzelectwo_szklanka_do_whisky_luna_300_ml_pistolet_zachodnie-1.jpg 950w\" sizes=\"(max-width: 500px) 100vw, 500px\" \/><\/p>\n<p>&nbsp;<\/p>\n<p>Szklanka do whisky &#8220;LUNA&#8221; o pojemno\u015bci 300 ml. Elegancki upominek dla os\u00f3b lubuj\u0105cych si\u0119 w strzelaniu sportowym. Szklanka jest wypiaskowana , co sprawia \u017ce wz\u00f3r jest trwa\u0142y i mo\u017cna j\u0105 my\u0107 w zmywarce. Ozdobiona jest pistoletami produkcji zachodniej. Jedno zdj\u0119cie przedstawia jedn\u0105 szklank\u0119 z dw\u00f3ch stron. Wygodna szklanka o du\u017cej pojemno\u015bci. Jej zewn\u0119trzna strona jest ozdobiona g\u0142\u0119bokimi wci\u0119ciami, co sprawia \u017ce dobrze trzyma si\u0119 j\u0105 d\u0142oni. W komplecie znajduj\u0119 si\u0119 6 szklanek w kartonie firmowym VIOLMAX.\u00a0 Ca\u0142o\u015b\u0107 jest zapakowana w estetycznym i ekologicznym kartonie. Nadaj\u0105 si\u0119 do mycia w zmywarce.<\/p>\n","protected":false},"excerpt":{"rendered":"<p><img loading=\"lazy\" class=\"alignnone size-medium wp-image-3492\" src=\"http:\/\/violmax.pl\/wp-content\/uploads\/2020\/05\/VIOLMAX_POLSKA-300x28.jpg\" alt=\"\" width=\"300\" height=\"28\" \/><\/p>\n<p>&nbsp;<\/p>\n<p>Szklanka do whisky &#8220;LUNA&#8221; o pojemno\u015bci 300 ml. Elegancki upominek dla os\u00f3b lubuj\u0105cych si\u0119 w strzelaniu sportowym. Szklanka jest wypiaskowana , co sprawia \u017ce wz\u00f3r jest trwa\u0142y i mo\u017cna j\u0105 my\u0107 w zmywarce. Ozdobiona jest pistoletami produkcji zachodniej. Jedno zdj\u0119cie przedstawia jedn\u0105 szklank\u0119 z dw\u00f3ch stron. Wygodna szklanka o du\u017cej pojemno\u015bci. Jej zewn\u0119trzna strona jest ozdobiona g\u0142\u0119bokimi wci\u0119ciami, co sprawia \u017ce dobrze trzyma si\u0119 j\u0105 d\u0142oni. W komplecie znajduj\u0119 si\u0119 6 szklanek w kartonie firmowym VIOLMAX.\u00a0 Ca\u0142o\u015b\u0107 jest zapakowana w estetycznym i ekologicznym kartonie. Nadaj\u0105 si\u0119 do mycia w zmywarce.<\/p>\n<p>&nbsp;<\/p>\n<p><em><strong>Minimalna ilo\u015b\u0107 zam\u00f3wienia &#8211; 6 sztuk (1 opakowanie)<br \/>\n<\/strong><\/em><\/p>\n<p><strong><em>Towar sprzedawany na opakowania<\/em><\/strong><\/p>\n<h3><span style=\"color: #ff0000;\">PRZY DODAWANIU DO KOSZYKA, NALE\u017bY DODAWA\u0106 KROTNO\u015a\u0106\u00a0 LICZBY 6 &#8211; (1 opak)\u00a0 np: 6 ; 12 ; 18 itd<\/span><\/h3>\n<h3><strong>CENA ZA SZTUK\u0118.<\/strong><\/h3>\n<h2><strong>\u00a0<\/strong><\/h2>\n","protected":false},"featured_media":11242,"comment_status":"open","ping_status":"closed","template":"","meta":[],"_links":{"self":[{"href":"https:\/\/violmax.pl\/index.php\/wp-json\/wp\/v2\/product\/11256"}],"collection":[{"href":"https:\/\/violmax.pl\/index.php\/wp-json\/wp\/v2\/product"}],"about":[{"href":"https:\/\/violmax.pl\/index.php\/wp-json\/wp\/v2\/types\/product"}],"replies":[{"embeddable":true,"href":"https:\/\/violmax.pl\/index.php\/wp-json\/wp\/v2\/comments?post=11256"}],"wp:featuredmedia":[{"embeddable":true,"href":"https:\/\/violmax.pl\/index.php\/wp-json\/wp\/v2\/media\/11242"}],"wp:attachment":[{"href":"https:\/\/violmax.pl\/index.php\/wp-json\/wp\/v2\/media?parent=11256"}],"curies":[{"name":"wp","href":"https:\/\/api.w.org\/{rel}","templated":true}]}}