{"id":11229,"date":"2024-10-10T13:02:42","date_gmt":"2024-10-10T11:02:42","guid":{"rendered":"https:\/\/violmax.pl\/?post_type=product&#038;p=11229"},"modified":"2025-12-02T12:25:10","modified_gmt":"2025-12-02T11:25:10","slug":"myslistwo-szklanka-do-whisky-kwadrat-250-ml-zwierzeta-szzron","status":"publish","type":"product","link":"https:\/\/violmax.pl\/index.php\/produkt\/myslistwo-szklanka-do-whisky-kwadrat-250-ml-zwierzeta-szzron\/","title":{"rendered":"MY\u015aLISTWO, SZKLANKA DO WHISKY &#8220;KWADRAT&#8221; 250 ML, ZWIERZ\u0118TA \u0141OWNE, SZRON"},"content":{"rendered":"<p><img loading=\"lazy\" class=\"alignnone size-medium wp-image-11227\" src=\"https:\/\/violmax.pl\/wp-content\/uploads\/2024\/10\/Myslistwo_szklanka_do_whisky_kwadrat_250_ml_zwierzeta_szron-500x500.jpg\" alt=\"\" width=\"500\" height=\"500\" srcset=\"https:\/\/violmax.pl\/wp-content\/uploads\/2024\/10\/Myslistwo_szklanka_do_whisky_kwadrat_250_ml_zwierzeta_szron-500x500.jpg 500w, https:\/\/violmax.pl\/wp-content\/uploads\/2024\/10\/Myslistwo_szklanka_do_whisky_kwadrat_250_ml_zwierzeta_szron-1024x1024.jpg 1024w, https:\/\/violmax.pl\/wp-content\/uploads\/2024\/10\/Myslistwo_szklanka_do_whisky_kwadrat_250_ml_zwierzeta_szron-400x400.jpg 400w, https:\/\/violmax.pl\/wp-content\/uploads\/2024\/10\/Myslistwo_szklanka_do_whisky_kwadrat_250_ml_zwierzeta_szron-768x768.jpg 768w, https:\/\/violmax.pl\/wp-content\/uploads\/2024\/10\/Myslistwo_szklanka_do_whisky_kwadrat_250_ml_zwierzeta_szron-1536x1536.jpg 1536w, https:\/\/violmax.pl\/wp-content\/uploads\/2024\/10\/Myslistwo_szklanka_do_whisky_kwadrat_250_ml_zwierzeta_szron-2048x2048.jpg 2048w, https:\/\/violmax.pl\/wp-content\/uploads\/2024\/10\/Myslistwo_szklanka_do_whisky_kwadrat_250_ml_zwierzeta_szron-680x680.jpg 680w, https:\/\/violmax.pl\/wp-content\/uploads\/2024\/10\/Myslistwo_szklanka_do_whisky_kwadrat_250_ml_zwierzeta_szron-100x100.jpg 100w\" sizes=\"(max-width: 500px) 100vw, 500px\" \/><img loading=\"lazy\" class=\"alignnone size-medium wp-image-11226\" src=\"https:\/\/violmax.pl\/wp-content\/uploads\/2024\/10\/Myslistwo_szklanka_do_whisky_kwadrat_250_ml_losie_szron-500x417.jpg\" alt=\"\" width=\"500\" height=\"417\" srcset=\"https:\/\/violmax.pl\/wp-content\/uploads\/2024\/10\/Myslistwo_szklanka_do_whisky_kwadrat_250_ml_losie_szron-500x417.jpg 500w, https:\/\/violmax.pl\/wp-content\/uploads\/2024\/10\/Myslistwo_szklanka_do_whisky_kwadrat_250_ml_losie_szron-1024x853.jpg 1024w, https:\/\/violmax.pl\/wp-content\/uploads\/2024\/10\/Myslistwo_szklanka_do_whisky_kwadrat_250_ml_losie_szron-768x640.jpg 768w, https:\/\/violmax.pl\/wp-content\/uploads\/2024\/10\/Myslistwo_szklanka_do_whisky_kwadrat_250_ml_losie_szron-680x567.jpg 680w, https:\/\/violmax.pl\/wp-content\/uploads\/2024\/10\/Myslistwo_szklanka_do_whisky_kwadrat_250_ml_losie_szron.jpg 1140w\" sizes=\"(max-width: 500px) 100vw, 500px\" \/><img loading=\"lazy\" class=\"alignnone size-medium wp-image-11225\" src=\"https:\/\/violmax.pl\/wp-content\/uploads\/2024\/10\/Myslistwo_szklanka_do_whisky_kwadrat_250_ml_lisy_szron-500x417.jpg\" alt=\"\" width=\"500\" height=\"417\" srcset=\"https:\/\/violmax.pl\/wp-content\/uploads\/2024\/10\/Myslistwo_szklanka_do_whisky_kwadrat_250_ml_lisy_szron-500x417.jpg 500w, https:\/\/violmax.pl\/wp-content\/uploads\/2024\/10\/Myslistwo_szklanka_do_whisky_kwadrat_250_ml_lisy_szron-1024x853.jpg 1024w, https:\/\/violmax.pl\/wp-content\/uploads\/2024\/10\/Myslistwo_szklanka_do_whisky_kwadrat_250_ml_lisy_szron-768x640.jpg 768w, https:\/\/violmax.pl\/wp-content\/uploads\/2024\/10\/Myslistwo_szklanka_do_whisky_kwadrat_250_ml_lisy_szron-680x567.jpg 680w, https:\/\/violmax.pl\/wp-content\/uploads\/2024\/10\/Myslistwo_szklanka_do_whisky_kwadrat_250_ml_lisy_szron.jpg 1140w\" sizes=\"(max-width: 500px) 100vw, 500px\" \/><img loading=\"lazy\" class=\"alignnone size-medium wp-image-11224\" src=\"https:\/\/violmax.pl\/wp-content\/uploads\/2024\/10\/Myslistwo_szklanka_do_whisky_kwadrat_250_ml_kaczki_szron-500x417.jpg\" alt=\"\" width=\"500\" height=\"417\" srcset=\"https:\/\/violmax.pl\/wp-content\/uploads\/2024\/10\/Myslistwo_szklanka_do_whisky_kwadrat_250_ml_kaczki_szron-500x417.jpg 500w, https:\/\/violmax.pl\/wp-content\/uploads\/2024\/10\/Myslistwo_szklanka_do_whisky_kwadrat_250_ml_kaczki_szron-1024x853.jpg 1024w, https:\/\/violmax.pl\/wp-content\/uploads\/2024\/10\/Myslistwo_szklanka_do_whisky_kwadrat_250_ml_kaczki_szron-768x640.jpg 768w, https:\/\/violmax.pl\/wp-content\/uploads\/2024\/10\/Myslistwo_szklanka_do_whisky_kwadrat_250_ml_kaczki_szron-680x567.jpg 680w, https:\/\/violmax.pl\/wp-content\/uploads\/2024\/10\/Myslistwo_szklanka_do_whisky_kwadrat_250_ml_kaczki_szron.jpg 1140w\" sizes=\"(max-width: 500px) 100vw, 500px\" \/><img loading=\"lazy\" class=\"alignnone size-medium wp-image-11223\" src=\"https:\/\/violmax.pl\/wp-content\/uploads\/2024\/10\/Myslistwo_szklanka_do_whisky_kwadrat_250_ml_jelenie_szron-500x417.jpg\" alt=\"\" width=\"500\" height=\"417\" srcset=\"https:\/\/violmax.pl\/wp-content\/uploads\/2024\/10\/Myslistwo_szklanka_do_whisky_kwadrat_250_ml_jelenie_szron-500x417.jpg 500w, https:\/\/violmax.pl\/wp-content\/uploads\/2024\/10\/Myslistwo_szklanka_do_whisky_kwadrat_250_ml_jelenie_szron-1024x853.jpg 1024w, https:\/\/violmax.pl\/wp-content\/uploads\/2024\/10\/Myslistwo_szklanka_do_whisky_kwadrat_250_ml_jelenie_szron-768x640.jpg 768w, https:\/\/violmax.pl\/wp-content\/uploads\/2024\/10\/Myslistwo_szklanka_do_whisky_kwadrat_250_ml_jelenie_szron-680x567.jpg 680w, https:\/\/violmax.pl\/wp-content\/uploads\/2024\/10\/Myslistwo_szklanka_do_whisky_kwadrat_250_ml_jelenie_szron.jpg 1140w\" sizes=\"(max-width: 500px) 100vw, 500px\" \/><img loading=\"lazy\" class=\"alignnone size-medium wp-image-11222\" src=\"https:\/\/violmax.pl\/wp-content\/uploads\/2024\/10\/Myslistwo_szklanka_do_whisky_kwadrat_250_ml_dziki_szron-500x417.jpg\" alt=\"\" width=\"500\" height=\"417\" srcset=\"https:\/\/violmax.pl\/wp-content\/uploads\/2024\/10\/Myslistwo_szklanka_do_whisky_kwadrat_250_ml_dziki_szron-500x417.jpg 500w, https:\/\/violmax.pl\/wp-content\/uploads\/2024\/10\/Myslistwo_szklanka_do_whisky_kwadrat_250_ml_dziki_szron-1024x853.jpg 1024w, https:\/\/violmax.pl\/wp-content\/uploads\/2024\/10\/Myslistwo_szklanka_do_whisky_kwadrat_250_ml_dziki_szron-768x640.jpg 768w, https:\/\/violmax.pl\/wp-content\/uploads\/2024\/10\/Myslistwo_szklanka_do_whisky_kwadrat_250_ml_dziki_szron-680x567.jpg 680w, https:\/\/violmax.pl\/wp-content\/uploads\/2024\/10\/Myslistwo_szklanka_do_whisky_kwadrat_250_ml_dziki_szron.jpg 1140w\" sizes=\"(max-width: 500px) 100vw, 500px\" \/><img loading=\"lazy\" class=\"alignnone size-medium wp-image-11221\" src=\"https:\/\/violmax.pl\/wp-content\/uploads\/2024\/10\/Myslistwo_szklanka_do_whisky_kwadrat_250_ml_bazanty_szron-500x417.jpg\" alt=\"\" width=\"500\" height=\"417\" srcset=\"https:\/\/violmax.pl\/wp-content\/uploads\/2024\/10\/Myslistwo_szklanka_do_whisky_kwadrat_250_ml_bazanty_szron-500x417.jpg 500w, https:\/\/violmax.pl\/wp-content\/uploads\/2024\/10\/Myslistwo_szklanka_do_whisky_kwadrat_250_ml_bazanty_szron-1024x853.jpg 1024w, https:\/\/violmax.pl\/wp-content\/uploads\/2024\/10\/Myslistwo_szklanka_do_whisky_kwadrat_250_ml_bazanty_szron-768x640.jpg 768w, https:\/\/violmax.pl\/wp-content\/uploads\/2024\/10\/Myslistwo_szklanka_do_whisky_kwadrat_250_ml_bazanty_szron-680x567.jpg 680w, https:\/\/violmax.pl\/wp-content\/uploads\/2024\/10\/Myslistwo_szklanka_do_whisky_kwadrat_250_ml_bazanty_szron.jpg 1140w\" sizes=\"(max-width: 500px) 100vw, 500px\" \/><img loading=\"lazy\" class=\"alignnone size-medium wp-image-11209\" src=\"https:\/\/violmax.pl\/wp-content\/uploads\/2024\/09\/Myslistwo_szklanka_do_whisky_versailles_350_ml_pudelko_zamkniete-500x417.png\" alt=\"\" width=\"500\" height=\"417\" srcset=\"https:\/\/violmax.pl\/wp-content\/uploads\/2024\/09\/Myslistwo_szklanka_do_whisky_versailles_350_ml_pudelko_zamkniete-500x417.png 500w, https:\/\/violmax.pl\/wp-content\/uploads\/2024\/09\/Myslistwo_szklanka_do_whisky_versailles_350_ml_pudelko_zamkniete-768x640.png 768w, https:\/\/violmax.pl\/wp-content\/uploads\/2024\/09\/Myslistwo_szklanka_do_whisky_versailles_350_ml_pudelko_zamkniete-680x567.png 680w, https:\/\/violmax.pl\/wp-content\/uploads\/2024\/09\/Myslistwo_szklanka_do_whisky_versailles_350_ml_pudelko_zamkniete.png 900w\" sizes=\"(max-width: 500px) 100vw, 500px\" \/><\/p>\n<p>&nbsp;<\/p>\n<p>Szklanka do whisky &#8220;KWADRAT&#8221; o pojemno\u015bci 250 ml. Elegancki upominek dla my\u015bliwego. Szklanka jest wypiaskowana , co sprawia \u017ce wygl\u0105da jak by by\u0142a zmro\u017cona. Ozdobiona jest motywem zwierz\u0105t \u0142ownych. Jedno zdj\u0119cie przedstawia jedn\u0105 szklank\u0119 z dw\u00f3ch stron. Mo\u017cna j\u0105 ozdobi\u0107 z jednej strony zwierz\u0119tami a z drugiej strony postaci\u0105 my\u015bliwego. Wygodna szklanka o du\u017cej pojemno\u015bci, dobrze trzyma si\u0119 w d\u0142oni. W komplecie znajduj\u0119 si\u0119 6 szklanek w kartonie firmowym VIOLMAX. W zale\u017cno\u015bci od potrzeby, mo\u017cna je ozdobi\u0107 zwierz\u0119tami takimi jak: ba\u017cant, kaczka, dzik, jele\u0144, \u0142o\u015b, muflon, lis oraz zaj\u0105c. Ca\u0142o\u015b\u0107 jest zapakowana w estetycznym i ekologicznym kartonie. Nadaje si\u0119 do mycia w zmywarce.<\/p>\n","protected":false},"excerpt":{"rendered":"<p><img loading=\"lazy\" class=\"alignnone size-medium wp-image-3492\" src=\"http:\/\/violmax.pl\/wp-content\/uploads\/2020\/05\/VIOLMAX_POLSKA-300x28.jpg\" alt=\"\" width=\"300\" height=\"28\" \/><\/p>\n<p>&nbsp;<\/p>\n<p>Szklanka do whisky &#8220;KWADRAT&#8221; o pojemno\u015bci 250 ml. Elegancki upominek dla my\u015bliwego. Szklanka jest wypiaskowana , co sprawia \u017ce wygl\u0105da jak by by\u0142a zmro\u017cona. Ozdobiona jest motywem zwierz\u0105t \u0142ownych. Jedno zdj\u0119cie przedstawia jedn\u0105 szklank\u0119 z dw\u00f3ch stron. Mo\u017cna j\u0105 ozdobi\u0107 z jednej strony zwierz\u0119tami a z drugiej strony postaci\u0105 my\u015bliwego. Wygodna szklanka o du\u017cej pojemno\u015bci, dobrze trzyma si\u0119 w d\u0142oni. W komplecie znajduj\u0119 si\u0119 6 szklanek w kartonie firmowym VIOLMAX. W zale\u017cno\u015bci od potrzeby, mo\u017cna je ozdobi\u0107 zwierz\u0119tami takimi jak: ba\u017cant, kaczka, dzik, jele\u0144, \u0142o\u015b, muflon, lis oraz zaj\u0105c. Ca\u0142o\u015b\u0107 jest zapakowana w estetycznym i ekologicznym kartonie. Nadaje si\u0119 do mycia w zmywarce.<\/p>\n<p><em><strong>Minimalna ilo\u015b\u0107 zam\u00f3wienia &#8211; 6 sztuk (1 opakowanie)<br \/>\n<\/strong><\/em><\/p>\n<p><strong><em>Towar sprzedawany na opakowania<\/em><\/strong><\/p>\n<h3><span style=\"color: #ff0000;\">PRZY DODAWANIU DO KOSZYKA, NALE\u017bY DODAWA\u0106 KROTNO\u015a\u0106\u00a0 LICZBY 6 &#8211; (1 opak)\u00a0 np: 6 ; 12 ; 18 itd<\/span><\/h3>\n<h3><strong>CENA ZA SZTUK\u0118.<\/strong><\/h3>\n<h2><strong>\u00a0<\/strong><\/h2>\n","protected":false},"featured_media":11227,"comment_status":"open","ping_status":"closed","template":"","meta":[],"_links":{"self":[{"href":"https:\/\/violmax.pl\/index.php\/wp-json\/wp\/v2\/product\/11229"}],"collection":[{"href":"https:\/\/violmax.pl\/index.php\/wp-json\/wp\/v2\/product"}],"about":[{"href":"https:\/\/violmax.pl\/index.php\/wp-json\/wp\/v2\/types\/product"}],"replies":[{"embeddable":true,"href":"https:\/\/violmax.pl\/index.php\/wp-json\/wp\/v2\/comments?post=11229"}],"wp:featuredmedia":[{"embeddable":true,"href":"https:\/\/violmax.pl\/index.php\/wp-json\/wp\/v2\/media\/11227"}],"wp:attachment":[{"href":"https:\/\/violmax.pl\/index.php\/wp-json\/wp\/v2\/media?parent=11229"}],"curies":[{"name":"wp","href":"https:\/\/api.w.org\/{rel}","templated":true}]}}