{"id":1108,"date":"2019-09-05T15:42:42","date_gmt":"2019-09-05T13:42:42","guid":{"rendered":"http:\/\/violmax.wroclaw.pl\/?post_type=product&#038;p=1108"},"modified":"2025-12-02T13:29:52","modified_gmt":"2025-12-02T12:29:52","slug":"polanczyk-kufel-do-piwa-ladia-670-szron-zaglowka-wilk","status":"publish","type":"product","link":"https:\/\/violmax.pl\/index.php\/produkt\/polanczyk-kufel-do-piwa-ladia-670-szron-zaglowka-wilk\/","title":{"rendered":"POLA\u0143CZYK, KUFEL DO PIWA &#8220;LADYA&#8221; 670 ML, \u017bAGL\u00d3WKA WILK SZRON"},"content":{"rendered":"<p><img loading=\"lazy\" class=\"alignnone size-medium wp-image-7940\" src=\"http:\/\/violmax.pl\/wp-content\/uploads\/2021\/06\/Polanczyk_kufel_do_piwa_ladya_670_ml_zaglowka_wilk_szron-300x240.png\" alt=\"\" width=\"300\" height=\"240\" srcset=\"https:\/\/violmax.pl\/wp-content\/uploads\/2021\/06\/Polanczyk_kufel_do_piwa_ladya_670_ml_zaglowka_wilk_szron-300x240.png 300w, https:\/\/violmax.pl\/wp-content\/uploads\/2021\/06\/Polanczyk_kufel_do_piwa_ladya_670_ml_zaglowka_wilk_szron-768x614.png 768w, https:\/\/violmax.pl\/wp-content\/uploads\/2021\/06\/Polanczyk_kufel_do_piwa_ladya_670_ml_zaglowka_wilk_szron-320x256.png 320w, https:\/\/violmax.pl\/wp-content\/uploads\/2021\/06\/Polanczyk_kufel_do_piwa_ladya_670_ml_zaglowka_wilk_szron-680x544.png 680w, https:\/\/violmax.pl\/wp-content\/uploads\/2021\/06\/Polanczyk_kufel_do_piwa_ladya_670_ml_zaglowka_wilk_szron.png 900w\" sizes=\"(max-width: 300px) 100vw, 300px\" \/><\/p>\n<p>Kufel \u201dLadya\u201d o litra\u017cu 0,67l. Ca\u0142y kufel jest precyzyjnie wypiaskowany. Kufel jest wypiaskowany ca\u0142y \u2013 na oko\u0142o. Ca\u0142o\u015b\u0107 jest bardzo szczeg\u00f3\u0142owo wypiaskowana. Zadbali\u015bmy o najmniejsze detale. Znakomicie sprawdzi si\u0119 jako kufel do codziennego u\u017cytku lub jako \u015bwietna pami\u0105tka z Pola\u0144czyka. Idealny na prezent dla lubuj\u0105cych si\u0119 w piwie lub os\u00f3b, kt\u00f3re ceni\u0105 sobie pami\u0105tki ze smakiem. Ozdobi ka\u017cde wn\u0119trze i zachwyci go\u015bci.Idealna pami\u0105tka z Bieszczad. Nadaje si\u0119 do mycia w zmywarce.<\/p>\n","protected":false},"excerpt":{"rendered":"<div class=\"woocommerce-product-details__short-description\">\n<p><img loading=\"lazy\" class=\"alignnone size-medium wp-image-4074\" src=\"http:\/\/violmax.pl\/wp-content\/uploads\/2020\/05\/VIOLMAX_POLSKA-11-300x28.jpg\" alt=\"\" width=\"300\" height=\"28\" \/><\/p>\n<p>&nbsp;<\/p>\n<p>Kufel \u201dLadya\u201d o litra\u017cu 0,67l. Ca\u0142y kufel jest precyzyjnie wypiaskowany. Kufel jest wypiaskowany ca\u0142y \u2013 na oko\u0142o. Ca\u0142o\u015b\u0107 jest bardzo szczeg\u00f3\u0142owo wypiaskowana. Zadbali\u015bmy o najmniejsze detale. Znakomicie sprawdzi si\u0119 jako kufel do codziennego u\u017cytku lub jako \u015bwietna pami\u0105tka z Pola\u0144czyka. Idealny na prezent dla lubuj\u0105cych si\u0119 w piwie lub os\u00f3b, kt\u00f3re ceni\u0105 sobie pami\u0105tki ze smakiem. Ozdobi ka\u017cde wn\u0119trze i zachwyci go\u015bci.Idealna pami\u0105tka z Bieszczad. Nadaje si\u0119 do mycia w zmywarce.<\/p>\n<p><strong><em>Minimalna ilo\u015b\u0107 zam\u00f3wienia \u2013 6 sztuk (1 opakowanie)<\/em><br \/>\n<\/strong><\/p>\n<p><strong><em>Towar sprzedawany na opakowania<\/em><\/strong><\/p>\n<h3><span style=\"color: #ff0000;\">PRZY DODAWANIU DO KOSZYKA, NALE\u017bY DODAWA\u0106 KROTNO\u015a\u0106\u00a0 LICZBY 6 &#8211; (1 opak)\u00a0 np: 6 ; 12 ; 18 itd<\/span><\/h3>\n<h3><strong>CENA ZA SZTUK\u0118.<\/strong><\/h3>\n<\/div>\n","protected":false},"featured_media":7940,"comment_status":"open","ping_status":"closed","template":"","meta":[],"_links":{"self":[{"href":"https:\/\/violmax.pl\/index.php\/wp-json\/wp\/v2\/product\/1108"}],"collection":[{"href":"https:\/\/violmax.pl\/index.php\/wp-json\/wp\/v2\/product"}],"about":[{"href":"https:\/\/violmax.pl\/index.php\/wp-json\/wp\/v2\/types\/product"}],"replies":[{"embeddable":true,"href":"https:\/\/violmax.pl\/index.php\/wp-json\/wp\/v2\/comments?post=1108"}],"wp:featuredmedia":[{"embeddable":true,"href":"https:\/\/violmax.pl\/index.php\/wp-json\/wp\/v2\/media\/7940"}],"wp:attachment":[{"href":"https:\/\/violmax.pl\/index.php\/wp-json\/wp\/v2\/media?parent=1108"}],"curies":[{"name":"wp","href":"https:\/\/api.w.org\/{rel}","templated":true}]}}