{"id":11079,"date":"2024-09-12T22:21:35","date_gmt":"2024-09-12T20:21:35","guid":{"rendered":"https:\/\/violmax.pl\/?post_type=product&#038;p=11079"},"modified":"2025-12-02T12:26:26","modified_gmt":"2025-12-02T11:26:26","slug":"warszawa-kubek-kubas-400-ml-kolor-zamek-krolewski-szron","status":"publish","type":"product","link":"https:\/\/violmax.pl\/index.php\/produkt\/warszawa-kubek-kubas-400-ml-kolor-zamek-krolewski-szron\/","title":{"rendered":"WARSZAWA, KUBEK &#8220;KUBAS&#8221; 400 ML, KOLOR, ZAMEK KR\u00d3LEWSKI, SZRON"},"content":{"rendered":"<p><img loading=\"lazy\" class=\"alignnone size-medium wp-image-11078\" src=\"https:\/\/violmax.pl\/wp-content\/uploads\/2024\/09\/Warszawa_kubek_kubas_400_ml_kolor_zamek_krolewski_szron-500x333.png\" alt=\"\" width=\"500\" height=\"333\" srcset=\"https:\/\/violmax.pl\/wp-content\/uploads\/2024\/09\/Warszawa_kubek_kubas_400_ml_kolor_zamek_krolewski_szron-500x333.png 500w, https:\/\/violmax.pl\/wp-content\/uploads\/2024\/09\/Warszawa_kubek_kubas_400_ml_kolor_zamek_krolewski_szron-768x512.png 768w, https:\/\/violmax.pl\/wp-content\/uploads\/2024\/09\/Warszawa_kubek_kubas_400_ml_kolor_zamek_krolewski_szron-680x453.png 680w, https:\/\/violmax.pl\/wp-content\/uploads\/2024\/09\/Warszawa_kubek_kubas_400_ml_kolor_zamek_krolewski_szron.png 900w\" sizes=\"(max-width: 500px) 100vw, 500px\" \/><\/p>\n<p>Kubek &#8220;KUBAS&#8221; kolor o pojemno\u015bci 400 ml. Wykonana jest z grubego szk\u0142a. Zadbali\u015bmy o najmniejsze detale, jest na nim wypiaskowany &#8220;ZAMEK KR\u00d3LEWSKI&#8221;. Znakomicie sprawdzi si\u0119 jako kubek do codziennego u\u017cytku lub jako \u015bwietna pami\u0105tka z Warszawy. Idealna na prezent, kt\u00f3re ceni\u0105 sobie pami\u0105tki ze smakiem. Ozdobi ka\u017cde wn\u0119trze i zachwyci go\u015bci. Nadaje si\u0119 do mycia w zmywarce.<\/p>\n","protected":false},"excerpt":{"rendered":"<div class=\"woocommerce-product-details__short-description\">\n<div class=\"woocommerce-product-details__short-description\">\n<div class=\"woocommerce-product-details__short-description\">\n<p><img loading=\"lazy\" class=\"alignnone size-medium wp-image-3492\" src=\"http:\/\/violmax.pl\/wp-content\/uploads\/2020\/05\/VIOLMAX_POLSKA-300x28.jpg\" alt=\"\" width=\"300\" height=\"28\" \/><\/p>\n<p>&nbsp;<\/p>\n<p>Kubek &#8220;KUBAS&#8221; kolor o pojemno\u015bci 400 ml. Wykonana jest z grubego szk\u0142a. Zadbali\u015bmy o najmniejsze detale, jest na nim wypiaskowany &#8220;ZAMEK KR\u00d3LEWSKI&#8221;. Znakomicie sprawdzi si\u0119 jako kubek do codziennego u\u017cytku lub jako \u015bwietna pami\u0105tka z Warszawy. Idealna na prezent, kt\u00f3re ceni\u0105 sobie pami\u0105tki ze smakiem. Ozdobi ka\u017cde wn\u0119trze i zachwyci go\u015bci. Nadaje si\u0119 do mycia w zmywarce.<\/p>\n<p><strong><em>Minimalna ilo\u015b\u0107 zam\u00f3wienia \u2013 6 sztuk (1 opakowanie)<\/em><br \/>\n<\/strong><\/p>\n<p><strong><em>Towar sprzedawany na opakowania<\/em><\/strong><\/p>\n<h3><span style=\"color: #ff0000;\">PRZY DODAWANIU DO KOSZYKA, NALE\u017bY DODAWA\u0106 KROTNO\u015a\u0106\u00a0 LICZBY 6 &#8211; (1 opak)\u00a0 np: 6 ; 12 ; 18 itd<\/span><\/h3>\n<h3><strong>CENA ZA SZTUK\u0118.<\/strong><\/h3>\n<\/div>\n<\/div>\n<\/div>\n","protected":false},"featured_media":11078,"comment_status":"open","ping_status":"closed","template":"","meta":[],"_links":{"self":[{"href":"https:\/\/violmax.pl\/index.php\/wp-json\/wp\/v2\/product\/11079"}],"collection":[{"href":"https:\/\/violmax.pl\/index.php\/wp-json\/wp\/v2\/product"}],"about":[{"href":"https:\/\/violmax.pl\/index.php\/wp-json\/wp\/v2\/types\/product"}],"replies":[{"embeddable":true,"href":"https:\/\/violmax.pl\/index.php\/wp-json\/wp\/v2\/comments?post=11079"}],"wp:featuredmedia":[{"embeddable":true,"href":"https:\/\/violmax.pl\/index.php\/wp-json\/wp\/v2\/media\/11078"}],"wp:attachment":[{"href":"https:\/\/violmax.pl\/index.php\/wp-json\/wp\/v2\/media?parent=11079"}],"curies":[{"name":"wp","href":"https:\/\/api.w.org\/{rel}","templated":true}]}}