{"id":11065,"date":"2024-09-12T21:31:26","date_gmt":"2024-09-12T19:31:26","guid":{"rendered":"https:\/\/violmax.pl\/?post_type=product&#038;p=11065"},"modified":"2025-12-02T12:26:28","modified_gmt":"2025-12-02T11:26:28","slug":"warszawa-kieliszek-do-wina-amber-460-ml-zloty-zamek-krolewski-szron","status":"publish","type":"product","link":"https:\/\/violmax.pl\/index.php\/produkt\/warszawa-kieliszek-do-wina-amber-460-ml-zloty-zamek-krolewski-szron\/","title":{"rendered":"WARSZAWA, KIELISZEK DO WINA &#8220;AMBER&#8221; 460 ML Z\u0141OTY, ZAMEK KR\u00d3LEWSKI, SZRON"},"content":{"rendered":"<p><img loading=\"lazy\" class=\"alignnone size-medium wp-image-11064\" src=\"https:\/\/violmax.pl\/wp-content\/uploads\/2024\/09\/Warszawa_kieliszek_do_wina_amber_460_ml_zloty_zamek_krolewski_szron-500x500.png\" alt=\"\" width=\"500\" height=\"500\" srcset=\"https:\/\/violmax.pl\/wp-content\/uploads\/2024\/09\/Warszawa_kieliszek_do_wina_amber_460_ml_zloty_zamek_krolewski_szron-500x500.png 500w, https:\/\/violmax.pl\/wp-content\/uploads\/2024\/09\/Warszawa_kieliszek_do_wina_amber_460_ml_zloty_zamek_krolewski_szron-400x400.png 400w, https:\/\/violmax.pl\/wp-content\/uploads\/2024\/09\/Warszawa_kieliszek_do_wina_amber_460_ml_zloty_zamek_krolewski_szron-768x768.png 768w, https:\/\/violmax.pl\/wp-content\/uploads\/2024\/09\/Warszawa_kieliszek_do_wina_amber_460_ml_zloty_zamek_krolewski_szron-680x680.png 680w, https:\/\/violmax.pl\/wp-content\/uploads\/2024\/09\/Warszawa_kieliszek_do_wina_amber_460_ml_zloty_zamek_krolewski_szron-100x100.png 100w, https:\/\/violmax.pl\/wp-content\/uploads\/2024\/09\/Warszawa_kieliszek_do_wina_amber_460_ml_zloty_zamek_krolewski_szron.png 900w\" sizes=\"(max-width: 500px) 100vw, 500px\" \/><\/p>\n<p>Kieliszek do wina &#8220;AMBER&#8221; o pojemno\u015bci 460 ml. Ca\u0142y kieliszek jest precyzyjnie wypiaskowany. Widnieje na nim\u00a0 Zamek Kr\u00f3lewski oraz z ty\u0142u napis \u201dWarszawa\u201d. Bardzo wygodnie utrzymuje si\u0119 w d\u0142oni. Wykonany jest z wysokiej jako\u015bci szk\u0142a. Obrze\u017ce kieliszka ozdobione jest z\u0142ot\u0105 lam\u00f3wk\u0105. Idealna pami\u0105tka z Warszawy. Nadaje si\u0119 do mycia w zmywarkach.<\/p>\n<p>Istnieje mo\u017cliwo\u015b\u0107 zdobienia w innym wzorze, pod zam\u00f3wienie klienta.<\/p>\n","protected":false},"excerpt":{"rendered":"<div class=\"woocommerce-product-details__short-description\">\n<div class=\"woocommerce-product-details__short-description\">\n<div class=\"woocommerce-product-details__short-description\">\n<div class=\"woocommerce-product-details__short-description\">\n<div class=\"woocommerce-product-details__short-description\">\n<p><img loading=\"lazy\" class=\"alignnone size-full wp-image-5364\" src=\"http:\/\/violmax.pl\/wp-content\/uploads\/2020\/10\/VIOLMAX_POLSKA-3.jpg\" alt=\"\" width=\"300\" height=\"28\" \/><\/p>\n<p>&nbsp;<\/p>\n<p>Kieliszek do wina &#8220;AMBER&#8221; o pojemno\u015bci 460 ml. Ca\u0142y kieliszek jest precyzyjnie wypiaskowany. Widnieje na nim\u00a0 Zamek Kr\u00f3lewski oraz z ty\u0142u napis \u201dWarszawa\u201d. Bardzo wygodnie utrzymuje si\u0119 w d\u0142oni. Wykonany jest z wysokiej jako\u015bci szk\u0142a. Obrze\u017ce kieliszka ozdobione jest z\u0142ot\u0105 lam\u00f3wk\u0105. Idealna pami\u0105tka z Warszawy. Nadaje si\u0119 do mycia w zmywarkach.<\/p>\n<p>Istnieje mo\u017cliwo\u015b\u0107 zdobienia w innym wzorze, pod zam\u00f3wienie klienta.<\/p>\n<p><strong><em>Minimalna ilo\u015b\u0107 zam\u00f3wienia \u2013 6 sztuk (1 opakowanie)<\/em><br \/>\n<\/strong><\/p>\n<p><strong><em>Towar sprzedawany na opakowania<\/em><\/strong><\/p>\n<h3><span style=\"color: #ff0000;\">PRZY DODAWANIU DO KOSZYKA, NALE\u017bY DODAWA\u0106 KROTNO\u015a\u0106\u00a0 LICZBY 6 &#8211; (1 opak)\u00a0 np: 6 ; 12 ; 18 itd<\/span><\/h3>\n<h3><strong>CENA ZA SZTUK\u0118.<\/strong><\/h3>\n<\/div>\n<\/div>\n<\/div>\n<\/div>\n<\/div>\n","protected":false},"featured_media":11064,"comment_status":"open","ping_status":"closed","template":"","meta":[],"_links":{"self":[{"href":"https:\/\/violmax.pl\/index.php\/wp-json\/wp\/v2\/product\/11065"}],"collection":[{"href":"https:\/\/violmax.pl\/index.php\/wp-json\/wp\/v2\/product"}],"about":[{"href":"https:\/\/violmax.pl\/index.php\/wp-json\/wp\/v2\/types\/product"}],"replies":[{"embeddable":true,"href":"https:\/\/violmax.pl\/index.php\/wp-json\/wp\/v2\/comments?post=11065"}],"wp:featuredmedia":[{"embeddable":true,"href":"https:\/\/violmax.pl\/index.php\/wp-json\/wp\/v2\/media\/11064"}],"wp:attachment":[{"href":"https:\/\/violmax.pl\/index.php\/wp-json\/wp\/v2\/media?parent=11065"}],"curies":[{"name":"wp","href":"https:\/\/api.w.org\/{rel}","templated":true}]}}