{"id":11053,"date":"2024-09-12T20:06:37","date_gmt":"2024-09-12T18:06:37","guid":{"rendered":"https:\/\/violmax.pl\/?post_type=product&#038;p=11053"},"modified":"2026-01-10T08:21:33","modified_gmt":"2026-01-10T07:21:33","slug":"warszawa-kieliszek-do-wodki-vs40s-40-ml-syrenka-warszawska-szron-kopia","status":"publish","type":"product","link":"https:\/\/violmax.pl\/index.php\/produkt\/warszawa-kieliszek-do-wodki-vs40s-40-ml-syrenka-warszawska-szron-kopia\/","title":{"rendered":"WARSZAWA, KIELISZEK DO W\u00d3DKI VX50S 50 ML, SYRENKA WARSZAWSKA, SZRON"},"content":{"rendered":"<p><img loading=\"lazy\" class=\"alignnone size-medium wp-image-11052\" src=\"https:\/\/violmax.pl\/wp-content\/uploads\/2024\/09\/Warszawa_kieliszek_do_wodki_VX50S_50_ml_szron-500x250.png\" alt=\"\" width=\"500\" height=\"250\" srcset=\"https:\/\/violmax.pl\/wp-content\/uploads\/2024\/09\/Warszawa_kieliszek_do_wodki_VX50S_50_ml_szron-500x250.png 500w, https:\/\/violmax.pl\/wp-content\/uploads\/2024\/09\/Warszawa_kieliszek_do_wodki_VX50S_50_ml_szron-768x384.png 768w, https:\/\/violmax.pl\/wp-content\/uploads\/2024\/09\/Warszawa_kieliszek_do_wodki_VX50S_50_ml_szron-680x340.png 680w, https:\/\/violmax.pl\/wp-content\/uploads\/2024\/09\/Warszawa_kieliszek_do_wodki_VX50S_50_ml_szron.png 900w\" sizes=\"(max-width: 500px) 100vw, 500px\" \/><\/p>\n<p>Kieliszek do w\u00f3dki VX50S o pojemno\u015bci 50 ml. Wygodny kieliszek o du\u017cej pojemno\u015bci. Wykonany jest z wysokiej jako\u015bci szk\u0142a. Zosta\u0142 ozdobiony metod\u0105 piaskowania co sprawia wra\u017cenie jak by by\u0142 zmro\u017cony. Ozdobiony jest &#8220;SYRENK\u0104 WARSZAWSK\u0104&#8221;. Jest \u015bwietn\u0105 pami\u0105tk\u0105 zdobi\u0105c\u0105 ka\u017cde wn\u0119trze. Idealna pami\u0105tka z Warszawy. Nadaje si\u0119 do mycia w zmywarkach.<\/p>\n","protected":false},"excerpt":{"rendered":"<div class=\"woocommerce-product-details__short-description\">\n<div class=\"woocommerce-product-details__short-description\">\n<div class=\"woocommerce-product-details__short-description\">\n<div class=\"woocommerce-product-details__short-description\">\n<p><img loading=\"lazy\" class=\"alignnone size-full wp-image-5364\" src=\"http:\/\/violmax.pl\/wp-content\/uploads\/2020\/10\/VIOLMAX_POLSKA-3.jpg\" alt=\"\" width=\"300\" height=\"28\" \/><\/p>\n<p>&nbsp;<\/p>\n<p>Kieliszek do w\u00f3dki VX50S o pojemno\u015bci 50 ml. Wygodny kieliszek o du\u017cej pojemno\u015bci. Wykonany jest z wysokiej jako\u015bci szk\u0142a. Zosta\u0142 ozdobiony metod\u0105 piaskowania co sprawia wra\u017cenie jak by by\u0142 zmro\u017cony. Ozdobiony jest &#8220;SYRENK\u0104 WARSZAWSK\u0104&#8221;. Jest \u015bwietn\u0105 pami\u0105tk\u0105 zdobi\u0105c\u0105 ka\u017cde wn\u0119trze. Idealna pami\u0105tka z Warszawy. Nadaje si\u0119 do mycia w zmywarkach.<\/p>\n<p><strong><em>Minimalna ilo\u015b\u0107 zam\u00f3wienia \u2013 6 sztuk (1 opakowanie)<\/em><br \/>\n<\/strong><\/p>\n<p><strong><em>Towar sprzedawany na opakowania<\/em><\/strong><\/p>\n<h3><span style=\"color: #ff0000;\">PRZY DODAWANIU DO KOSZYKA, NALE\u017bY DODAWA\u0106 KROTNO\u015a\u0106\u00a0 LICZBY 6 &#8211; (1 opak)\u00a0 np: 6 ; 12 ; 18 itd<\/span><\/h3>\n<h3><strong>CENA ZA SZTUK\u0118.<\/strong><\/h3>\n<\/div>\n<\/div>\n<\/div>\n<\/div>\n","protected":false},"featured_media":11052,"comment_status":"open","ping_status":"closed","template":"","meta":[],"_links":{"self":[{"href":"https:\/\/violmax.pl\/index.php\/wp-json\/wp\/v2\/product\/11053"}],"collection":[{"href":"https:\/\/violmax.pl\/index.php\/wp-json\/wp\/v2\/product"}],"about":[{"href":"https:\/\/violmax.pl\/index.php\/wp-json\/wp\/v2\/types\/product"}],"replies":[{"embeddable":true,"href":"https:\/\/violmax.pl\/index.php\/wp-json\/wp\/v2\/comments?post=11053"}],"wp:featuredmedia":[{"embeddable":true,"href":"https:\/\/violmax.pl\/index.php\/wp-json\/wp\/v2\/media\/11052"}],"wp:attachment":[{"href":"https:\/\/violmax.pl\/index.php\/wp-json\/wp\/v2\/media?parent=11053"}],"curies":[{"name":"wp","href":"https:\/\/api.w.org\/{rel}","templated":true}]}}