{"id":10998,"date":"2024-06-12T13:12:37","date_gmt":"2024-06-12T11:12:37","guid":{"rendered":"https:\/\/violmax.pl\/?post_type=product&#038;p=10998"},"modified":"2025-12-02T12:26:31","modified_gmt":"2025-12-02T11:26:31","slug":"wegorzewo-szklanka-do-piwa-viola-568-ml-zaglowka-szron","status":"publish","type":"product","link":"https:\/\/violmax.pl\/index.php\/produkt\/wegorzewo-szklanka-do-piwa-viola-568-ml-zaglowka-szron\/","title":{"rendered":"W\u0118GORZEWO, SZKLANKA DO PIWA &#8220;VIOLA&#8221; 568 ML, \u017bAGL\u00d3WKA,SZRON"},"content":{"rendered":"<p><img loading=\"lazy\" class=\"alignnone size-medium wp-image-10995\" src=\"https:\/\/violmax.pl\/wp-content\/uploads\/2024\/06\/Wegorzewo_szklanka_do_piwa_viola_568_ml_zaglowka_szron-300x300.png\" alt=\"\" width=\"300\" height=\"300\" srcset=\"https:\/\/violmax.pl\/wp-content\/uploads\/2024\/06\/Wegorzewo_szklanka_do_piwa_viola_568_ml_zaglowka_szron-300x300.png 300w, https:\/\/violmax.pl\/wp-content\/uploads\/2024\/06\/Wegorzewo_szklanka_do_piwa_viola_568_ml_zaglowka_szron-768x768.png 768w, https:\/\/violmax.pl\/wp-content\/uploads\/2024\/06\/Wegorzewo_szklanka_do_piwa_viola_568_ml_zaglowka_szron-680x680.png 680w, https:\/\/violmax.pl\/wp-content\/uploads\/2024\/06\/Wegorzewo_szklanka_do_piwa_viola_568_ml_zaglowka_szron-100x100.png 100w, https:\/\/violmax.pl\/wp-content\/uploads\/2024\/06\/Wegorzewo_szklanka_do_piwa_viola_568_ml_zaglowka_szron.png 900w\" sizes=\"(max-width: 300px) 100vw, 300px\" \/><\/p>\n<p>Szklanka do piwa &#8220;VIOLA&#8221; o pojemno\u015bci 0,568 litra. Ca\u0142a szklanka jest wypiaskowana i precyzyjnie oszroniona. Zdobienie metod\u0105 piaskowania sprawia wra\u017cenie jak by szklanka by\u0142a zmro\u017cona. Na szklance widzimy motyw \u017cagl\u00f3wki p\u0142ywaj\u0105cej po mazurskich jeziorach. Na tylnej cz\u0119\u015bci szklanki umieszczony zosta\u0142 napis Mazury oraz nazwa miejscowo\u015bci W\u0119gorzewo. Bardzo pi\u0119kna pami\u0105tka z niepowtarzalnym wzorem i detalami. Wszystko na szkle wykonane jest w taki spos\u00f3b by wzbudza\u0142o zachwyt. Takie pami\u0105tki czy prezenty zawsze b\u0119d\u0105 trafione. Idealna pami\u0105tka z Mazur. Nadaje si\u0119 do mycia w zmywarce.<\/p>\n","protected":false},"excerpt":{"rendered":"<p><img loading=\"lazy\" class=\"alignnone size-full wp-image-5364\" src=\"http:\/\/violmax.pl\/wp-content\/uploads\/2020\/10\/VIOLMAX_POLSKA-3.jpg\" alt=\"\" width=\"300\" height=\"28\" \/><\/p>\n<p>&nbsp;<\/p>\n<p>Szklanka do piwa &#8220;VIOLA&#8221; o pojemno\u015bci 0,568 litra. Ca\u0142a szklanka jest wypiaskowana i precyzyjnie oszroniona. Zdobienie metod\u0105 piaskowania sprawia wra\u017cenie jak by szklanka by\u0142a zmro\u017cona. Na szklance widzimy motyw \u017cagl\u00f3wki p\u0142ywaj\u0105cej po mazurskich jeziorach. Na tylnej cz\u0119\u015bci szklanki umieszczony zosta\u0142 napis Mazury oraz nazwa miejscowo\u015bci W\u0119gorzewo. Bardzo pi\u0119kna pami\u0105tka z niepowtarzalnym wzorem i detalami. Wszystko na szkle wykonane jest w taki spos\u00f3b by wzbudza\u0142o zachwyt. Takie pami\u0105tki czy prezenty zawsze b\u0119d\u0105 trafione. Idealna pami\u0105tka z Mazur. Nadaje si\u0119 do mycia w zmywarce.<\/p>\n<p><strong><em>Minimalna ilo\u015b\u0107 zam\u00f3wienia &#8211; 6 sztuk (1 opakowanie)<\/em><br \/>\n<\/strong><\/p>\n<p><strong><em>Towar sprzedawany na opakowania<\/em><\/strong><\/p>\n<h3><span style=\"color: #ff0000;\">PRZY DODAWANIU DO KOSZYKA, NALE\u017bY DODAWA\u0106 KROTNO\u015a\u0106\u00a0 LICZBY 6 &#8211; (1 opak)\u00a0 np: 6 ; 12 ; 18 itd<\/span><\/h3>\n<h3><strong>CENA ZA SZTUK\u0118.<\/strong><\/h3>\n","protected":false},"featured_media":10995,"comment_status":"open","ping_status":"closed","template":"","meta":[],"_links":{"self":[{"href":"https:\/\/violmax.pl\/index.php\/wp-json\/wp\/v2\/product\/10998"}],"collection":[{"href":"https:\/\/violmax.pl\/index.php\/wp-json\/wp\/v2\/product"}],"about":[{"href":"https:\/\/violmax.pl\/index.php\/wp-json\/wp\/v2\/types\/product"}],"replies":[{"embeddable":true,"href":"https:\/\/violmax.pl\/index.php\/wp-json\/wp\/v2\/comments?post=10998"}],"wp:featuredmedia":[{"embeddable":true,"href":"https:\/\/violmax.pl\/index.php\/wp-json\/wp\/v2\/media\/10995"}],"wp:attachment":[{"href":"https:\/\/violmax.pl\/index.php\/wp-json\/wp\/v2\/media?parent=10998"}],"curies":[{"name":"wp","href":"https:\/\/api.w.org\/{rel}","templated":true}]}}