{"id":10967,"date":"2024-05-13T22:09:54","date_gmt":"2024-05-13T20:09:54","guid":{"rendered":"https:\/\/violmax.pl\/?post_type=product&#038;p=10967"},"modified":"2025-12-02T12:26:32","modified_gmt":"2025-12-02T11:26:32","slug":"sopot-kubek-kubas-400-ml-blacha","status":"publish","type":"product","link":"https:\/\/violmax.pl\/index.php\/produkt\/sopot-kubek-kubas-400-ml-blacha\/","title":{"rendered":"SOPOT, KUBEK &#8220;KUBAS&#8221; 400 ML, KRZYWY DOMEK, BLACHA"},"content":{"rendered":"<p><img loading=\"lazy\" class=\"alignnone size-medium wp-image-10950\" src=\"https:\/\/violmax.pl\/wp-content\/uploads\/2024\/05\/Sopot_kubek_kubas_400_ml_blacha-300x300.png\" alt=\"\" width=\"300\" height=\"300\" srcset=\"https:\/\/violmax.pl\/wp-content\/uploads\/2024\/05\/Sopot_kubek_kubas_400_ml_blacha-300x300.png 300w, https:\/\/violmax.pl\/wp-content\/uploads\/2024\/05\/Sopot_kubek_kubas_400_ml_blacha-768x768.png 768w, https:\/\/violmax.pl\/wp-content\/uploads\/2024\/05\/Sopot_kubek_kubas_400_ml_blacha-680x680.png 680w, https:\/\/violmax.pl\/wp-content\/uploads\/2024\/05\/Sopot_kubek_kubas_400_ml_blacha-100x100.png 100w, https:\/\/violmax.pl\/wp-content\/uploads\/2024\/05\/Sopot_kubek_kubas_400_ml_blacha.png 900w\" sizes=\"(max-width: 300px) 100vw, 300px\" \/><\/p>\n<p>Kubek &#8220;KUBAS&#8221; o pojemno\u015bci 400 ml. Wykonany jest z wysokiej jako\u015bci szk\u0142a . Kubek ozdobiony jest metalowym odlewem przedstawiaj\u0105cym &#8220;Krzywy Domek&#8221; w Sopocie. Bardzo pi\u0119kna pami\u0105tka z niepowtarzalnym wzorem i detalami. Wszystko na szkle wykonane jest w taki spos\u00f3b by wzbudza\u0142o zachwyt. Takie pami\u0105tki czy prezenty zawsze b\u0119d\u0105 trafione. Idealna pami\u0105tka z nad morza.<\/p>\n","protected":false},"excerpt":{"rendered":"<p><img loading=\"lazy\" class=\"alignnone size-full wp-image-5364\" src=\"http:\/\/violmax.pl\/wp-content\/uploads\/2020\/10\/VIOLMAX_POLSKA-3.jpg\" alt=\"\" width=\"300\" height=\"28\" \/><\/p>\n<p>&nbsp;<\/p>\n<p>Kubek &#8220;KUBAS&#8221; o pojemno\u015bci 400 ml. Wykonany jest z wysokiej jako\u015bci szk\u0142a . Kubek ozdobiony jest metalowym odlewem przedstawiaj\u0105cym &#8220;Krzywy Domek&#8221; w Sopocie. Bardzo pi\u0119kna pami\u0105tka z niepowtarzalnym wzorem i detalami. Wszystko na szkle wykonane jest w taki spos\u00f3b by wzbudza\u0142o zachwyt. Takie pami\u0105tki czy prezenty zawsze b\u0119d\u0105 trafione. Idealna pami\u0105tka z nad morza.<\/p>\n<p><strong><em>Minimalna ilo\u015b\u0107 zam\u00f3wienia &#8211; 6 sztuk (1 opakowanie)<\/em><br \/>\n<\/strong><\/p>\n<p><strong><em>Towar sprzedawany na opakowania<\/em><\/strong><\/p>\n<h3><span style=\"color: #ff0000;\">PRZY DODAWANIU DO KOSZYKA, NALE\u017bY DODAWA\u0106 KROTNO\u015a\u0106\u00a0 LICZBY 6 &#8211; (1 opak)\u00a0 np: 6 ; 12 ; 18 itd<\/span><\/h3>\n<h3><strong>CENA ZA SZTUK\u0118.<\/strong><\/h3>\n","protected":false},"featured_media":10950,"comment_status":"open","ping_status":"closed","template":"","meta":[],"_links":{"self":[{"href":"https:\/\/violmax.pl\/index.php\/wp-json\/wp\/v2\/product\/10967"}],"collection":[{"href":"https:\/\/violmax.pl\/index.php\/wp-json\/wp\/v2\/product"}],"about":[{"href":"https:\/\/violmax.pl\/index.php\/wp-json\/wp\/v2\/types\/product"}],"replies":[{"embeddable":true,"href":"https:\/\/violmax.pl\/index.php\/wp-json\/wp\/v2\/comments?post=10967"}],"wp:featuredmedia":[{"embeddable":true,"href":"https:\/\/violmax.pl\/index.php\/wp-json\/wp\/v2\/media\/10950"}],"wp:attachment":[{"href":"https:\/\/violmax.pl\/index.php\/wp-json\/wp\/v2\/media?parent=10967"}],"curies":[{"name":"wp","href":"https:\/\/api.w.org\/{rel}","templated":true}]}}