{"id":1087,"date":"2019-09-05T15:19:28","date_gmt":"2019-09-05T13:19:28","guid":{"rendered":"http:\/\/violmax.wroclaw.pl\/?post_type=product&#038;p=1087"},"modified":"2025-12-02T13:29:53","modified_gmt":"2025-12-02T12:29:53","slug":"polanica-zdroj-szklanka-do-piwa-05-litra-pijalnia-szron","status":"publish","type":"product","link":"https:\/\/violmax.pl\/index.php\/produkt\/polanica-zdroj-szklanka-do-piwa-05-litra-pijalnia-szron\/","title":{"rendered":"POLANICA ZDR\u00d3J, SZKLANKA DO PIWA &#8220;KROSNO&#8221; 0,5 LITRA, PIJALNIA SZRON"},"content":{"rendered":"<p><img loading=\"lazy\" class=\"alignnone size-medium wp-image-1090\" src=\"http:\/\/violmax.pl\/wp-content\/uploads\/2019\/09\/SZKLANKA-PIWO-STRONA-2-224x300.jpg\" alt=\"\" width=\"224\" height=\"300\" \/><img loading=\"lazy\" class=\"alignnone size-medium wp-image-1089\" src=\"http:\/\/violmax.pl\/wp-content\/uploads\/2019\/09\/SZKLANKA-PIWO-STRONA-1-180x300.jpg\" alt=\"\" width=\"180\" height=\"300\" \/><\/p>\n<p>Szklanka do piwa o pojemno\u015bci 0,5 litra z wypiaskowanym motywem charakterystycznym dla Polanicy Zdr\u00f3j oraz do po\u0142owy w szronie. Na szklance widnieje napis \u201dPolanica Zdr\u00f3j\u201d. Zwyk\u0142a szklanka dzi\u0119ki precyzyjnemu piaskowaniu nabra\u0142a oryginalno\u015bci. Idealna pami\u0105tka z g\u00f3r.<\/p>\n","protected":false},"excerpt":{"rendered":"<div class=\"woocommerce-product-details__short-description\">\n<p><img loading=\"lazy\" class=\"alignnone size-full wp-image-5364\" src=\"http:\/\/violmax.pl\/wp-content\/uploads\/2020\/10\/VIOLMAX_POLSKA-3.jpg\" alt=\"\" width=\"300\" height=\"28\" \/><\/p>\n<p>&nbsp;<\/p>\n<p>Szklanka do piwa o pojemno\u015bci 0,5 litra z wypiaskowanym motywem charakterystycznym dla Polanicy Zdr\u00f3j oraz do po\u0142owy w szronie. Na szklance widnieje napis \u201dPolanica Zdr\u00f3j\u201d. Zwyk\u0142a szklanka dzi\u0119ki precyzyjnemu piaskowaniu nabra\u0142a oryginalno\u015bci. Idealna pami\u0105tka z g\u00f3r.<\/p>\n<p><strong><em>Minimalna ilo\u015b\u0107 zam\u00f3wienia \u2013 6 sztuk (1 opakowanie)<\/em><br \/>\n<\/strong><\/p>\n<p><strong><em>Towar sprzedawany na opakowania<\/em><\/strong><\/p>\n<h3><span style=\"color: #ff0000;\">PRZY DODAWANIU DO KOSZYKA, NALE\u017bY DODAWA\u0106 KROTNO\u015a\u0106\u00a0 LICZBY 6 &#8211; (1 opak)\u00a0 np: 6 ; 12 ; 18 itd<\/span><\/h3>\n<h3><strong>CENA ZA SZTUK\u0118.<\/strong><\/h3>\n<\/div>\n","protected":false},"featured_media":1090,"comment_status":"open","ping_status":"closed","template":"","meta":[],"_links":{"self":[{"href":"https:\/\/violmax.pl\/index.php\/wp-json\/wp\/v2\/product\/1087"}],"collection":[{"href":"https:\/\/violmax.pl\/index.php\/wp-json\/wp\/v2\/product"}],"about":[{"href":"https:\/\/violmax.pl\/index.php\/wp-json\/wp\/v2\/types\/product"}],"replies":[{"embeddable":true,"href":"https:\/\/violmax.pl\/index.php\/wp-json\/wp\/v2\/comments?post=1087"}],"wp:featuredmedia":[{"embeddable":true,"href":"https:\/\/violmax.pl\/index.php\/wp-json\/wp\/v2\/media\/1090"}],"wp:attachment":[{"href":"https:\/\/violmax.pl\/index.php\/wp-json\/wp\/v2\/media?parent=1087"}],"curies":[{"name":"wp","href":"https:\/\/api.w.org\/{rel}","templated":true}]}}