{"id":10789,"date":"2024-03-20T14:16:47","date_gmt":"2024-03-20T13:16:47","guid":{"rendered":"https:\/\/violmax.pl\/?post_type=product&#038;p=10789"},"modified":"2025-12-02T12:26:46","modified_gmt":"2025-12-02T11:26:46","slug":"kolobrzeg-kufel-do-piwa-chmiel-500-ml-dar-pomorza-kolor","status":"publish","type":"product","link":"https:\/\/violmax.pl\/index.php\/produkt\/kolobrzeg-kufel-do-piwa-chmiel-500-ml-dar-pomorza-kolor\/","title":{"rendered":"KO\u0141OBRZEG, KUFEL DO PIWA &#8220;CHMIEL&#8221; 500 ML, \u017bAGLOWIEC &#8220;DAR POMORZA&#8221;, KOLOR"},"content":{"rendered":"<p><img loading=\"lazy\" class=\"alignnone size-medium wp-image-10705\" src=\"https:\/\/violmax.pl\/wp-content\/uploads\/2024\/03\/kolobrzeg_kufel_do_piwa_chmiel_500_ml_dar_pomorza_kolor-300x240.png\" alt=\"\" width=\"300\" height=\"240\" srcset=\"https:\/\/violmax.pl\/wp-content\/uploads\/2024\/03\/kolobrzeg_kufel_do_piwa_chmiel_500_ml_dar_pomorza_kolor-300x240.png 300w, https:\/\/violmax.pl\/wp-content\/uploads\/2024\/03\/kolobrzeg_kufel_do_piwa_chmiel_500_ml_dar_pomorza_kolor-768x614.png 768w, https:\/\/violmax.pl\/wp-content\/uploads\/2024\/03\/kolobrzeg_kufel_do_piwa_chmiel_500_ml_dar_pomorza_kolor-320x256.png 320w, https:\/\/violmax.pl\/wp-content\/uploads\/2024\/03\/kolobrzeg_kufel_do_piwa_chmiel_500_ml_dar_pomorza_kolor-680x544.png 680w, https:\/\/violmax.pl\/wp-content\/uploads\/2024\/03\/kolobrzeg_kufel_do_piwa_chmiel_500_ml_dar_pomorza_kolor.png 900w\" sizes=\"(max-width: 300px) 100vw, 300px\" \/><\/p>\n<p>&nbsp;<\/p>\n<p>Kufel do piwa \u201dCHMIEL\u201d o litra\u017cu 0,5 litra. Ozdobiony jest pod\u0142u\u017cnymi wy\u017c\u0142obionymi pasami.\u00a0 Zosta\u0142 umieszczony na nim metalowy odlew przedstawiaj\u0105cy \u017caglowiec &#8220;Dar Pomorza&#8221; w kolorze. Wykonany zosta\u0142 z wysokiej jako\u015bci szk\u0142a. Na pami\u0105tce zosta\u0142a umieszczona tak\u017ce szarfa z metalu, z nazw\u0105 miejscowo\u015bci &#8221;Ko\u0142obrzeg&#8221;. Bardzo wygodny, klasyczny kufel do piwa, kt\u00f3ry dzi\u0119ki takiemu okaza\u0142emu zdobieniu nabra\u0142 oryginalno\u015bci. Idealna pami\u0105tka z Ko\u0142obrzegu.<\/p>\n","protected":false},"excerpt":{"rendered":"<p><img loading=\"lazy\" class=\"alignnone size-full wp-image-5364\" src=\"http:\/\/violmax.pl\/wp-content\/uploads\/2020\/10\/VIOLMAX_POLSKA-3.jpg\" alt=\"\" width=\"300\" height=\"28\" \/><\/p>\n<p>&nbsp;<\/p>\n<p>Kufel do piwa \u201dCHMIEL\u201d o litra\u017cu 0,5 litra. Ozdobiony jest pod\u0142u\u017cnymi wy\u017c\u0142obionymi pasami.\u00a0 Zosta\u0142 umieszczony na nim metalowy odlew przedstawiaj\u0105cy \u017caglowiec &#8220;Dar Pomorza&#8221; w kolorze. Wykonany zosta\u0142 z wysokiej jako\u015bci szk\u0142a. Na pami\u0105tce zosta\u0142a umieszczona tak\u017ce szarfa z metalu, z nazw\u0105 miejscowo\u015bci &#8221;Ko\u0142obrzeg&#8221;. Bardzo wygodny, klasyczny kufel do piwa, kt\u00f3ry dzi\u0119ki takiemu okaza\u0142emu zdobieniu nabra\u0142 oryginalno\u015bci. Idealna pami\u0105tka z Ko\u0142obrzegu.<\/p>\n<p><strong><em>Minimalna ilo\u015b\u0107 zam\u00f3wienia &#8211; 6 sztuk (1 opakowanie)<\/em><\/strong><\/p>\n<p><strong><em>Towar sprzedawany na opakowania<\/em><\/strong><\/p>\n<h3><span style=\"color: #ff0000;\">PRZY DODAWANIU DO KOSZYKA, NALE\u017bY DODAWA\u0106 KROTNO\u015a\u0106\u00a0 6 SZT &#8211; 1 OPAKOWANIE<\/span><\/h3>\n<h3><strong>CENA ZA SZTUK\u0118.<\/strong><\/h3>\n","protected":false},"featured_media":10705,"comment_status":"open","ping_status":"closed","template":"","meta":[],"_links":{"self":[{"href":"https:\/\/violmax.pl\/index.php\/wp-json\/wp\/v2\/product\/10789"}],"collection":[{"href":"https:\/\/violmax.pl\/index.php\/wp-json\/wp\/v2\/product"}],"about":[{"href":"https:\/\/violmax.pl\/index.php\/wp-json\/wp\/v2\/types\/product"}],"replies":[{"embeddable":true,"href":"https:\/\/violmax.pl\/index.php\/wp-json\/wp\/v2\/comments?post=10789"}],"wp:featuredmedia":[{"embeddable":true,"href":"https:\/\/violmax.pl\/index.php\/wp-json\/wp\/v2\/media\/10705"}],"wp:attachment":[{"href":"https:\/\/violmax.pl\/index.php\/wp-json\/wp\/v2\/media?parent=10789"}],"curies":[{"name":"wp","href":"https:\/\/api.w.org\/{rel}","templated":true}]}}