{"id":10696,"date":"2024-03-17T17:56:11","date_gmt":"2024-03-17T16:56:11","guid":{"rendered":"https:\/\/violmax.pl\/?post_type=product&#038;p=10696"},"modified":"2025-12-02T12:28:25","modified_gmt":"2025-12-02T11:28:25","slug":"krakow-karafka-lamana-750-ml-wawel-dorozka-szron","status":"publish","type":"product","link":"https:\/\/violmax.pl\/index.php\/produkt\/krakow-karafka-lamana-750-ml-wawel-dorozka-szron\/","title":{"rendered":"KRAK\u00d3W, KARAFKA &#8220;\u0141AMANA&#8221; 750 ML, ZAMEK KR\u00d3LEWSKI I DORO\u017bKA KRAKOWSKA, SZRON + KARTON"},"content":{"rendered":"<p><img loading=\"lazy\" class=\"alignnone size-medium wp-image-10622\" src=\"https:\/\/violmax.pl\/wp-content\/uploads\/2024\/03\/krakow_karafka_lamana_750_ml_wawel_dorozka_szron-300x300.png\" alt=\"\" width=\"300\" height=\"300\" srcset=\"https:\/\/violmax.pl\/wp-content\/uploads\/2024\/03\/krakow_karafka_lamana_750_ml_wawel_dorozka_szron-300x300.png 300w, https:\/\/violmax.pl\/wp-content\/uploads\/2024\/03\/krakow_karafka_lamana_750_ml_wawel_dorozka_szron-768x768.png 768w, https:\/\/violmax.pl\/wp-content\/uploads\/2024\/03\/krakow_karafka_lamana_750_ml_wawel_dorozka_szron-680x680.png 680w, https:\/\/violmax.pl\/wp-content\/uploads\/2024\/03\/krakow_karafka_lamana_750_ml_wawel_dorozka_szron-100x100.png 100w, https:\/\/violmax.pl\/wp-content\/uploads\/2024\/03\/krakow_karafka_lamana_750_ml_wawel_dorozka_szron.png 900w\" sizes=\"(max-width: 300px) 100vw, 300px\" \/><img loading=\"lazy\" class=\"alignnone size-medium wp-image-10621\" src=\"https:\/\/violmax.pl\/wp-content\/uploads\/2024\/03\/krakow_karafka_lamana_750_ml_pudelko_szron-300x200.png\" alt=\"\" width=\"300\" height=\"200\" srcset=\"https:\/\/violmax.pl\/wp-content\/uploads\/2024\/03\/krakow_karafka_lamana_750_ml_pudelko_szron-300x200.png 300w, https:\/\/violmax.pl\/wp-content\/uploads\/2024\/03\/krakow_karafka_lamana_750_ml_pudelko_szron-768x512.png 768w, https:\/\/violmax.pl\/wp-content\/uploads\/2024\/03\/krakow_karafka_lamana_750_ml_pudelko_szron-680x453.png 680w, https:\/\/violmax.pl\/wp-content\/uploads\/2024\/03\/krakow_karafka_lamana_750_ml_pudelko_szron.png 900w\" sizes=\"(max-width: 300px) 100vw, 300px\" \/><\/p>\n<p>Karafka &#8220;\u0141AMANA&#8221; o litra\u017cu 0,75 litra . Jest wypiaskowana, co sprawia \u017ce wygl\u0105da jak by by\u0142a zmro\u017cona. Ozdobiona jest z jednej strony &#8220;ZAMKIEM KR\u00d3LEWSKIM NA WAWELU&#8221; a z drugiej strony :DORO\u017bK\u0104 KRAKOWSK\u0104&#8221;. Karafka mo\u017ce s\u0142u\u017cy\u0107 jako nietuzinkowy, szklany prezent lub ozdobny flakon na nalewki, wina, koniaki. Karafka jest wykonana r\u0119cznie. Pi\u0119kna, okaza\u0142a ( 26 cm wysoko\u015bci ) pami\u0105tka z Krakowa, kt\u00f3ra zachwyci ka\u017cdego. Nadaje si\u0119 do mycia w zmywarce.<\/p>\n","protected":false},"excerpt":{"rendered":"<p><img loading=\"lazy\" class=\"alignnone size-full wp-image-5364\" src=\"http:\/\/violmax.pl\/wp-content\/uploads\/2020\/10\/VIOLMAX_POLSKA-3.jpg\" alt=\"\" width=\"300\" height=\"28\" \/><\/p>\n<p>&nbsp;<\/p>\n<p>Karafka &#8220;\u0141AMANA&#8221; o litra\u017cu 0,75 litra . Jest wypiaskowana, co sprawia \u017ce wygl\u0105da jak by by\u0142a zmro\u017cona. Ozdobiona jest z jednej strony &#8220;ZAMKIEM KR\u00d3LEWSKIM NA WAWELU&#8221; a z drugiej strony :DORO\u017bK\u0104 KRAKOWSK\u0104&#8221;. Karafka mo\u017ce s\u0142u\u017cy\u0107 jako nietuzinkowy, szklany prezent lub ozdobny flakon na nalewki, wina, koniaki. Karafka jest wykonana r\u0119cznie. Pi\u0119kna, okaza\u0142a ( 26 cm wysoko\u015bci ) pami\u0105tka z Krakowa, kt\u00f3ra zachwyci ka\u017cdego. Nadaje si\u0119 do mycia w zmywarce.<\/p>\n<p><em><strong>Minimalna ilo\u015b\u0107 zam\u00f3wienia &#8211; 1 sztuka<\/strong><\/em><\/p>\n<h2><strong>CENA ZA SZTUK\u0118<\/strong><\/h2>\n","protected":false},"featured_media":10622,"comment_status":"open","ping_status":"closed","template":"","meta":[],"_links":{"self":[{"href":"https:\/\/violmax.pl\/index.php\/wp-json\/wp\/v2\/product\/10696"}],"collection":[{"href":"https:\/\/violmax.pl\/index.php\/wp-json\/wp\/v2\/product"}],"about":[{"href":"https:\/\/violmax.pl\/index.php\/wp-json\/wp\/v2\/types\/product"}],"replies":[{"embeddable":true,"href":"https:\/\/violmax.pl\/index.php\/wp-json\/wp\/v2\/comments?post=10696"}],"wp:featuredmedia":[{"embeddable":true,"href":"https:\/\/violmax.pl\/index.php\/wp-json\/wp\/v2\/media\/10622"}],"wp:attachment":[{"href":"https:\/\/violmax.pl\/index.php\/wp-json\/wp\/v2\/media?parent=10696"}],"curies":[{"name":"wp","href":"https:\/\/api.w.org\/{rel}","templated":true}]}}