{"id":10688,"date":"2024-03-17T17:42:55","date_gmt":"2024-03-17T16:42:55","guid":{"rendered":"https:\/\/violmax.pl\/?post_type=product&#038;p=10688"},"modified":"2025-12-02T12:28:26","modified_gmt":"2025-12-02T11:28:26","slug":"krakow-kieliszek-do-wody-375-ml-dorozka-szron","status":"publish","type":"product","link":"https:\/\/violmax.pl\/index.php\/produkt\/krakow-kieliszek-do-wody-375-ml-dorozka-szron\/","title":{"rendered":"KRAK\u00d3W, KIELISZEK DO WODY 375 ML, DORO\u017bKA KRAKOWSKA, SZRON"},"content":{"rendered":"<p><img loading=\"lazy\" class=\"alignnone size-medium wp-image-10626\" src=\"https:\/\/violmax.pl\/wp-content\/uploads\/2024\/03\/krakow_kieliszek_do_wody_375_ml_dorozka_szron-300x300.png\" alt=\"\" width=\"300\" height=\"300\" srcset=\"https:\/\/violmax.pl\/wp-content\/uploads\/2024\/03\/krakow_kieliszek_do_wody_375_ml_dorozka_szron-300x300.png 300w, https:\/\/violmax.pl\/wp-content\/uploads\/2024\/03\/krakow_kieliszek_do_wody_375_ml_dorozka_szron-768x768.png 768w, https:\/\/violmax.pl\/wp-content\/uploads\/2024\/03\/krakow_kieliszek_do_wody_375_ml_dorozka_szron-680x680.png 680w, https:\/\/violmax.pl\/wp-content\/uploads\/2024\/03\/krakow_kieliszek_do_wody_375_ml_dorozka_szron-100x100.png 100w, https:\/\/violmax.pl\/wp-content\/uploads\/2024\/03\/krakow_kieliszek_do_wody_375_ml_dorozka_szron.png 900w\" sizes=\"(max-width: 300px) 100vw, 300px\" \/><\/p>\n<p>&nbsp;<\/p>\n<p>Kieliszek do wody 375 ml. Elegancki kieliszek, wypiaskowany z motywami typowymi dla Krakowa, &#8220;DORO\u017bK\u0104 KRAKOWSK\u0104&#8221;. Wysokiej jako\u015bci szk\u0142o, porz\u0105dne, wygodne dla ka\u017cdej d\u0142oni. Znakomicie sprawdzi si\u0119 jako ozdoba w domu, prezent. Dzi\u0119ki zdobieniu metod\u0105 piaskowania, sprawia wra\u017cenie jak by by\u0142 zmro\u017cony. Idealna pami\u0105tka z Krakowa. Nadaje si\u0119 do mycia w zmywarce.<\/p>\n","protected":false},"excerpt":{"rendered":"<p><img loading=\"lazy\" class=\"alignnone size-medium wp-image-4074\" src=\"http:\/\/violmax.pl\/wp-content\/uploads\/2020\/05\/VIOLMAX_POLSKA-11-300x28.jpg\" alt=\"\" width=\"300\" height=\"28\" \/><\/p>\n<p>&nbsp;<\/p>\n<p>Kieliszek do wody 375 ml. Elegancki kieliszek, wypiaskowany z motywami typowymi dla Krakowa, &#8220;DORO\u017bK\u0104 KRAKOWSK\u0104&#8221;. Wysokiej jako\u015bci szk\u0142o, porz\u0105dne, wygodne dla ka\u017cdej d\u0142oni. Znakomicie sprawdzi si\u0119 jako ozdoba w domu, prezent. Dzi\u0119ki zdobieniu metod\u0105 piaskowania, sprawia wra\u017cenie jak by by\u0142 zmro\u017cony. Idealna pami\u0105tka z Krakowa. Nadaje si\u0119 do mycia w zmywarce.<\/p>\n<p><strong><em>Minimalna ilo\u015b\u0107 zam\u00f3wienia &#8211; 6 sztuk (1 opakowanie)<\/em><br \/>\n<\/strong><\/p>\n<p><strong><em>Towar sprzedawany na opakowania<\/em><\/strong><\/p>\n<h3><span style=\"color: #ff0000;\">PRZY DODAWANIU DO KOSZYKA, NALE\u017bY DODAWA\u0106 KROTNO\u015a\u0106\u00a0 LICZBY 6 &#8211; (1 opak)\u00a0 np: 6 ; 12 ; 18 itd<\/span><\/h3>\n<h3><strong>CENA ZA SZTUK\u0118.<\/strong><\/h3>\n","protected":false},"featured_media":10626,"comment_status":"open","ping_status":"closed","template":"","meta":[],"_links":{"self":[{"href":"https:\/\/violmax.pl\/index.php\/wp-json\/wp\/v2\/product\/10688"}],"collection":[{"href":"https:\/\/violmax.pl\/index.php\/wp-json\/wp\/v2\/product"}],"about":[{"href":"https:\/\/violmax.pl\/index.php\/wp-json\/wp\/v2\/types\/product"}],"replies":[{"embeddable":true,"href":"https:\/\/violmax.pl\/index.php\/wp-json\/wp\/v2\/comments?post=10688"}],"wp:featuredmedia":[{"embeddable":true,"href":"https:\/\/violmax.pl\/index.php\/wp-json\/wp\/v2\/media\/10626"}],"wp:attachment":[{"href":"https:\/\/violmax.pl\/index.php\/wp-json\/wp\/v2\/media?parent=10688"}],"curies":[{"name":"wp","href":"https:\/\/api.w.org\/{rel}","templated":true}]}}