{"id":10656,"date":"2024-03-17T16:34:32","date_gmt":"2024-03-17T15:34:32","guid":{"rendered":"https:\/\/violmax.pl\/?post_type=product&#038;p=10656"},"modified":"2025-12-02T12:28:31","modified_gmt":"2025-12-02T11:28:31","slug":"krakow-szklanka-do-wody-terenia-350-ml-wawel-szron","status":"publish","type":"product","link":"https:\/\/violmax.pl\/index.php\/produkt\/krakow-szklanka-do-wody-terenia-350-ml-wawel-szron\/","title":{"rendered":"KRAK\u00d3W, SZKLANKA DO WODY &#8220;TERENIA&#8221; 350 ML, ZAMEK KR\u00d3LEWSKI NA WAWELU, SZRON"},"content":{"rendered":"<p><img loading=\"lazy\" class=\"alignnone size-medium wp-image-10645\" src=\"https:\/\/violmax.pl\/wp-content\/uploads\/2024\/03\/krakow_szklanka_do_wody_terenia_350_ml_wawel_szron-300x240.png\" alt=\"\" width=\"300\" height=\"240\" srcset=\"https:\/\/violmax.pl\/wp-content\/uploads\/2024\/03\/krakow_szklanka_do_wody_terenia_350_ml_wawel_szron-300x240.png 300w, https:\/\/violmax.pl\/wp-content\/uploads\/2024\/03\/krakow_szklanka_do_wody_terenia_350_ml_wawel_szron-768x614.png 768w, https:\/\/violmax.pl\/wp-content\/uploads\/2024\/03\/krakow_szklanka_do_wody_terenia_350_ml_wawel_szron-320x256.png 320w, https:\/\/violmax.pl\/wp-content\/uploads\/2024\/03\/krakow_szklanka_do_wody_terenia_350_ml_wawel_szron-680x544.png 680w, https:\/\/violmax.pl\/wp-content\/uploads\/2024\/03\/krakow_szklanka_do_wody_terenia_350_ml_wawel_szron.png 900w\" sizes=\"(max-width: 300px) 100vw, 300px\" \/><\/p>\n<p>Szklanka do wody &#8216;TERENIA&#8221; o pojemno\u015bci 350 ml. Ca\u0142a szklanka jest precyzyjnie wypiaskowana. Widnieje na niej wypiaskowany &#8220;ZAMEK KR\u00d3LEWSKI NA WAWELU&#8221; oraz z ty\u0142u napis \u201dKrak\u00f3w\u201d. Bardzo wygodnie utrzymuje si\u0119 w d\u0142oni. Dno szklanki ozdobione jest faktur\u0105 przypominaj\u0105c\u0105 cytryn\u0119, co powoduje dodatkowy efekt wizualny. Dzi\u0119ki zdobieniu metod\u0105 piaskowania, szklanka nadaje si\u0119 do mycia w zmywarkach. Idealna pami\u0105tka z Krakowa.<\/p>\n<p>Istnieje mo\u017cliwo\u015b\u0107 zdobienia w innym wzorze, pod zam\u00f3wienie klienta.<\/p>\n","protected":false},"excerpt":{"rendered":"<div class=\"woocommerce-product-details__short-description\">\n<p><img loading=\"lazy\" class=\"alignnone size-full wp-image-5364\" src=\"http:\/\/violmax.pl\/wp-content\/uploads\/2020\/10\/VIOLMAX_POLSKA-3.jpg\" alt=\"\" width=\"300\" height=\"28\" \/><\/p>\n<p>&nbsp;<\/p>\n<p>Szklanka do wody &#8216;TERENIA&#8221; o pojemno\u015bci 350 ml. Ca\u0142a szklanka jest precyzyjnie wypiaskowana. Widnieje na niej wypiaskowany &#8220;ZAMEK KR\u00d3LEWSKI NA WAWELU&#8221; oraz z ty\u0142u napis \u201dKrak\u00f3w\u201d. Bardzo wygodnie utrzymuje si\u0119 w d\u0142oni. Dno szklanki ozdobione jest faktur\u0105 przypominaj\u0105c\u0105 cytryn\u0119, co powoduje dodatkowy efekt wizualny. Dzi\u0119ki zdobieniu metod\u0105 piaskowania, szklanka nadaje si\u0119 do mycia w zmywarkach. Idealna pami\u0105tka z Krakowa.<\/p>\n<p>Istnieje mo\u017cliwo\u015b\u0107 zdobienia w innym wzorze, pod zam\u00f3wienie klienta.<\/p>\n<p><strong><em>Minimalna ilo\u015b\u0107 zam\u00f3wienia \u2013 3 sztuk (1 opakowanie)<\/em><br \/>\n<\/strong><\/p>\n<p><strong><em>Towar sprzedawany na opakowania<\/em><\/strong><\/p>\n<h3><span style=\"color: #ff0000;\">PRZY DODAWANIU DO KOSZYKA, NALE\u017bY DODAWA\u0106 KROTNO\u015a\u0106\u00a0 LICZBY 6 &#8211; (1 opak)\u00a0 np: 3 ; 6 ; 9 itd<\/span><\/h3>\n<h3><strong>CENA ZA SZTUK\u0118.<\/strong><\/h3>\n<\/div>\n","protected":false},"featured_media":10645,"comment_status":"open","ping_status":"closed","template":"","meta":[],"_links":{"self":[{"href":"https:\/\/violmax.pl\/index.php\/wp-json\/wp\/v2\/product\/10656"}],"collection":[{"href":"https:\/\/violmax.pl\/index.php\/wp-json\/wp\/v2\/product"}],"about":[{"href":"https:\/\/violmax.pl\/index.php\/wp-json\/wp\/v2\/types\/product"}],"replies":[{"embeddable":true,"href":"https:\/\/violmax.pl\/index.php\/wp-json\/wp\/v2\/comments?post=10656"}],"wp:featuredmedia":[{"embeddable":true,"href":"https:\/\/violmax.pl\/index.php\/wp-json\/wp\/v2\/media\/10645"}],"wp:attachment":[{"href":"https:\/\/violmax.pl\/index.php\/wp-json\/wp\/v2\/media?parent=10656"}],"curies":[{"name":"wp","href":"https:\/\/api.w.org\/{rel}","templated":true}]}}