{"id":10598,"date":"2024-03-08T11:06:30","date_gmt":"2024-03-08T10:06:30","guid":{"rendered":"https:\/\/violmax.pl\/?post_type=product&#038;p=10598"},"modified":"2025-12-02T12:28:34","modified_gmt":"2025-12-02T11:28:34","slug":"bieszczady-kubek-jumbo-400ml-wilk-glowa-szron","status":"publish","type":"product","link":"https:\/\/violmax.pl\/index.php\/produkt\/bieszczady-kubek-jumbo-400ml-wilk-glowa-szron\/","title":{"rendered":"BIESZCZADY, KUBEK &#8220;JUMBO&#8221; 400 ML, G\u0141OWA WILKA, SZRON"},"content":{"rendered":"<p><img loading=\"lazy\" class=\"alignnone size-medium wp-image-12137\" src=\"https:\/\/violmax.pl\/wp-content\/uploads\/2025\/03\/bieszczady_kubek_jumbo_400ml_wilk_glowa_szron-500x417.jpg\" alt=\"\" width=\"500\" height=\"417\" srcset=\"https:\/\/violmax.pl\/wp-content\/uploads\/2025\/03\/bieszczady_kubek_jumbo_400ml_wilk_glowa_szron-500x417.jpg 500w, https:\/\/violmax.pl\/wp-content\/uploads\/2025\/03\/bieszczady_kubek_jumbo_400ml_wilk_glowa_szron-1024x853.jpg 1024w, https:\/\/violmax.pl\/wp-content\/uploads\/2025\/03\/bieszczady_kubek_jumbo_400ml_wilk_glowa_szron-768x640.jpg 768w, https:\/\/violmax.pl\/wp-content\/uploads\/2025\/03\/bieszczady_kubek_jumbo_400ml_wilk_glowa_szron-680x567.jpg 680w, https:\/\/violmax.pl\/wp-content\/uploads\/2025\/03\/bieszczady_kubek_jumbo_400ml_wilk_glowa_szron.jpg 1140w\" sizes=\"(max-width: 500px) 100vw, 500px\" \/><\/p>\n<p>Kubek &#8220;JUMBO&#8221; o pojemno\u015bci 400 ml . Kubek wykonany jest z bardzo trwa\u0142ego, grubego szk\u0142a o wysokiej jako\u015bci. Ozdobiony jest metod\u0105 piaskowania, co sprawia wra\u017cenie jak by by\u0142 zmro\u017cony. Ta metoda zdobienia sprawia \u017ce zdobienie jest trwa\u0142e i \u017ce kubek nie boi si\u0119 mycia w zmywarkach. Kubek przedstawia g\u0142ow\u0119 wilka a z ty\u0142u ma napis BIESZCZADY. Zdj\u0119cie przedstawia jeden kubek sfotografowany z przodu i z ty\u0142u. Idealny na pami\u0105tk\u0119 dla ka\u017cdego \u2013 kto lubi kaw\u0119, herbat\u0119 i inne napoje, \u015bwietnie si\u0119 sprawdzi do zaparzania zi\u00f3\u0142. \u015awietnie nadaje si\u0119 r\u00f3wnie\u017c do spo\u017cywania rozpuszczalnych zup chi\u0144skich w torebkach. Udana pami\u0105tka z Bieszczad. Nadaje si\u0119 do mycia w zmywarce.<\/p>\n<p>Jest mo\u017cliwo\u015b\u0107 zdobienia w innym wzorze, pod zam\u00f3wienie klienta.<\/p>\n","protected":false},"excerpt":{"rendered":"<div class=\"woocommerce-product-details__short-description\">\n<div class=\"woocommerce-product-details__short-description\">\n<div class=\"woocommerce-product-details__short-description\">\n<div class=\"woocommerce-product-details__short-description\">\n<div class=\"woocommerce-product-details__short-description\">\n<p><img loading=\"lazy\" class=\"alignnone size-medium wp-image-3492\" src=\"http:\/\/violmax.pl\/wp-content\/uploads\/2020\/05\/VIOLMAX_POLSKA-300x28.jpg\" alt=\"\" width=\"300\" height=\"28\" \/><\/p>\n<p>Kubek &#8220;JUMBO&#8221; o pojemno\u015bci 400 ml . Kubek wykonany jest z bardzo trwa\u0142ego, grubego szk\u0142a o wysokiej jako\u015bci. Ozdobiony jest metod\u0105 piaskowania, co sprawia wra\u017cenie jak by by\u0142 zmro\u017cony. Ta metoda zdobienia sprawia \u017ce zdobienie jest trwa\u0142e i \u017ce kubek nie boi si\u0119 mycia w zmywarkach. Kubek przedstawia g\u0142ow\u0119 wilka a z ty\u0142u ma napis BIESZCZADY. Zdj\u0119cie przedstawia jeden kubek sfotografowany z przodu i z ty\u0142u. Idealny na pami\u0105tk\u0119 dla ka\u017cdego \u2013 kto lubi kaw\u0119, herbat\u0119 i inne napoje, \u015bwietnie si\u0119 sprawdzi do zaparzania zi\u00f3\u0142. \u015awietnie nadaje si\u0119 r\u00f3wnie\u017c do spo\u017cywania rozpuszczalnych zup chi\u0144skich w torebkach. Udana pami\u0105tka z Bieszczad. Nadaje si\u0119 do mycia w zmywarce.<\/p>\n<p>Nadaje si\u0119 do mycia w zmywarkach.<\/p>\n<p>Istnieje mo\u017cliwo\u015b\u0107 zdobienia w innym wzorze, pod zam\u00f3wienie klienta.<\/p>\n<p><strong><em>Minimalna ilo\u015b\u0107 zam\u00f3wienia \u2013 6 sztuk (1 opakowanie)<\/em><br \/>\n<\/strong><\/p>\n<p><strong><em>Towar sprzedawany na opakowania<\/em><\/strong><\/p>\n<h3><span style=\"color: #ff0000;\">PRZY DODAWANIU DO KOSZYKA, NALE\u017bY DODAWA\u0106 KROTNO\u015a\u0106\u00a0 LICZBY 6 &#8211; (1 opak)\u00a0 np: 6 ; 12 ; 18 itd<\/span><\/h3>\n<h3><strong>CENA ZA SZTUK\u0118.<\/strong><\/h3>\n<\/div>\n<\/div>\n<\/div>\n<\/div>\n<\/div>\n","protected":false},"featured_media":12137,"comment_status":"open","ping_status":"closed","template":"","meta":[],"_links":{"self":[{"href":"https:\/\/violmax.pl\/index.php\/wp-json\/wp\/v2\/product\/10598"}],"collection":[{"href":"https:\/\/violmax.pl\/index.php\/wp-json\/wp\/v2\/product"}],"about":[{"href":"https:\/\/violmax.pl\/index.php\/wp-json\/wp\/v2\/types\/product"}],"replies":[{"embeddable":true,"href":"https:\/\/violmax.pl\/index.php\/wp-json\/wp\/v2\/comments?post=10598"}],"wp:featuredmedia":[{"embeddable":true,"href":"https:\/\/violmax.pl\/index.php\/wp-json\/wp\/v2\/media\/12137"}],"wp:attachment":[{"href":"https:\/\/violmax.pl\/index.php\/wp-json\/wp\/v2\/media?parent=10598"}],"curies":[{"name":"wp","href":"https:\/\/api.w.org\/{rel}","templated":true}]}}