{"id":10596,"date":"2024-03-08T11:04:50","date_gmt":"2024-03-08T10:04:50","guid":{"rendered":"https:\/\/violmax.pl\/?post_type=product&#038;p=10596"},"modified":"2025-12-02T12:28:34","modified_gmt":"2025-12-02T11:28:34","slug":"bieszczady-kubek-kubas-400-ml-niedzwiedz-na-skale-szron","status":"publish","type":"product","link":"https:\/\/violmax.pl\/index.php\/produkt\/bieszczady-kubek-kubas-400-ml-niedzwiedz-na-skale-szron\/","title":{"rendered":"BIESZCZADY, KUBEK &#8220;KUBAS&#8221; 400 ML, NIED\u0179WIED\u0179 NA SKALE, SZRON"},"content":{"rendered":"<p><img loading=\"lazy\" class=\"alignnone size-medium wp-image-10577\" src=\"https:\/\/violmax.pl\/wp-content\/uploads\/2024\/03\/bieszczady_kubek_kubas_400_ml_niedzwiedz_na_skale_szron-300x240.png\" alt=\"\" width=\"300\" height=\"240\" srcset=\"https:\/\/violmax.pl\/wp-content\/uploads\/2024\/03\/bieszczady_kubek_kubas_400_ml_niedzwiedz_na_skale_szron-300x240.png 300w, https:\/\/violmax.pl\/wp-content\/uploads\/2024\/03\/bieszczady_kubek_kubas_400_ml_niedzwiedz_na_skale_szron-768x614.png 768w, https:\/\/violmax.pl\/wp-content\/uploads\/2024\/03\/bieszczady_kubek_kubas_400_ml_niedzwiedz_na_skale_szron-320x256.png 320w, https:\/\/violmax.pl\/wp-content\/uploads\/2024\/03\/bieszczady_kubek_kubas_400_ml_niedzwiedz_na_skale_szron-680x544.png 680w, https:\/\/violmax.pl\/wp-content\/uploads\/2024\/03\/bieszczady_kubek_kubas_400_ml_niedzwiedz_na_skale_szron.png 900w\" sizes=\"(max-width: 300px) 100vw, 300px\" \/><\/p>\n<p>Kubek &#8220;KUBAS&#8221; o pojemno\u015bci 400 ml . Kubek wykonany jest z bardzo trwa\u0142ego, grubego szk\u0142a o wysokiej jako\u015bci. Ozdobiony jest metod\u0105 piaskowania, co sprawia wra\u017cenie jak by by\u0142 zmro\u017cony. Idealny na pami\u0105tk\u0119 dla ka\u017cdego \u2013 kto lubi kaw\u0119. \u015awietna pami\u0105tka z Bieszczad. Nadaje si\u0119 do mycia w zmywarce.<\/p>\n<p>Jest mo\u017cliwo\u015b\u0107 zdobienia w innym wzorze, pod zam\u00f3wienie klienta.<\/p>\n","protected":false},"excerpt":{"rendered":"<div class=\"woocommerce-product-details__short-description\">\n<div class=\"woocommerce-product-details__short-description\">\n<div class=\"woocommerce-product-details__short-description\">\n<div class=\"woocommerce-product-details__short-description\">\n<div class=\"woocommerce-product-details__short-description\">\n<p><img loading=\"lazy\" class=\"alignnone size-medium wp-image-3492\" src=\"http:\/\/violmax.pl\/wp-content\/uploads\/2020\/05\/VIOLMAX_POLSKA-300x28.jpg\" alt=\"\" width=\"300\" height=\"28\" \/><\/p>\n<p>Kubek &#8220;KUBAS&#8221; o pojemno\u015bci 400 ml . Kubek wykonany jest z bardzo trwa\u0142ego, grubego szk\u0142a o wysokiej jako\u015bci. Ozdobiony jest metod\u0105 piaskowania, co sprawia wra\u017cenie jak by by\u0142 zmro\u017cony. Idealny na pami\u0105tk\u0119 dla ka\u017cdego \u2013 kto lubi kaw\u0119. \u015awietna pami\u0105tka z Bieszczad. Nadaje si\u0119 do mycia w zmywarce.<\/p>\n<p>Nadaje si\u0119 do mycia w zmywarkach.<\/p>\n<p>Istnieje mo\u017cliwo\u015b\u0107 zdobienia w innym wzorze, pod zam\u00f3wienie klienta.<\/p>\n<p><strong><em>Minimalna ilo\u015b\u0107 zam\u00f3wienia \u2013 6 sztuk (1 opakowanie)<\/em><br \/>\n<\/strong><\/p>\n<p><strong><em>Towar sprzedawany na opakowania<\/em><\/strong><\/p>\n<h3><span style=\"color: #ff0000;\">PRZY DODAWANIU DO KOSZYKA, NALE\u017bY DODAWA\u0106 KROTNO\u015a\u0106\u00a0 LICZBY 6 &#8211; (1 opak)\u00a0 np: 6 ; 12 ; 18 itd<\/span><\/h3>\n<h3><strong>CENA ZA SZTUK\u0118.<\/strong><\/h3>\n<\/div>\n<\/div>\n<\/div>\n<\/div>\n<\/div>\n","protected":false},"featured_media":10577,"comment_status":"open","ping_status":"closed","template":"","meta":[],"_links":{"self":[{"href":"https:\/\/violmax.pl\/index.php\/wp-json\/wp\/v2\/product\/10596"}],"collection":[{"href":"https:\/\/violmax.pl\/index.php\/wp-json\/wp\/v2\/product"}],"about":[{"href":"https:\/\/violmax.pl\/index.php\/wp-json\/wp\/v2\/types\/product"}],"replies":[{"embeddable":true,"href":"https:\/\/violmax.pl\/index.php\/wp-json\/wp\/v2\/comments?post=10596"}],"wp:featuredmedia":[{"embeddable":true,"href":"https:\/\/violmax.pl\/index.php\/wp-json\/wp\/v2\/media\/10577"}],"wp:attachment":[{"href":"https:\/\/violmax.pl\/index.php\/wp-json\/wp\/v2\/media?parent=10596"}],"curies":[{"name":"wp","href":"https:\/\/api.w.org\/{rel}","templated":true}]}}