{"id":10520,"date":"2024-02-27T20:56:06","date_gmt":"2024-02-27T19:56:06","guid":{"rendered":"https:\/\/violmax.pl\/?post_type=product&#038;p=10520"},"modified":"2025-12-02T12:28:42","modified_gmt":"2025-12-02T11:28:42","slug":"bieszczady-mini-kufelek-25-ml-szron-2","status":"publish","type":"product","link":"https:\/\/violmax.pl\/index.php\/produkt\/bieszczady-mini-kufelek-25-ml-szron-2\/","title":{"rendered":"BIESZCZADY, MINI KUFELEK DO W\u00d3DKI &#8220;RYSIO 30&#8221; ML. WILKI i NIED\u0179WIEDZIE SZRON"},"content":{"rendered":"<p><img loading=\"lazy\" class=\"alignnone size-medium wp-image-10508\" src=\"https:\/\/violmax.pl\/wp-content\/uploads\/2024\/02\/bieszczady_mini_kufelek_25_ml_szron-300x300.png\" alt=\"\" width=\"300\" height=\"300\" srcset=\"https:\/\/violmax.pl\/wp-content\/uploads\/2024\/02\/bieszczady_mini_kufelek_25_ml_szron-300x300.png 300w, https:\/\/violmax.pl\/wp-content\/uploads\/2024\/02\/bieszczady_mini_kufelek_25_ml_szron-768x768.png 768w, https:\/\/violmax.pl\/wp-content\/uploads\/2024\/02\/bieszczady_mini_kufelek_25_ml_szron-680x680.png 680w, https:\/\/violmax.pl\/wp-content\/uploads\/2024\/02\/bieszczady_mini_kufelek_25_ml_szron-100x100.png 100w, https:\/\/violmax.pl\/wp-content\/uploads\/2024\/02\/bieszczady_mini_kufelek_25_ml_szron.png 900w\" sizes=\"(max-width: 300px) 100vw, 300px\" \/><\/p>\n<p>Mini kufelek do w\u00f3dki o pojemno\u015bci 30 ml. Zosta\u0142 on ozdobiony metod\u0105 piaskowania i przedstawia wilki i nied\u017awiedzie. Mini kufelek pomimo ma\u0142ego rozmiaru robi ogromne wra\u017cenie. Po\u0142\u0105czenie praktycznej rzeczy z oryginaln\u0105 pami\u0105tk\u0105 i ozdob\u0105 np. w kuchennej szafce czy eleganckim barku, w salonie. Idealna pami\u0105tka z Bieszczad.<\/p>\n","protected":false},"excerpt":{"rendered":"<div class=\"woocommerce-product-details__short-description\">\n<p><img loading=\"lazy\" class=\"alignnone size-medium wp-image-3492\" src=\"http:\/\/violmax.pl\/wp-content\/uploads\/2020\/05\/VIOLMAX_POLSKA-300x28.jpg\" alt=\"\" width=\"300\" height=\"28\" \/><\/p>\n<p>&nbsp;<\/p>\n<p>Mini kufelek do w\u00f3dki o pojemno\u015bci 30 ml. Zosta\u0142 on ozdobiony metod\u0105 piaskowania i przedstawia wilki i nied\u017awiedzie. Mini kufelek pomimo ma\u0142ego rozmiaru robi ogromne wra\u017cenie. Po\u0142\u0105czenie praktycznej rzeczy z oryginaln\u0105 pami\u0105tk\u0105 i ozdob\u0105 np. w kuchennej szafce czy eleganckim barku, w salonie. Idealna pami\u0105tka z Bieszczad.<\/p>\n<p><strong><em>Minimalna ilo\u015b\u0107 zam\u00f3wienia \u2013 6 sztuk (1 opakowanie)<\/em><br \/>\n<\/strong><\/p>\n<p><strong><em>Towar sprzedawany na opakowania<\/em><\/strong><\/p>\n<h3><span style=\"color: #ff0000;\">PRZY DODAWANIU DO KOSZYKA, NALE\u017bY DODAWA\u0106 KROTNO\u015a\u0106\u00a0 LICZBY 6 &#8211; (1 opak)\u00a0 np: 6 ; 12 ; 18 itd<\/span><\/h3>\n<h3><strong>CENA ZA SZTUK\u0118.<\/strong><\/h3>\n<\/div>\n","protected":false},"featured_media":10508,"comment_status":"open","ping_status":"closed","template":"","meta":[],"_links":{"self":[{"href":"https:\/\/violmax.pl\/index.php\/wp-json\/wp\/v2\/product\/10520"}],"collection":[{"href":"https:\/\/violmax.pl\/index.php\/wp-json\/wp\/v2\/product"}],"about":[{"href":"https:\/\/violmax.pl\/index.php\/wp-json\/wp\/v2\/types\/product"}],"replies":[{"embeddable":true,"href":"https:\/\/violmax.pl\/index.php\/wp-json\/wp\/v2\/comments?post=10520"}],"wp:featuredmedia":[{"embeddable":true,"href":"https:\/\/violmax.pl\/index.php\/wp-json\/wp\/v2\/media\/10508"}],"wp:attachment":[{"href":"https:\/\/violmax.pl\/index.php\/wp-json\/wp\/v2\/media?parent=10520"}],"curies":[{"name":"wp","href":"https:\/\/api.w.org\/{rel}","templated":true}]}}