{"id":10517,"date":"2024-02-27T20:45:07","date_gmt":"2024-02-27T19:45:07","guid":{"rendered":"https:\/\/violmax.pl\/?post_type=product&#038;p=10517"},"modified":"2025-12-02T12:28:44","modified_gmt":"2025-12-02T11:28:44","slug":"krakow-mini-kufelek-25-ml-kolor-wawel-szron","status":"publish","type":"product","link":"https:\/\/violmax.pl\/index.php\/produkt\/krakow-mini-kufelek-25-ml-kolor-wawel-szron\/","title":{"rendered":"KRAK\u00d3W, MINI KUFELEK DO W\u00d3DKI &#8220;RYSIO 30&#8221; ML KOLOR WAWEL SZRON"},"content":{"rendered":"<p><img loading=\"lazy\" class=\"alignnone size-medium wp-image-10513\" src=\"https:\/\/violmax.pl\/wp-content\/uploads\/2024\/02\/krakow_mini_kufelek_25_ml_kolor_wawel_szron-300x300.png\" alt=\"\" width=\"300\" height=\"300\" srcset=\"https:\/\/violmax.pl\/wp-content\/uploads\/2024\/02\/krakow_mini_kufelek_25_ml_kolor_wawel_szron-300x300.png 300w, https:\/\/violmax.pl\/wp-content\/uploads\/2024\/02\/krakow_mini_kufelek_25_ml_kolor_wawel_szron-768x768.png 768w, https:\/\/violmax.pl\/wp-content\/uploads\/2024\/02\/krakow_mini_kufelek_25_ml_kolor_wawel_szron-680x680.png 680w, https:\/\/violmax.pl\/wp-content\/uploads\/2024\/02\/krakow_mini_kufelek_25_ml_kolor_wawel_szron-100x100.png 100w, https:\/\/violmax.pl\/wp-content\/uploads\/2024\/02\/krakow_mini_kufelek_25_ml_kolor_wawel_szron.png 900w\" sizes=\"(max-width: 300px) 100vw, 300px\" \/><\/p>\n<p>&nbsp;<\/p>\n<p>Mini kufelek do w\u00f3dki o pojemno\u015bci 30 ml. Zosta\u0142 on ozdobiony metod\u0105 piaskowania i przedstawia Zamek Kr\u00f3lewski na Wawelu. Mini kufelek pomimo ma\u0142ego rozmiaru robi ogromne wra\u017cenie. Po\u0142\u0105czenie praktycznej rzeczy z oryginaln\u0105 pami\u0105tk\u0105 i ozdob\u0105 np. w kuchennej szafce czy eleganckim barku, w salonie. Idealna pami\u0105tka z Krakowa.<\/p>\n","protected":false},"excerpt":{"rendered":"<p><img loading=\"lazy\" class=\"alignnone size-full wp-image-5364\" src=\"http:\/\/violmax.pl\/wp-content\/uploads\/2020\/10\/VIOLMAX_POLSKA-3.jpg\" alt=\"\" width=\"300\" height=\"28\" \/><\/p>\n<p>&nbsp;<\/p>\n<p>Mini kufelek do w\u00f3dki o pojemno\u015bci 30 ml. Zosta\u0142 on ozdobiony metod\u0105 piaskowania i przedstawia Zamek Kr\u00f3lewski na Wawelu. Mini kufelek pomimo ma\u0142ego rozmiaru robi ogromne wra\u017cenie. Po\u0142\u0105czenie praktycznej rzeczy z oryginaln\u0105 pami\u0105tk\u0105 i ozdob\u0105 np. w kuchennej szafce czy eleganckim barku, w salonie. Idealna pami\u0105tka z Krakowa.<\/p>\n<p><strong><em>Minimalna ilo\u015b\u0107 zam\u00f3wienia &#8211; 6 sztuk (1 opakowanie)<\/em><br \/>\n<\/strong><\/p>\n<p><strong><em>Towar sprzedawany na opakowania<\/em><\/strong><\/p>\n<h3><span style=\"color: #ff0000;\">PRZY DODAWANIU DO KOSZYKA, NALE\u017bY DODAWA\u0106 KROTNO\u015a\u0106\u00a0 LICZBY 6 &#8211; (1 opak)\u00a0 np: 6 ; 12 ; 18 itd<\/span><\/h3>\n<h3><strong>CENA ZA SZTUK\u0118.<\/strong><\/h3>\n<h2><strong>\u00a0<\/strong><\/h2>\n<h2><strong>\u00a0<\/strong><\/h2>\n","protected":false},"featured_media":10513,"comment_status":"open","ping_status":"closed","template":"","meta":[],"_links":{"self":[{"href":"https:\/\/violmax.pl\/index.php\/wp-json\/wp\/v2\/product\/10517"}],"collection":[{"href":"https:\/\/violmax.pl\/index.php\/wp-json\/wp\/v2\/product"}],"about":[{"href":"https:\/\/violmax.pl\/index.php\/wp-json\/wp\/v2\/types\/product"}],"replies":[{"embeddable":true,"href":"https:\/\/violmax.pl\/index.php\/wp-json\/wp\/v2\/comments?post=10517"}],"wp:featuredmedia":[{"embeddable":true,"href":"https:\/\/violmax.pl\/index.php\/wp-json\/wp\/v2\/media\/10513"}],"wp:attachment":[{"href":"https:\/\/violmax.pl\/index.php\/wp-json\/wp\/v2\/media?parent=10517"}],"curies":[{"name":"wp","href":"https:\/\/api.w.org\/{rel}","templated":true}]}}