{"id":10496,"date":"2024-02-20T09:40:00","date_gmt":"2024-02-20T08:40:00","guid":{"rendered":"https:\/\/violmax.pl\/?post_type=product&#038;p=10496"},"modified":"2025-12-02T12:33:24","modified_gmt":"2025-12-02T11:33:24","slug":"debki-kufel-do-piwa-bremen-670-ml-kobieta-6-zaglowiec-1-szron","status":"publish","type":"product","link":"https:\/\/violmax.pl\/index.php\/produkt\/debki-kufel-do-piwa-bremen-670-ml-kobieta-6-zaglowiec-1-szron\/","title":{"rendered":"D\u0118BKI, KUFEL DO PIWA &#8220;DOMINIK&#8221; 670 ML KOBIETA 6 \u017bAGLOWIEC 1 SZRON"},"content":{"rendered":"<p><img loading=\"lazy\" class=\"alignnone size-medium wp-image-10487\" src=\"https:\/\/violmax.pl\/wp-content\/uploads\/2024\/02\/debki_kufel_do_piwa_bremen_670_kobieta_6_zaglowiec_1_szron-240x300.png\" alt=\"\" width=\"240\" height=\"300\" srcset=\"https:\/\/violmax.pl\/wp-content\/uploads\/2024\/02\/debki_kufel_do_piwa_bremen_670_kobieta_6_zaglowiec_1_szron-240x300.png 240w, https:\/\/violmax.pl\/wp-content\/uploads\/2024\/02\/debki_kufel_do_piwa_bremen_670_kobieta_6_zaglowiec_1_szron-680x850.png 680w, https:\/\/violmax.pl\/wp-content\/uploads\/2024\/02\/debki_kufel_do_piwa_bremen_670_kobieta_6_zaglowiec_1_szron.png 720w\" sizes=\"(max-width: 240px) 100vw, 240px\" \/><\/p>\n<p>Kufel do piwa \u201dDOMINIK\u201d o litra\u017cu 0,67l. Jest on ozdobiony z jednej strony. Zadbali\u015bmy o najmniejsze detale, jest na nim wypiaskowana kobieta oraz w oddali \u017caglowiec. Znakomicie sprawdzi si\u0119 jako kufel do codziennego u\u017cytku lub jako \u015bwietna pami\u0105tka z D\u0119bek. Idealny na prezent dla lubuj\u0105cych si\u0119 w piwie lub os\u00f3b, kt\u00f3re ceni\u0105 sobie pami\u0105tki ze smakiem. Ozdobi ka\u017cde wn\u0119trze i zachwyci go\u015bci. Idealna pami\u0105tka znad morza. Nadaje si\u0119 do mycia w zmywarce.<\/p>\n<p>&nbsp;<\/p>\n","protected":false},"excerpt":{"rendered":"<div class=\"woocommerce-product-details__short-description\">\n<div class=\"woocommerce-product-details__short-description\">\n<div class=\"woocommerce-product-details__short-description\">\n<p><img loading=\"lazy\" class=\"alignnone size-medium wp-image-3492\" src=\"http:\/\/violmax.pl\/wp-content\/uploads\/2020\/05\/VIOLMAX_POLSKA-300x28.jpg\" alt=\"\" width=\"300\" height=\"28\" \/><\/p>\n<p>&nbsp;<\/p>\n<p>Kufel do piwa \u201dDOMINIK\u201d o litra\u017cu 0,67l. Jest on ozdobiony z jednej strony. Zadbali\u015bmy o najmniejsze detale, jest na nim wypiaskowana kobieta oraz w oddali \u017caglowiec. Znakomicie sprawdzi si\u0119 jako kufel do codziennego u\u017cytku lub jako \u015bwietna pami\u0105tka z D\u0119bek. Idealny na prezent dla lubuj\u0105cych si\u0119 w piwie lub os\u00f3b, kt\u00f3re ceni\u0105 sobie pami\u0105tki ze smakiem. Ozdobi ka\u017cde wn\u0119trze i zachwyci go\u015bci. Idealna pami\u0105tka znad morza. Nadaje si\u0119 do mycia w zmywarce.<\/p>\n<p><strong><em>Minimalna ilo\u015b\u0107 zam\u00f3wienia \u2013 6 sztuk (1 opakowanie)<\/em><br \/>\n<\/strong><\/p>\n<p><strong><em>Towar sprzedawany na opakowania<\/em><\/strong><\/p>\n<h3><span style=\"color: #ff0000;\">PRZY DODAWANIU DO KOSZYKA, NALE\u017bY DODAWA\u0106 KROTNO\u015a\u0106\u00a0 LICZBY 6 &#8211; (1 opak)\u00a0 np: 6 ; 12 ; 18 itd<\/span><\/h3>\n<h3><strong>CENA ZA SZTUK\u0118.<\/strong><\/h3>\n<\/div>\n<\/div>\n<\/div>\n","protected":false},"featured_media":10487,"comment_status":"open","ping_status":"closed","template":"","meta":[],"_links":{"self":[{"href":"https:\/\/violmax.pl\/index.php\/wp-json\/wp\/v2\/product\/10496"}],"collection":[{"href":"https:\/\/violmax.pl\/index.php\/wp-json\/wp\/v2\/product"}],"about":[{"href":"https:\/\/violmax.pl\/index.php\/wp-json\/wp\/v2\/types\/product"}],"replies":[{"embeddable":true,"href":"https:\/\/violmax.pl\/index.php\/wp-json\/wp\/v2\/comments?post=10496"}],"wp:featuredmedia":[{"embeddable":true,"href":"https:\/\/violmax.pl\/index.php\/wp-json\/wp\/v2\/media\/10487"}],"wp:attachment":[{"href":"https:\/\/violmax.pl\/index.php\/wp-json\/wp\/v2\/media?parent=10496"}],"curies":[{"name":"wp","href":"https:\/\/api.w.org\/{rel}","templated":true}]}}