{"id":10418,"date":"2023-10-27T18:59:57","date_gmt":"2023-10-27T16:59:57","guid":{"rendered":"http:\/\/violmax.pl\/?post_type=product&#038;p=10418"},"modified":"2025-12-02T12:42:43","modified_gmt":"2025-12-02T11:42:43","slug":"myslistwo-kufel-do-piwa-bremen-067-litra-mysliwi-i-kaczki-w-locie-szron-karton","status":"publish","type":"product","link":"https:\/\/violmax.pl\/index.php\/produkt\/myslistwo-kufel-do-piwa-bremen-067-litra-mysliwi-i-kaczki-w-locie-szron-karton\/","title":{"rendered":"MY\u015aLISTWO, KUFEL DO PIWA &#8220;BREMEN&#8221; 0,67 LITRA, MY\u015aLIWI I KACZKI W LOCIE + KARTON FIRMOWY"},"content":{"rendered":"<p><img loading=\"lazy\" class=\"alignnone size-medium wp-image-6229\" src=\"http:\/\/violmax.pl\/wp-content\/uploads\/2020\/12\/Mysliwskie_kufel_do_piwa_bremen_670_ml_kaczki_szron-300x240.png\" alt=\"\" width=\"300\" height=\"240\" srcset=\"https:\/\/violmax.pl\/wp-content\/uploads\/2020\/12\/Mysliwskie_kufel_do_piwa_bremen_670_ml_kaczki_szron-300x240.png 300w, https:\/\/violmax.pl\/wp-content\/uploads\/2020\/12\/Mysliwskie_kufel_do_piwa_bremen_670_ml_kaczki_szron-768x614.png 768w, https:\/\/violmax.pl\/wp-content\/uploads\/2020\/12\/Mysliwskie_kufel_do_piwa_bremen_670_ml_kaczki_szron-320x256.png 320w, https:\/\/violmax.pl\/wp-content\/uploads\/2020\/12\/Mysliwskie_kufel_do_piwa_bremen_670_ml_kaczki_szron-680x544.png 680w, https:\/\/violmax.pl\/wp-content\/uploads\/2020\/12\/Mysliwskie_kufel_do_piwa_bremen_670_ml_kaczki_szron.png 900w\" sizes=\"(max-width: 300px) 100vw, 300px\" \/><img loading=\"lazy\" class=\"alignnone size-medium wp-image-10383\" src=\"http:\/\/violmax.pl\/wp-content\/uploads\/2023\/10\/pudelko_do_piwa_litrowego-300x300.png\" alt=\"\" width=\"300\" height=\"300\" srcset=\"https:\/\/violmax.pl\/wp-content\/uploads\/2023\/10\/pudelko_do_piwa_litrowego-300x300.png 300w, https:\/\/violmax.pl\/wp-content\/uploads\/2023\/10\/pudelko_do_piwa_litrowego-768x768.png 768w, https:\/\/violmax.pl\/wp-content\/uploads\/2023\/10\/pudelko_do_piwa_litrowego-680x680.png 680w, https:\/\/violmax.pl\/wp-content\/uploads\/2023\/10\/pudelko_do_piwa_litrowego-100x100.png 100w, https:\/\/violmax.pl\/wp-content\/uploads\/2023\/10\/pudelko_do_piwa_litrowego.png 900w\" sizes=\"(max-width: 300px) 100vw, 300px\" \/><\/p>\n<p>&nbsp;<\/p>\n<p>Kufel do piwa &#8221;BREMEN&#8221; o litra\u017cu 670 ml. Ca\u0142y kufel jest precyzyjnie wypiaskowany. W tym modelu widzimy motyw my\u015bliwych oraz kaczki w locie. Kufel jest wypiaskowany ca\u0142y &#8211; na oko\u0142o. Ca\u0142o\u015b\u0107 jest bardzo szczeg\u00f3\u0142owo wypiaskowana.Zadbali\u015bmy o najmniejsze detale. Znakomicie sprawdzi si\u0119 jako kufel do codziennego u\u017cytku lub jako \u015bwietny upominek dla pasjonat\u00f3w my\u015blistwa. Idealny na prezent dla lubuj\u0105cych si\u0119 w piwie lub os\u00f3b, kt\u00f3re ceni\u0105 sobie upominek ze smakiem. Ozdobi ka\u017cde wn\u0119trze i zachwyci go\u015bci. Nadaje si\u0119 do mycia w zmywarkach.<\/p>\n","protected":false},"excerpt":{"rendered":"<p><img loading=\"lazy\" class=\"alignnone size-full wp-image-5364\" src=\"http:\/\/violmax.pl\/wp-content\/uploads\/2020\/10\/VIOLMAX_POLSKA-3.jpg\" alt=\"\" width=\"300\" height=\"28\" \/><\/p>\n<p>&nbsp;<\/p>\n<p>Kufel do piwa &#8221;BREMEN&#8221; o litra\u017cu 670 ml. Ca\u0142y kufel jest precyzyjnie wypiaskowany. W tym modelu widzimy motyw my\u015bliwych oraz kaczki w locie. Kufel jest wypiaskowany ca\u0142y &#8211; na oko\u0142o. Ca\u0142o\u015b\u0107 jest bardzo szczeg\u00f3\u0142owo wypiaskowana.Zadbali\u015bmy o najmniejsze detale. Znakomicie sprawdzi si\u0119 jako kufel do codziennego u\u017cytku lub jako \u015bwietny upominek dla pasjonat\u00f3w my\u015blistwa. Idealny na prezent dla lubuj\u0105cych si\u0119 w piwie lub os\u00f3b, kt\u00f3re ceni\u0105 sobie upominek ze smakiem. Ozdobi ka\u017cde wn\u0119trze i zachwyci go\u015bci. Nadaje si\u0119 do mycia w zmywarkach.<\/p>\n<p><em><strong>Minimalna ilo\u015b\u0107 zam\u00f3wienia &#8211; 6 sztuk ( 1 opakowanie)<br \/>\n<\/strong><\/em><\/p>\n<p><strong><em>Towar sprzedawany na opakowania<\/em><\/strong><\/p>\n<h3><span style=\"color: #ff0000;\">PRZY DODAWANIU DO KOSZYKA, NALE\u017bY DODAWA\u0106 KROTNO\u015a\u0106\u00a0 LICZBY 6 &#8211; (1 opak)\u00a0 np: 6 ; 12 ; 18 itd<\/span><\/h3>\n<h3><strong>CENA ZA SZTUK\u0118.<\/strong><\/h3>\n<h2><strong>\u00a0<\/strong><\/h2>\n","protected":false},"featured_media":6229,"comment_status":"open","ping_status":"closed","template":"","meta":[],"_links":{"self":[{"href":"https:\/\/violmax.pl\/index.php\/wp-json\/wp\/v2\/product\/10418"}],"collection":[{"href":"https:\/\/violmax.pl\/index.php\/wp-json\/wp\/v2\/product"}],"about":[{"href":"https:\/\/violmax.pl\/index.php\/wp-json\/wp\/v2\/types\/product"}],"replies":[{"embeddable":true,"href":"https:\/\/violmax.pl\/index.php\/wp-json\/wp\/v2\/comments?post=10418"}],"wp:featuredmedia":[{"embeddable":true,"href":"https:\/\/violmax.pl\/index.php\/wp-json\/wp\/v2\/media\/6229"}],"wp:attachment":[{"href":"https:\/\/violmax.pl\/index.php\/wp-json\/wp\/v2\/media?parent=10418"}],"curies":[{"name":"wp","href":"https:\/\/api.w.org\/{rel}","templated":true}]}}