{"id":10408,"date":"2023-10-27T15:18:43","date_gmt":"2023-10-27T13:18:43","guid":{"rendered":"http:\/\/violmax.pl\/?post_type=product&#038;p=10408"},"modified":"2025-12-02T12:43:29","modified_gmt":"2025-12-02T11:43:29","slug":"myslistwo-karafka-brillancy-500-ml-jelen-mysliwy-szron","status":"publish","type":"product","link":"https:\/\/violmax.pl\/index.php\/produkt\/myslistwo-karafka-brillancy-500-ml-jelen-mysliwy-szron\/","title":{"rendered":"MY\u015aLISTWO, KARAFKA &#8220;BRILLANCY&#8221; 0,5 LITRA, JELE\u0143 + MY\u015aLIWY, SZRON"},"content":{"rendered":"<p><img loading=\"lazy\" class=\"alignnone size-medium wp-image-10400\" src=\"http:\/\/violmax.pl\/wp-content\/uploads\/2023\/10\/myslistwo_karafka_brillancy_500_ml_jelen_mysliwy_szron_1-300x300.png\" alt=\"\" width=\"300\" height=\"300\" srcset=\"https:\/\/violmax.pl\/wp-content\/uploads\/2023\/10\/myslistwo_karafka_brillancy_500_ml_jelen_mysliwy_szron_1-300x300.png 300w, https:\/\/violmax.pl\/wp-content\/uploads\/2023\/10\/myslistwo_karafka_brillancy_500_ml_jelen_mysliwy_szron_1-768x768.png 768w, https:\/\/violmax.pl\/wp-content\/uploads\/2023\/10\/myslistwo_karafka_brillancy_500_ml_jelen_mysliwy_szron_1-680x680.png 680w, https:\/\/violmax.pl\/wp-content\/uploads\/2023\/10\/myslistwo_karafka_brillancy_500_ml_jelen_mysliwy_szron_1-100x100.png 100w, https:\/\/violmax.pl\/wp-content\/uploads\/2023\/10\/myslistwo_karafka_brillancy_500_ml_jelen_mysliwy_szron_1.png 900w\" sizes=\"(max-width: 300px) 100vw, 300px\" \/><img loading=\"lazy\" class=\"alignnone size-medium wp-image-10401\" src=\"http:\/\/violmax.pl\/wp-content\/uploads\/2023\/10\/myslistwo_karafka_brillancy_500_ml_jelen_mysliwy_szron_2-300x300.png\" alt=\"\" width=\"300\" height=\"300\" srcset=\"https:\/\/violmax.pl\/wp-content\/uploads\/2023\/10\/myslistwo_karafka_brillancy_500_ml_jelen_mysliwy_szron_2-300x300.png 300w, https:\/\/violmax.pl\/wp-content\/uploads\/2023\/10\/myslistwo_karafka_brillancy_500_ml_jelen_mysliwy_szron_2-768x768.png 768w, https:\/\/violmax.pl\/wp-content\/uploads\/2023\/10\/myslistwo_karafka_brillancy_500_ml_jelen_mysliwy_szron_2-680x680.png 680w, https:\/\/violmax.pl\/wp-content\/uploads\/2023\/10\/myslistwo_karafka_brillancy_500_ml_jelen_mysliwy_szron_2-100x100.png 100w, https:\/\/violmax.pl\/wp-content\/uploads\/2023\/10\/myslistwo_karafka_brillancy_500_ml_jelen_mysliwy_szron_2.png 900w\" sizes=\"(max-width: 300px) 100vw, 300px\" \/><\/p>\n<p>&nbsp;<\/p>\n<p>Karafka &#8220;BRILLANCY&#8221; o litra\u017cu 0,5 litra \u2013 wypiaskowana motywem z jednej strony postaci\u0105 my\u015bliwego, a z drugiej strony jeleniem. Wykonana jest ze szk\u0142a kryszta\u0142owego. Karafka mo\u017ce s\u0142u\u017cy\u0107 jako nietuzinkowy, szklany prezent lub ozdobny flakon na nalewki, wina, koniaki. Pi\u0119kny, okaza\u0142y prezent\u00a0 dla osoby uprawiaj\u0105cych my\u015blistwo, kt\u00f3ra zachwyci ka\u017cdego.<\/p>\n","protected":false},"excerpt":{"rendered":"<div class=\"woocommerce-product-details__short-description\">\n<p><img loading=\"lazy\" class=\"alignnone size-medium wp-image-3492\" src=\"http:\/\/violmax.pl\/wp-content\/uploads\/2020\/05\/VIOLMAX_POLSKA-300x28.jpg\" alt=\"\" width=\"300\" height=\"28\" \/><\/p>\n<p>&nbsp;<\/p>\n<p>Karafka &#8220;BRILLANCY&#8221; o litra\u017cu 0,5 litra \u2013 wypiaskowana motywem z jednej strony postaci\u0105 my\u015bliwego, a z drugiej strony jeleniem. Wykonana jest ze szk\u0142a kryszta\u0142owego. Karafka mo\u017ce s\u0142u\u017cy\u0107 jako nietuzinkowy, szklany prezent lub ozdobny flakon na nalewki, wina, koniaki. Pi\u0119kny, okaza\u0142y prezent\u00a0 dla osoby uprawiaj\u0105cych my\u015blistwo, kt\u00f3ra zachwyci ka\u017cdego.<\/p>\n<p><strong><em>Minimalna ilo\u015b\u0107 zam\u00f3wienia \u2013 1 sztuka (1 opakowanie)<\/em><br \/>\n<\/strong><\/p>\n<p><strong><em>\u00a0<\/em><\/strong><\/p>\n<h3><strong>CENA ZA SZTUK\u0118.<\/strong><\/h3>\n<h2><strong>\u00a0<\/strong><\/h2>\n<\/div>\n","protected":false},"featured_media":10400,"comment_status":"open","ping_status":"closed","template":"","meta":[],"_links":{"self":[{"href":"https:\/\/violmax.pl\/index.php\/wp-json\/wp\/v2\/product\/10408"}],"collection":[{"href":"https:\/\/violmax.pl\/index.php\/wp-json\/wp\/v2\/product"}],"about":[{"href":"https:\/\/violmax.pl\/index.php\/wp-json\/wp\/v2\/types\/product"}],"replies":[{"embeddable":true,"href":"https:\/\/violmax.pl\/index.php\/wp-json\/wp\/v2\/comments?post=10408"}],"wp:featuredmedia":[{"embeddable":true,"href":"https:\/\/violmax.pl\/index.php\/wp-json\/wp\/v2\/media\/10400"}],"wp:attachment":[{"href":"https:\/\/violmax.pl\/index.php\/wp-json\/wp\/v2\/media?parent=10408"}],"curies":[{"name":"wp","href":"https:\/\/api.w.org\/{rel}","templated":true}]}}