{"id":10317,"date":"2023-10-13T21:37:04","date_gmt":"2023-10-13T19:37:04","guid":{"rendered":"http:\/\/violmax.pl\/?post_type=product&#038;p=10317"},"modified":"2025-12-02T12:36:39","modified_gmt":"2025-12-02T11:36:39","slug":"wroclaw-szklanka-do-whisky-kwadrat-250-ml-ratusz-szron","status":"publish","type":"product","link":"https:\/\/violmax.pl\/index.php\/produkt\/wroclaw-szklanka-do-whisky-kwadrat-250-ml-ratusz-szron\/","title":{"rendered":"WROC\u0141AW, SZKLANKA DO WHISKY &#8220;KWADRAT&#8221; 250 ML, RATUSZ, SZRON"},"content":{"rendered":"<p><img loading=\"lazy\" class=\"alignnone size-medium wp-image-10282\" src=\"http:\/\/violmax.pl\/wp-content\/uploads\/2023\/10\/Wroclaw_szklanka_do_whisky_kwadrat_250_ml_ratusz_szron-300x250.png\" alt=\"\" width=\"300\" height=\"250\" srcset=\"https:\/\/violmax.pl\/wp-content\/uploads\/2023\/10\/Wroclaw_szklanka_do_whisky_kwadrat_250_ml_ratusz_szron-300x250.png 300w, https:\/\/violmax.pl\/wp-content\/uploads\/2023\/10\/Wroclaw_szklanka_do_whisky_kwadrat_250_ml_ratusz_szron-768x640.png 768w, https:\/\/violmax.pl\/wp-content\/uploads\/2023\/10\/Wroclaw_szklanka_do_whisky_kwadrat_250_ml_ratusz_szron-680x567.png 680w, https:\/\/violmax.pl\/wp-content\/uploads\/2023\/10\/Wroclaw_szklanka_do_whisky_kwadrat_250_ml_ratusz_szron.png 900w\" sizes=\"(max-width: 300px) 100vw, 300px\" \/><\/p>\n<p>&nbsp;<\/p>\n<p>Szklanka do whisky &#8220;KWADRAT&#8221; o pojemno\u015bci 250 ml. Kwadratowy kszta\u0142t, czyni szklank\u0119 oryginaln\u0105. Ozdobiona jest w szronie motywem wroc\u0142awskiego ratusza, krasnala i nazw\u0105 miasta. Ciekawa pami\u0105tka z pi\u0119knymi zdobieniami. Idealna pami\u0105tka ze stolicy Dolnego \u015al\u0105ska &#8211; Wroc\u0142awia. Nadaje si\u0119 do mycia w zmywarce.<\/p>\n","protected":false},"excerpt":{"rendered":"<p><img loading=\"lazy\" class=\"alignnone size-full wp-image-5364\" src=\"http:\/\/violmax.pl\/wp-content\/uploads\/2020\/10\/VIOLMAX_POLSKA-3.jpg\" alt=\"\" width=\"300\" height=\"28\" \/><\/p>\n<p>&nbsp;<\/p>\n<p>Szklanka do whisky &#8220;KWADRAT&#8221; o pojemno\u015bci 250 ml. Kwadratowy kszta\u0142t, czyni szklank\u0119 oryginaln\u0105. Ozdobiona jest w szronie motywem wroc\u0142awskiego ratusza, krasnala i nazw\u0105 miasta. Ciekawa pami\u0105tka z pi\u0119knymi zdobieniami. Idealna pami\u0105tka ze stolicy Dolnego \u015al\u0105ska &#8211; Wroc\u0142awia. Nadaje si\u0119 do mycia w zmywarce.<\/p>\n<p><strong><em>Minimalna ilo\u015b\u0107 zam\u00f3wienia &#8211; 6 sztuk (1 opakowanie)<\/em><br \/>\n<\/strong><\/p>\n<p><strong><em>Towar sprzedawany na opakowania<\/em><\/strong><\/p>\n<h3><span style=\"color: #ff0000;\">PRZY DODAWANIU DO KOSZYKA, NALE\u017bY DODAWA\u0106 KROTNO\u015a\u0106\u00a0 LICZBY 6 &#8211; (1 opak)\u00a0 np: 6 ; 12 ; 18 itd<\/span><\/h3>\n<h3><strong>CENA ZA SZTUK\u0118.<\/strong><\/h3>\n","protected":false},"featured_media":10282,"comment_status":"open","ping_status":"closed","template":"","meta":[],"_links":{"self":[{"href":"https:\/\/violmax.pl\/index.php\/wp-json\/wp\/v2\/product\/10317"}],"collection":[{"href":"https:\/\/violmax.pl\/index.php\/wp-json\/wp\/v2\/product"}],"about":[{"href":"https:\/\/violmax.pl\/index.php\/wp-json\/wp\/v2\/types\/product"}],"replies":[{"embeddable":true,"href":"https:\/\/violmax.pl\/index.php\/wp-json\/wp\/v2\/comments?post=10317"}],"wp:featuredmedia":[{"embeddable":true,"href":"https:\/\/violmax.pl\/index.php\/wp-json\/wp\/v2\/media\/10282"}],"wp:attachment":[{"href":"https:\/\/violmax.pl\/index.php\/wp-json\/wp\/v2\/media?parent=10317"}],"curies":[{"name":"wp","href":"https:\/\/api.w.org\/{rel}","templated":true}]}}