{"id":10311,"date":"2023-10-13T21:20:33","date_gmt":"2023-10-13T19:20:33","guid":{"rendered":"http:\/\/violmax.pl\/?post_type=product&#038;p=10311"},"modified":"2025-12-02T12:36:40","modified_gmt":"2025-12-02T11:36:40","slug":"wroclaw-szklanka-do-kawy-caffe-latte-250-ml-ratusz-szron","status":"publish","type":"product","link":"https:\/\/violmax.pl\/index.php\/produkt\/wroclaw-szklanka-do-kawy-caffe-latte-250-ml-ratusz-szron\/","title":{"rendered":"WROC\u0141AW, SZKLANKA DO KAWY &#8220;CAFFE LATTE&#8221; 250 ML, RATUSZ, SZRON"},"content":{"rendered":"<p><img loading=\"lazy\" class=\"alignnone size-medium wp-image-10277\" src=\"http:\/\/violmax.pl\/wp-content\/uploads\/2023\/10\/Wroclaw_szklanka_do_kawy_caffe_latte_250_ml_ratusz_szron-300x300.png\" alt=\"\" width=\"300\" height=\"300\" srcset=\"https:\/\/violmax.pl\/wp-content\/uploads\/2023\/10\/Wroclaw_szklanka_do_kawy_caffe_latte_250_ml_ratusz_szron-300x300.png 300w, https:\/\/violmax.pl\/wp-content\/uploads\/2023\/10\/Wroclaw_szklanka_do_kawy_caffe_latte_250_ml_ratusz_szron-768x768.png 768w, https:\/\/violmax.pl\/wp-content\/uploads\/2023\/10\/Wroclaw_szklanka_do_kawy_caffe_latte_250_ml_ratusz_szron-680x680.png 680w, https:\/\/violmax.pl\/wp-content\/uploads\/2023\/10\/Wroclaw_szklanka_do_kawy_caffe_latte_250_ml_ratusz_szron-100x100.png 100w, https:\/\/violmax.pl\/wp-content\/uploads\/2023\/10\/Wroclaw_szklanka_do_kawy_caffe_latte_250_ml_ratusz_szron.png 900w\" sizes=\"(max-width: 300px) 100vw, 300px\" \/><\/p>\n<p>Szklanka do kawy &#8220;CAFFE LATTE&#8221; o pojemno\u015bci 250 ml . Szklanka wykonany z bardzo trwa\u0142ego, grubego szk\u0142a o wysokiej jako\u015bci. Ozdobiona jest metod\u0105 piaskowania, co sprawia wra\u017cenie jak by by\u0142a zmro\u017cona. Idealna na pami\u0105tk\u0119 dla ka\u017cdego \u2013 kto lubi kaw\u0119. Idealna pami\u0105tka ze stolicy Dolnego \u015al\u0105ska &#8211; Wroc\u0142awia.<\/p>\n","protected":false},"excerpt":{"rendered":"<p><img loading=\"lazy\" class=\"alignnone size-medium wp-image-4666\" src=\"http:\/\/violmax.pl\/wp-content\/uploads\/2020\/06\/VIOLMAX_POLSKA-5-300x28.jpg\" alt=\"\" width=\"300\" height=\"28\" \/><\/p>\n<p>&nbsp;<\/p>\n<p>Szklanka do kawy &#8220;CAFFE LATTE&#8221; o pojemno\u015bci 250 ml . Szklanka wykonany z bardzo trwa\u0142ego, grubego szk\u0142a o wysokiej jako\u015bci. Ozdobiona jest metod\u0105 piaskowania, co sprawia wra\u017cenie jak by by\u0142a zmro\u017cona. Idealna na pami\u0105tk\u0119 dla ka\u017cdego \u2013 kto lubi kaw\u0119. Idealna pami\u0105tka ze stolicy Dolnego \u015al\u0105ska &#8211; Wroc\u0142awia.<\/p>\n<p><strong><em>Minimalna ilo\u015b\u0107 zam\u00f3wienia &#8211; 6 sztuk (1 opakowanie)<\/em><br \/>\n<\/strong><\/p>\n<p><strong><em>Towar sprzedawany na opakowania<\/em><\/strong><\/p>\n<h3><span style=\"color: #ff0000;\">PRZY DODAWANIU DO KOSZYKA, NALE\u017bY DODAWA\u0106 KROTNO\u015a\u0106\u00a0 LICZBY 6 &#8211; (1 opak)\u00a0 np: 6 ; 12 ; 18 itd<\/span><\/h3>\n<h3><strong>CENA ZA SZTUK\u0118.<\/strong><\/h3>\n","protected":false},"featured_media":10277,"comment_status":"open","ping_status":"closed","template":"","meta":[],"_links":{"self":[{"href":"https:\/\/violmax.pl\/index.php\/wp-json\/wp\/v2\/product\/10311"}],"collection":[{"href":"https:\/\/violmax.pl\/index.php\/wp-json\/wp\/v2\/product"}],"about":[{"href":"https:\/\/violmax.pl\/index.php\/wp-json\/wp\/v2\/types\/product"}],"replies":[{"embeddable":true,"href":"https:\/\/violmax.pl\/index.php\/wp-json\/wp\/v2\/comments?post=10311"}],"wp:featuredmedia":[{"embeddable":true,"href":"https:\/\/violmax.pl\/index.php\/wp-json\/wp\/v2\/media\/10277"}],"wp:attachment":[{"href":"https:\/\/violmax.pl\/index.php\/wp-json\/wp\/v2\/media?parent=10311"}],"curies":[{"name":"wp","href":"https:\/\/api.w.org\/{rel}","templated":true}]}}