{"id":10309,"date":"2023-10-13T21:17:09","date_gmt":"2023-10-13T19:17:09","guid":{"rendered":"http:\/\/violmax.pl\/?post_type=product&#038;p=10309"},"modified":"2025-12-02T12:36:40","modified_gmt":"2025-12-02T11:36:40","slug":"wroclaw-mini-kufelek-do-wodki-30-ml-blaszka","status":"publish","type":"product","link":"https:\/\/violmax.pl\/index.php\/produkt\/wroclaw-mini-kufelek-do-wodki-30-ml-blaszka\/","title":{"rendered":"WROC\u0141AW, MINI KUFELEK DO W\u00d3DKI 30 ML, BLASZKA"},"content":{"rendered":"<p><img loading=\"lazy\" class=\"alignnone size-medium wp-image-10276\" src=\"http:\/\/violmax.pl\/wp-content\/uploads\/2023\/10\/Wroclaw_mini_kufelek_do_wodki_30_ml_blaszka-300x300.png\" alt=\"\" width=\"300\" height=\"300\" srcset=\"https:\/\/violmax.pl\/wp-content\/uploads\/2023\/10\/Wroclaw_mini_kufelek_do_wodki_30_ml_blaszka-300x300.png 300w, https:\/\/violmax.pl\/wp-content\/uploads\/2023\/10\/Wroclaw_mini_kufelek_do_wodki_30_ml_blaszka-768x768.png 768w, https:\/\/violmax.pl\/wp-content\/uploads\/2023\/10\/Wroclaw_mini_kufelek_do_wodki_30_ml_blaszka-680x680.png 680w, https:\/\/violmax.pl\/wp-content\/uploads\/2023\/10\/Wroclaw_mini_kufelek_do_wodki_30_ml_blaszka-100x100.png 100w, https:\/\/violmax.pl\/wp-content\/uploads\/2023\/10\/Wroclaw_mini_kufelek_do_wodki_30_ml_blaszka.png 900w\" sizes=\"(max-width: 300px) 100vw, 300px\" \/><\/p>\n<p>&nbsp;<\/p>\n<p>Mini kufelek do w\u00f3dki o pojemno\u015bci 30 ml. Wykonany z wysokiej jako\u015bci szk\u0142a. Umieszczony na nim zosta\u0142 metalowy odlew przedstawiaj\u0105cy wroc\u0142awski ratusz. Kufelek pomimo ma\u0142ego rozmiaru robi ogromne wra\u017cenie. Po\u0142\u0105czenie praktycznej rzeczy z oryginaln\u0105 pami\u0105tk\u0105 i ozdob\u0105 np w kuchennej szafce czy eleganckim barku, w salonie. Idealna pami\u0105tka z Wroc\u0142awia.<\/p>\n","protected":false},"excerpt":{"rendered":"<p><img loading=\"lazy\" class=\"alignnone size-full wp-image-5364\" src=\"http:\/\/violmax.pl\/wp-content\/uploads\/2020\/10\/VIOLMAX_POLSKA-3.jpg\" alt=\"\" width=\"300\" height=\"28\" \/><\/p>\n<p>&nbsp;<\/p>\n<p>Mini kufelek do w\u00f3dki o pojemno\u015bci 30 ml. Wykonany z wysokiej jako\u015bci szk\u0142a. Umieszczony na nim zosta\u0142 metalowy odlew przedstawiaj\u0105cy wroc\u0142awski ratusz. Kufelek pomimo ma\u0142ego rozmiaru robi ogromne wra\u017cenie. Po\u0142\u0105czenie praktycznej rzeczy z oryginaln\u0105 pami\u0105tk\u0105 i ozdob\u0105 np w kuchennej szafce czy eleganckim barku, w salonie. Idealna pami\u0105tka z Wroc\u0142awia.<\/p>\n<p><strong><em>Minimalna ilo\u015b\u0107 zam\u00f3wienia &#8211; 6 sztuk (1 opakowanie)<\/em><br \/>\n<\/strong><\/p>\n<p><strong><em>Towar sprzedawany na opakowania<\/em><\/strong><\/p>\n<h3><span style=\"color: #ff0000;\">PRZY DODAWANIU DO KOSZYKA, NALE\u017bY DODAWA\u0106 KROTNO\u015a\u0106\u00a0 LICZBY 6 &#8211; (1 opak)\u00a0 np: 6 ; 12 ; 18 itd<\/span><\/h3>\n<h3><strong>CENA ZA SZTUK\u0118.<\/strong><\/h3>\n","protected":false},"featured_media":10276,"comment_status":"open","ping_status":"closed","template":"","meta":[],"_links":{"self":[{"href":"https:\/\/violmax.pl\/index.php\/wp-json\/wp\/v2\/product\/10309"}],"collection":[{"href":"https:\/\/violmax.pl\/index.php\/wp-json\/wp\/v2\/product"}],"about":[{"href":"https:\/\/violmax.pl\/index.php\/wp-json\/wp\/v2\/types\/product"}],"replies":[{"embeddable":true,"href":"https:\/\/violmax.pl\/index.php\/wp-json\/wp\/v2\/comments?post=10309"}],"wp:featuredmedia":[{"embeddable":true,"href":"https:\/\/violmax.pl\/index.php\/wp-json\/wp\/v2\/media\/10276"}],"wp:attachment":[{"href":"https:\/\/violmax.pl\/index.php\/wp-json\/wp\/v2\/media?parent=10309"}],"curies":[{"name":"wp","href":"https:\/\/api.w.org\/{rel}","templated":true}]}}