{"id":10288,"date":"2023-10-13T20:16:25","date_gmt":"2023-10-13T18:16:25","guid":{"rendered":"http:\/\/violmax.pl\/?post_type=product&#038;p=10288"},"modified":"2025-12-02T12:36:44","modified_gmt":"2025-12-02T11:36:44","slug":"wroclaw-kufel-do-piwa-ladya-670-ml-kamienice-szron","status":"publish","type":"product","link":"https:\/\/violmax.pl\/index.php\/produkt\/wroclaw-kufel-do-piwa-ladya-670-ml-kamienice-szron\/","title":{"rendered":"WROC\u0141AW, KUFEL DO PIWA &#8220;BREMEN&#8221; 0,67 LITRA, KAMIENICE, SZRON"},"content":{"rendered":"<p><img loading=\"lazy\" class=\"alignnone size-medium wp-image-10273\" src=\"http:\/\/violmax.pl\/wp-content\/uploads\/2023\/10\/Wroclaw_kufel_do_piwa_ladya_670_ml_kamienice_szron-300x250.png\" alt=\"\" width=\"300\" height=\"250\" srcset=\"https:\/\/violmax.pl\/wp-content\/uploads\/2023\/10\/Wroclaw_kufel_do_piwa_ladya_670_ml_kamienice_szron-300x250.png 300w, https:\/\/violmax.pl\/wp-content\/uploads\/2023\/10\/Wroclaw_kufel_do_piwa_ladya_670_ml_kamienice_szron-768x640.png 768w, https:\/\/violmax.pl\/wp-content\/uploads\/2023\/10\/Wroclaw_kufel_do_piwa_ladya_670_ml_kamienice_szron-680x567.png 680w, https:\/\/violmax.pl\/wp-content\/uploads\/2023\/10\/Wroclaw_kufel_do_piwa_ladya_670_ml_kamienice_szron.png 900w\" sizes=\"(max-width: 300px) 100vw, 300px\" \/><\/p>\n<p>Kufel do piwa &#8221;BREMEN&#8221; o litra\u017cu 0,67 l . Kufel jest wykonany z wysokiej jako\u015bci szk\u0142a. Ozdobiony jest metod\u0105 piaskowania, co sprawia wra\u017cenie jak by by\u0142 zmro\u017cony. Pami\u0105tka robi niesamowite wra\u017cenie. Wypiaskowana jest powierzchnia ca\u0142ego kufla z uwzgl\u0119dnieniem najmniejszych szczeg\u00f3\u0142\u00f3w. Kufel zachwyci go\u015bci i sprawdzi si\u0119 jako ozdoba w salonie, barku, kuchni. Idealna pami\u0105tka ze stolicy Dolnego \u015al\u0105ska.<\/p>\n","protected":false},"excerpt":{"rendered":"<p><img loading=\"lazy\" class=\"alignnone size-medium wp-image-4178\" src=\"http:\/\/violmax.pl\/wp-content\/uploads\/2020\/05\/VIOLMAX_POLSKA-4-300x28.jpg\" alt=\"\" width=\"300\" height=\"28\" \/><\/p>\n<p>&nbsp;<\/p>\n<p>Kufel do piwa &#8221;BREMEN&#8221; o litra\u017cu 0,67 l . Kufel jest wykonany z wysokiej jako\u015bci szk\u0142a. Ozdobiony jest metod\u0105 piaskowania, co sprawia wra\u017cenie jak by by\u0142 zmro\u017cony. Pami\u0105tka robi niesamowite wra\u017cenie. Wypiaskowana jest powierzchnia ca\u0142ego kufla z uwzgl\u0119dnieniem najmniejszych szczeg\u00f3\u0142\u00f3w. Kufel zachwyci go\u015bci i sprawdzi si\u0119 jako ozdoba w salonie, barku, kuchni. Idealna pami\u0105tka ze stolicy Dolnego \u015al\u0105ska.<\/p>\n<p><strong><em>Minimalna ilo\u015b\u0107 zam\u00f3wienia &#8211; 6 sztuk (1 opakowanie)<\/em><br \/>\n<\/strong><\/p>\n<p><strong><em>Towar sprzedawany na opakowania<\/em><\/strong><\/p>\n<h3><span style=\"color: #ff0000;\">PRZY DODAWANIU DO KOSZYKA, NALE\u017bY DODAWA\u0106 KROTNO\u015a\u0106\u00a0 LICZBY 6 &#8211; (1 opak)\u00a0 np: 6 ; 12 ; 18 itd<\/span><\/h3>\n<h3><strong>CENA ZA SZTUK\u0118.<\/strong><\/h3>\n","protected":false},"featured_media":10273,"comment_status":"open","ping_status":"closed","template":"","meta":[],"_links":{"self":[{"href":"https:\/\/violmax.pl\/index.php\/wp-json\/wp\/v2\/product\/10288"}],"collection":[{"href":"https:\/\/violmax.pl\/index.php\/wp-json\/wp\/v2\/product"}],"about":[{"href":"https:\/\/violmax.pl\/index.php\/wp-json\/wp\/v2\/types\/product"}],"replies":[{"embeddable":true,"href":"https:\/\/violmax.pl\/index.php\/wp-json\/wp\/v2\/comments?post=10288"}],"wp:featuredmedia":[{"embeddable":true,"href":"https:\/\/violmax.pl\/index.php\/wp-json\/wp\/v2\/media\/10273"}],"wp:attachment":[{"href":"https:\/\/violmax.pl\/index.php\/wp-json\/wp\/v2\/media?parent=10288"}],"curies":[{"name":"wp","href":"https:\/\/api.w.org\/{rel}","templated":true}]}}