{"id":10284,"date":"2023-10-13T20:01:57","date_gmt":"2023-10-13T18:01:57","guid":{"rendered":"http:\/\/violmax.pl\/?post_type=product&#038;p=10284"},"modified":"2025-12-02T12:36:44","modified_gmt":"2025-12-02T11:36:44","slug":"wroclaw-szklanka-do-piwa-gosia-500-ml-szron-odlew-kolor","status":"publish","type":"product","link":"https:\/\/violmax.pl\/index.php\/produkt\/wroclaw-szklanka-do-piwa-gosia-500-ml-szron-odlew-kolor\/","title":{"rendered":"WROC\u0141AW, SZKLANKA DO PIWA &#8220;MA\u0141GOSIA&#8221; 0,5 LITRA, ODLEW KOLOR, RATUSZ"},"content":{"rendered":"<p><img loading=\"lazy\" class=\"alignnone size-medium wp-image-10278\" src=\"http:\/\/violmax.pl\/wp-content\/uploads\/2023\/10\/Wroclaw_szklanka_do_piwa_gosia_500_ml_szron_odlew_kolor-300x300.png\" alt=\"\" width=\"300\" height=\"300\" srcset=\"https:\/\/violmax.pl\/wp-content\/uploads\/2023\/10\/Wroclaw_szklanka_do_piwa_gosia_500_ml_szron_odlew_kolor-300x300.png 300w, https:\/\/violmax.pl\/wp-content\/uploads\/2023\/10\/Wroclaw_szklanka_do_piwa_gosia_500_ml_szron_odlew_kolor-768x768.png 768w, https:\/\/violmax.pl\/wp-content\/uploads\/2023\/10\/Wroclaw_szklanka_do_piwa_gosia_500_ml_szron_odlew_kolor-680x680.png 680w, https:\/\/violmax.pl\/wp-content\/uploads\/2023\/10\/Wroclaw_szklanka_do_piwa_gosia_500_ml_szron_odlew_kolor-100x100.png 100w, https:\/\/violmax.pl\/wp-content\/uploads\/2023\/10\/Wroclaw_szklanka_do_piwa_gosia_500_ml_szron_odlew_kolor.png 900w\" sizes=\"(max-width: 300px) 100vw, 300px\" \/><\/p>\n<p>Pokal do piwa &#8220;MA\u0141GOSIA&#8221; o litra\u017cu 0,5 l. Wykonana jest z wysokiej jako\u015bci szk\u0142a. Szklanka jest wypiaskowana do po\u0142owy jej wysoko\u015bci, co sprawia wra\u017cenie jak by by\u0142a zmro\u017cona. Ozdobiona jest metalowym odlewem ratusza w kolorze. Idealna pami\u0105tka ze stolicy Dolnego \u015al\u0105ska &#8211; Wroc\u0142awia.<\/p>\n","protected":false},"excerpt":{"rendered":"<p><img loading=\"lazy\" class=\"alignnone size-full wp-image-5364\" src=\"http:\/\/violmax.pl\/wp-content\/uploads\/2020\/10\/VIOLMAX_POLSKA-3.jpg\" alt=\"\" width=\"300\" height=\"28\" \/><\/p>\n<p>Pokal do piwa &#8220;MA\u0141GOSIA&#8221; o litra\u017cu 0,5 l. Wykonana jest z wysokiej jako\u015bci szk\u0142a. Szklanka jest wypiaskowana do po\u0142owy jej wysoko\u015bci, co sprawia wra\u017cenie jak by by\u0142a zmro\u017cona. Ozdobiona jest metalowym odlewem ratusza w kolorze. Idealna pami\u0105tka ze stolicy Dolnego \u015al\u0105ska &#8211; Wroc\u0142awia.<\/p>\n<p><strong><em>Minimalna ilo\u015b\u0107 zam\u00f3wienia &#8211; 6 sztuk (1 opakowanie)<\/em><br \/>\n<\/strong><\/p>\n<p><strong><em>Towar sprzedawany na opakowania<\/em><\/strong><\/p>\n<h3><span style=\"color: #ff0000;\">PRZY DODAWANIU DO KOSZYKA, NALE\u017bY DODAWA\u0106 KROTNO\u015a\u0106\u00a0 LICZBY 6 &#8211; (1 opak)\u00a0 np: 6 ; 12 ; 18 itd<\/span><\/h3>\n<h3><strong>CENA ZA SZTUK\u0118.<\/strong><\/h3>\n<p>&nbsp;<\/p>\n","protected":false},"featured_media":10278,"comment_status":"open","ping_status":"closed","template":"","meta":[],"_links":{"self":[{"href":"https:\/\/violmax.pl\/index.php\/wp-json\/wp\/v2\/product\/10284"}],"collection":[{"href":"https:\/\/violmax.pl\/index.php\/wp-json\/wp\/v2\/product"}],"about":[{"href":"https:\/\/violmax.pl\/index.php\/wp-json\/wp\/v2\/types\/product"}],"replies":[{"embeddable":true,"href":"https:\/\/violmax.pl\/index.php\/wp-json\/wp\/v2\/comments?post=10284"}],"wp:featuredmedia":[{"embeddable":true,"href":"https:\/\/violmax.pl\/index.php\/wp-json\/wp\/v2\/media\/10278"}],"wp:attachment":[{"href":"https:\/\/violmax.pl\/index.php\/wp-json\/wp\/v2\/media?parent=10284"}],"curies":[{"name":"wp","href":"https:\/\/api.w.org\/{rel}","templated":true}]}}