{"id":10252,"date":"2023-10-12T19:39:26","date_gmt":"2023-10-12T17:39:26","guid":{"rendered":"http:\/\/violmax.pl\/?post_type=product&#038;p=10252"},"modified":"2025-12-02T12:36:45","modified_gmt":"2025-12-02T11:36:45","slug":"myslistwo-szklanka-do-piwa-basia-385-ml-zwierzeta-lowne-2-szron","status":"publish","type":"product","link":"https:\/\/violmax.pl\/index.php\/produkt\/myslistwo-szklanka-do-piwa-basia-385-ml-zwierzeta-lowne-2-szron\/","title":{"rendered":"MY\u015aLISTWO, SZKLANKA DO PIWA &#8220;BASIA&#8221; 385 ML, ZWIERZ\u0118TA \u0141OWNE, SZRON"},"content":{"rendered":"<p><img loading=\"lazy\" class=\"alignnone size-medium wp-image-10251\" src=\"http:\/\/violmax.pl\/wp-content\/uploads\/2023\/10\/Myslistwo_szklanka_do_piwa_basia_385_ml_zwierzeta_lowne_2_szron-300x250.png\" alt=\"\" width=\"300\" height=\"250\" srcset=\"https:\/\/violmax.pl\/wp-content\/uploads\/2023\/10\/Myslistwo_szklanka_do_piwa_basia_385_ml_zwierzeta_lowne_2_szron-300x250.png 300w, https:\/\/violmax.pl\/wp-content\/uploads\/2023\/10\/Myslistwo_szklanka_do_piwa_basia_385_ml_zwierzeta_lowne_2_szron-768x640.png 768w, https:\/\/violmax.pl\/wp-content\/uploads\/2023\/10\/Myslistwo_szklanka_do_piwa_basia_385_ml_zwierzeta_lowne_2_szron-680x567.png 680w, https:\/\/violmax.pl\/wp-content\/uploads\/2023\/10\/Myslistwo_szklanka_do_piwa_basia_385_ml_zwierzeta_lowne_2_szron.png 900w\" sizes=\"(max-width: 300px) 100vw, 300px\" \/><img loading=\"lazy\" class=\"alignnone size-medium wp-image-10250\" src=\"http:\/\/violmax.pl\/wp-content\/uploads\/2023\/10\/Myslistwo_szklanka_do_piwa_basia_385_ml_zwierzeta_lowne_1_szron-300x250.png\" alt=\"\" width=\"300\" height=\"250\" srcset=\"https:\/\/violmax.pl\/wp-content\/uploads\/2023\/10\/Myslistwo_szklanka_do_piwa_basia_385_ml_zwierzeta_lowne_1_szron-300x250.png 300w, https:\/\/violmax.pl\/wp-content\/uploads\/2023\/10\/Myslistwo_szklanka_do_piwa_basia_385_ml_zwierzeta_lowne_1_szron-768x640.png 768w, https:\/\/violmax.pl\/wp-content\/uploads\/2023\/10\/Myslistwo_szklanka_do_piwa_basia_385_ml_zwierzeta_lowne_1_szron-680x567.png 680w, https:\/\/violmax.pl\/wp-content\/uploads\/2023\/10\/Myslistwo_szklanka_do_piwa_basia_385_ml_zwierzeta_lowne_1_szron.png 900w\" sizes=\"(max-width: 300px) 100vw, 300px\" \/><\/p>\n<p>&nbsp;<\/p>\n<p>Szklanka do piwa &#8220;BASIA&#8221; o litra\u017cu 385 ml. Elegancki upominek dla my\u015bliwego. Szklanka jest wypiaskowana , co sprawia \u017ce wygl\u0105da jak by by\u0142a zmro\u017cona. Ozdobiona jest zwierz\u0119tami \u0142ownymi. Komplet sk\u0142ada si\u0119 z 6 szt. szklanek, ka\u017cda ozdobiona jest innym zwierz\u0119ciem. Wygodna szklanka o \u015bredniej pojemno\u015bci, dobrze trzyma si\u0119 w d\u0142oni. Wykonana jest z wysokiej jako\u015bci szk\u0142a. Nadaje si\u0119 do mycia w zmywarce<\/p>\n","protected":false},"excerpt":{"rendered":"<p><img loading=\"lazy\" class=\"alignnone size-medium wp-image-3492\" src=\"http:\/\/violmax.pl\/wp-content\/uploads\/2020\/05\/VIOLMAX_POLSKA-300x28.jpg\" alt=\"\" width=\"300\" height=\"28\" \/><\/p>\n<p>Szklanka do piwa &#8220;BASIA&#8221; o litra\u017cu 385 ml. Elegancki upominek dla my\u015bliwego. Szklanka jest wypiaskowana , co sprawia \u017ce wygl\u0105da jak by by\u0142a zmro\u017cona. Ozdobiona jest zwierz\u0119tami \u0142ownymi. Komplet sk\u0142ada si\u0119 z 6 szt. szklanek, ka\u017cda ozdobiona jest innym zwierz\u0119ciem. Wygodna szklanka o \u015bredniej pojemno\u015bci, dobrze trzyma si\u0119 w d\u0142oni. Wykonana jest z wysokiej jako\u015bci szk\u0142a. Nadaje si\u0119 do mycia w zmywarce<\/p>\n<p><em><strong>Minimalna ilo\u015b\u0107 zam\u00f3wienia &#8211; 6 sztuk (1 opakowanie)<br \/>\n<\/strong><\/em><\/p>\n<p><strong><em>Towar sprzedawany na opakowania<\/em><\/strong><\/p>\n<h3><span style=\"color: #ff0000;\">PRZY DODAWANIU DO KOSZYKA, NALE\u017bY DODAWA\u0106 KROTNO\u015a\u0106\u00a0 LICZBY 6 &#8211; (1 opak)\u00a0 np: 6 ; 12 ; 18 itd<\/span><\/h3>\n<h3><strong>CENA ZA SZTUK\u0118.<\/strong><\/h3>\n<h2><strong>\u00a0<\/strong><\/h2>\n","protected":false},"featured_media":10250,"comment_status":"open","ping_status":"closed","template":"","meta":[],"_links":{"self":[{"href":"https:\/\/violmax.pl\/index.php\/wp-json\/wp\/v2\/product\/10252"}],"collection":[{"href":"https:\/\/violmax.pl\/index.php\/wp-json\/wp\/v2\/product"}],"about":[{"href":"https:\/\/violmax.pl\/index.php\/wp-json\/wp\/v2\/types\/product"}],"replies":[{"embeddable":true,"href":"https:\/\/violmax.pl\/index.php\/wp-json\/wp\/v2\/comments?post=10252"}],"wp:featuredmedia":[{"embeddable":true,"href":"https:\/\/violmax.pl\/index.php\/wp-json\/wp\/v2\/media\/10250"}],"wp:attachment":[{"href":"https:\/\/violmax.pl\/index.php\/wp-json\/wp\/v2\/media?parent=10252"}],"curies":[{"name":"wp","href":"https:\/\/api.w.org\/{rel}","templated":true}]}}