{"id":10239,"date":"2023-10-12T14:10:16","date_gmt":"2023-10-12T12:10:16","guid":{"rendered":"http:\/\/violmax.pl\/?post_type=product&#038;p=10239"},"modified":"2025-12-02T12:36:45","modified_gmt":"2025-12-02T11:36:45","slug":"myslistwo-kieliszek-do-wodki-lav-80-ml-mysliwy-zwierzeta-szron","status":"publish","type":"product","link":"https:\/\/violmax.pl\/index.php\/produkt\/myslistwo-kieliszek-do-wodki-lav-80-ml-mysliwy-zwierzeta-szron\/","title":{"rendered":"MY\u015aLISTWO, KIELISZEK DO W\u00d3DKI &#8220;LAV&#8221; 80 ML, MY\u015aLIWI I ZWIERZ\u0118TA \u0141OWNE SZRON"},"content":{"rendered":"<p><img loading=\"lazy\" class=\"alignnone size-medium wp-image-10231\" src=\"http:\/\/violmax.pl\/wp-content\/uploads\/2023\/10\/Myslistwo_kieliszek_do_wodki_lav_80_ml_mysliwy_zwierzeta_szron-300x150.png\" alt=\"\" width=\"300\" height=\"150\" srcset=\"https:\/\/violmax.pl\/wp-content\/uploads\/2023\/10\/Myslistwo_kieliszek_do_wodki_lav_80_ml_mysliwy_zwierzeta_szron-300x150.png 300w, https:\/\/violmax.pl\/wp-content\/uploads\/2023\/10\/Myslistwo_kieliszek_do_wodki_lav_80_ml_mysliwy_zwierzeta_szron-1024x512.png 1024w, https:\/\/violmax.pl\/wp-content\/uploads\/2023\/10\/Myslistwo_kieliszek_do_wodki_lav_80_ml_mysliwy_zwierzeta_szron-768x384.png 768w, https:\/\/violmax.pl\/wp-content\/uploads\/2023\/10\/Myslistwo_kieliszek_do_wodki_lav_80_ml_mysliwy_zwierzeta_szron-680x340.png 680w, https:\/\/violmax.pl\/wp-content\/uploads\/2023\/10\/Myslistwo_kieliszek_do_wodki_lav_80_ml_mysliwy_zwierzeta_szron.png 1500w\" sizes=\"(max-width: 300px) 100vw, 300px\" \/><\/p>\n<p>&nbsp;<\/p>\n<p>Kieliszek do w\u00f3dki\u00a0 &#8220;LAV&#8221; o pojemno\u015bci 80 ml. Elegancki upominek dla my\u015bliwego. Kieliszek jest wypiaskowany na oko\u0142o , co sprawia \u017ce wygl\u0105da jak by by\u0142 zmro\u017cony. Ozdobiony jest motywem my\u015bliwego oraz zwierz\u0119tami \u0142ownymi. W komplecie znajduje si\u0119 6 kieliszk\u00f3w, ozdobionych motywem ba\u017canta, kaczki, lisa, jelenia i zaj\u0105cami oraz dzika. Ka\u017cdy kieliszek jest przedstawiony na zdj\u0119ciu. Wygodny kieliszek o du\u017cej pojemno\u015bci, dobrze trzyma si\u0119 w d\u0142oni.\u00a0 Wykonany jest z wysokiej jako\u015bci szk\u0142a. Nadaje si\u0119 do mycia w zmywarkach.<\/p>\n","protected":false},"excerpt":{"rendered":"<p><img loading=\"lazy\" class=\"alignnone size-medium wp-image-3492\" src=\"http:\/\/violmax.pl\/wp-content\/uploads\/2020\/05\/VIOLMAX_POLSKA-300x28.jpg\" alt=\"\" width=\"300\" height=\"28\" \/><\/p>\n<p>Kieliszek do w\u00f3dki\u00a0 &#8220;LAV&#8221; o pojemno\u015bci 80 ml. Elegancki upominek dla my\u015bliwego. Kieliszek jest wypiaskowany na oko\u0142o , co sprawia \u017ce wygl\u0105da jak by by\u0142 zmro\u017cony. Ozdobiony jest motywem my\u015bliwego oraz zwierz\u0119tami \u0142ownymi. W komplecie znajduje si\u0119 6 kieliszk\u00f3w, ozdobionych motywem ba\u017canta, kaczki, lisa, jelenia i zaj\u0105cami oraz dzika. Ka\u017cdy kieliszek jest przedstawiony na zdj\u0119ciu. Wygodny kieliszek o du\u017cej pojemno\u015bci, dobrze trzyma si\u0119 w d\u0142oni.\u00a0 Wykonany jest z wysokiej jako\u015bci szk\u0142a. Nadaje si\u0119 do mycia w zmywarkach.<\/p>\n<p><em><strong>Minimalna ilo\u015b\u0107 zam\u00f3wienia &#8211; 6 sztuk (1 opakowanie)<br \/>\n<\/strong><\/em><\/p>\n<p><strong><em>Towar sprzedawany na opakowania<\/em><\/strong><\/p>\n<h3><span style=\"color: #ff0000;\">PRZY DODAWANIU DO KOSZYKA, NALE\u017bY DODAWA\u0106 KROTNO\u015a\u0106\u00a0 LICZBY 6 &#8211; (1 opak)\u00a0 np: 6 ; 12 ; 18 itd<\/span><\/h3>\n<h3><strong>CENA ZA SZTUK\u0118.<\/strong><\/h3>\n<h2><strong>\u00a0<\/strong><\/h2>\n","protected":false},"featured_media":10231,"comment_status":"open","ping_status":"closed","template":"","meta":[],"_links":{"self":[{"href":"https:\/\/violmax.pl\/index.php\/wp-json\/wp\/v2\/product\/10239"}],"collection":[{"href":"https:\/\/violmax.pl\/index.php\/wp-json\/wp\/v2\/product"}],"about":[{"href":"https:\/\/violmax.pl\/index.php\/wp-json\/wp\/v2\/types\/product"}],"replies":[{"embeddable":true,"href":"https:\/\/violmax.pl\/index.php\/wp-json\/wp\/v2\/comments?post=10239"}],"wp:featuredmedia":[{"embeddable":true,"href":"https:\/\/violmax.pl\/index.php\/wp-json\/wp\/v2\/media\/10231"}],"wp:attachment":[{"href":"https:\/\/violmax.pl\/index.php\/wp-json\/wp\/v2\/media?parent=10239"}],"curies":[{"name":"wp","href":"https:\/\/api.w.org\/{rel}","templated":true}]}}