{"id":10220,"date":"2023-10-10T09:26:46","date_gmt":"2023-10-10T07:26:46","guid":{"rendered":"http:\/\/violmax.pl\/?post_type=product&#038;p=10220"},"modified":"2025-12-02T12:36:46","modified_gmt":"2025-12-02T11:36:46","slug":"myslistwo-szklanka-do-whisky-cooper-320-ml-bohemia-mysliwi-i-zwierzeta-szron","status":"publish","type":"product","link":"https:\/\/violmax.pl\/index.php\/produkt\/myslistwo-szklanka-do-whisky-cooper-320-ml-bohemia-mysliwi-i-zwierzeta-szron\/","title":{"rendered":"MY\u015aLISTWO, SZKLANKA DO WHISKY BOHEMIA &#8220;COOPER&#8221; 320 ML KRYSZTA\u0141, MY\u015aLIWI I ZWIERZ\u0118TA \u0141OWNE SZRON"},"content":{"rendered":"<p><img loading=\"lazy\" class=\"alignnone size-medium wp-image-10216\" src=\"http:\/\/violmax.pl\/wp-content\/uploads\/2023\/10\/Mysliwstwo_szklanka_do_whisky_cooper_320_ml_bohemia_mysliwy_zwierzeta_1_szron-300x200.png\" alt=\"\" width=\"300\" height=\"200\" srcset=\"https:\/\/violmax.pl\/wp-content\/uploads\/2023\/10\/Mysliwstwo_szklanka_do_whisky_cooper_320_ml_bohemia_mysliwy_zwierzeta_1_szron-300x200.png 300w, https:\/\/violmax.pl\/wp-content\/uploads\/2023\/10\/Mysliwstwo_szklanka_do_whisky_cooper_320_ml_bohemia_mysliwy_zwierzeta_1_szron-768x512.png 768w, https:\/\/violmax.pl\/wp-content\/uploads\/2023\/10\/Mysliwstwo_szklanka_do_whisky_cooper_320_ml_bohemia_mysliwy_zwierzeta_1_szron-680x453.png 680w, https:\/\/violmax.pl\/wp-content\/uploads\/2023\/10\/Mysliwstwo_szklanka_do_whisky_cooper_320_ml_bohemia_mysliwy_zwierzeta_1_szron.png 900w\" sizes=\"(max-width: 300px) 100vw, 300px\" \/><img loading=\"lazy\" class=\"alignnone size-medium wp-image-10217\" src=\"http:\/\/violmax.pl\/wp-content\/uploads\/2023\/10\/Mysliwstwo_szklanka_do_whisky_cooper_320_ml_bohemia_mysliwy_zwierzeta_2_szron-300x200.png\" alt=\"\" width=\"300\" height=\"200\" srcset=\"https:\/\/violmax.pl\/wp-content\/uploads\/2023\/10\/Mysliwstwo_szklanka_do_whisky_cooper_320_ml_bohemia_mysliwy_zwierzeta_2_szron-300x200.png 300w, https:\/\/violmax.pl\/wp-content\/uploads\/2023\/10\/Mysliwstwo_szklanka_do_whisky_cooper_320_ml_bohemia_mysliwy_zwierzeta_2_szron-768x512.png 768w, https:\/\/violmax.pl\/wp-content\/uploads\/2023\/10\/Mysliwstwo_szklanka_do_whisky_cooper_320_ml_bohemia_mysliwy_zwierzeta_2_szron-680x453.png 680w, https:\/\/violmax.pl\/wp-content\/uploads\/2023\/10\/Mysliwstwo_szklanka_do_whisky_cooper_320_ml_bohemia_mysliwy_zwierzeta_2_szron.png 900w\" sizes=\"(max-width: 300px) 100vw, 300px\" \/><img loading=\"lazy\" class=\"alignnone size-medium wp-image-10172\" src=\"http:\/\/violmax.pl\/wp-content\/uploads\/2023\/09\/pudelko_karafka_lamana_750_ml-300x225.png\" alt=\"\" width=\"300\" height=\"225\" srcset=\"https:\/\/violmax.pl\/wp-content\/uploads\/2023\/09\/pudelko_karafka_lamana_750_ml-300x225.png 300w, https:\/\/violmax.pl\/wp-content\/uploads\/2023\/09\/pudelko_karafka_lamana_750_ml-768x576.png 768w, https:\/\/violmax.pl\/wp-content\/uploads\/2023\/09\/pudelko_karafka_lamana_750_ml-680x510.png 680w, https:\/\/violmax.pl\/wp-content\/uploads\/2023\/09\/pudelko_karafka_lamana_750_ml-600x450.png 600w, https:\/\/violmax.pl\/wp-content\/uploads\/2023\/09\/pudelko_karafka_lamana_750_ml.png 900w\" sizes=\"(max-width: 300px) 100vw, 300px\" \/><\/p>\n<p>&nbsp;<\/p>\n<p>Szklanka do whisky Bohemia szk\u0142o kryszta\u0142 &#8220;COOPER&#8221; o pojemno\u015bci 320 ml. Elegancki upominek dla my\u015bliwego. Szklanka\u00a0 jest wypiaskowany na oko\u0142o , co sprawia \u017ce wygl\u0105da jak by by\u0142a zmro\u017cona. Ozdobiona jest motywem my\u015bliwego oraz zwierz\u0119tami \u0142ownymi. W komplecie znajduje si\u0119 6 szklanek, ozdobionych motywem ba\u017canta, kaczki, \u0142osia, jelenia, lisami i dzika oraz z drugiej strony my\u015bliwym. Wygodna szklanka o du\u017cej pojemno\u015bci, dobrze trzyma si\u0119 w d\u0142oni.\u00a0 Wykonana jest z wysokiej jako\u015bci szk\u0142a kryszta\u0142owego.<\/p>\n","protected":false},"excerpt":{"rendered":"<p><img loading=\"lazy\" class=\"alignnone size-full wp-image-5364\" src=\"http:\/\/violmax.pl\/wp-content\/uploads\/2020\/10\/VIOLMAX_POLSKA-3.jpg\" alt=\"\" width=\"300\" height=\"28\" \/><\/p>\n<p>&nbsp;<\/p>\n<p>Szklanka do whisky Bohemia szk\u0142o kryszta\u0142 &#8220;COOPER&#8221; o pojemno\u015bci 320 ml. Elegancki upominek dla my\u015bliwego. Szklanka\u00a0 jest wypiaskowany na oko\u0142o , co sprawia \u017ce wygl\u0105da jak by by\u0142a zmro\u017cona. Ozdobiona jest motywem my\u015bliwego oraz zwierz\u0119tami \u0142ownymi. W komplecie znajduje si\u0119 6 szklanek, ozdobionych motywem ba\u017canta, kaczki, \u0142osia, jelenia, lisami i dzika oraz z drugiej strony my\u015bliwym. Wygodna szklanka o du\u017cej pojemno\u015bci, dobrze trzyma si\u0119 w d\u0142oni.\u00a0 Wykonana jest z wysokiej jako\u015bci szk\u0142a kryszta\u0142owego.<\/p>\n<p><em><strong>Minimalna ilo\u015b\u0107 zam\u00f3wienia &#8211; 6 sztuk (1 opakowanie)<br \/>\n<\/strong><\/em><\/p>\n<p><strong><em>Towar sprzedawany na opakowania<\/em><\/strong><\/p>\n<h3><span style=\"color: #ff0000;\">PRZY DODAWANIU DO KOSZYKA, NALE\u017bY DODAWA\u0106 KROTNO\u015a\u0106\u00a0 LICZBY 6 &#8211; (1 opak)\u00a0 np: 6 ; 12 ; 18 itd<\/span><\/h3>\n<h3><strong>CENA ZA SZTUK\u0118.<\/strong><\/h3>\n<h2><strong>\u00a0<\/strong><\/h2>\n","protected":false},"featured_media":10216,"comment_status":"open","ping_status":"closed","template":"","meta":[],"_links":{"self":[{"href":"https:\/\/violmax.pl\/index.php\/wp-json\/wp\/v2\/product\/10220"}],"collection":[{"href":"https:\/\/violmax.pl\/index.php\/wp-json\/wp\/v2\/product"}],"about":[{"href":"https:\/\/violmax.pl\/index.php\/wp-json\/wp\/v2\/types\/product"}],"replies":[{"embeddable":true,"href":"https:\/\/violmax.pl\/index.php\/wp-json\/wp\/v2\/comments?post=10220"}],"wp:featuredmedia":[{"embeddable":true,"href":"https:\/\/violmax.pl\/index.php\/wp-json\/wp\/v2\/media\/10216"}],"wp:attachment":[{"href":"https:\/\/violmax.pl\/index.php\/wp-json\/wp\/v2\/media?parent=10220"}],"curies":[{"name":"wp","href":"https:\/\/api.w.org\/{rel}","templated":true}]}}