{"id":10218,"date":"2023-10-10T09:07:10","date_gmt":"2023-10-10T07:07:10","guid":{"rendered":"http:\/\/violmax.pl\/?post_type=product&#038;p=10218"},"modified":"2025-12-02T12:36:46","modified_gmt":"2025-12-02T11:36:46","slug":"myslistwo-szklanka-do-piwa-viola-568-ml-mysliwy-los-szron","status":"publish","type":"product","link":"https:\/\/violmax.pl\/index.php\/produkt\/myslistwo-szklanka-do-piwa-viola-568-ml-mysliwy-los-szron\/","title":{"rendered":"MY\u015aLISTWO, SZKLANKA DO PIWA &#8220;VIOLA&#8221; 568 ML, MY\u015aLIWY I ZWIERZ\u0118TA, SZRON"},"content":{"rendered":"<p><img loading=\"lazy\" class=\"alignnone size-medium wp-image-10215\" src=\"http:\/\/violmax.pl\/wp-content\/uploads\/2023\/10\/Mysliwstwo_szklanka_do_piwa_viola_568_ml_mysliwy_los_szron-300x300.png\" alt=\"\" width=\"300\" height=\"300\" srcset=\"https:\/\/violmax.pl\/wp-content\/uploads\/2023\/10\/Mysliwstwo_szklanka_do_piwa_viola_568_ml_mysliwy_los_szron-300x300.png 300w, https:\/\/violmax.pl\/wp-content\/uploads\/2023\/10\/Mysliwstwo_szklanka_do_piwa_viola_568_ml_mysliwy_los_szron-768x768.png 768w, https:\/\/violmax.pl\/wp-content\/uploads\/2023\/10\/Mysliwstwo_szklanka_do_piwa_viola_568_ml_mysliwy_los_szron-680x680.png 680w, https:\/\/violmax.pl\/wp-content\/uploads\/2023\/10\/Mysliwstwo_szklanka_do_piwa_viola_568_ml_mysliwy_los_szron-100x100.png 100w, https:\/\/violmax.pl\/wp-content\/uploads\/2023\/10\/Mysliwstwo_szklanka_do_piwa_viola_568_ml_mysliwy_los_szron.png 900w\" sizes=\"(max-width: 300px) 100vw, 300px\" \/><img loading=\"lazy\" class=\"alignnone size-medium wp-image-10214\" src=\"http:\/\/violmax.pl\/wp-content\/uploads\/2023\/10\/Mysliwstwo_szklanka_do_piwa_viola_568_ml_mysliwy_lisy_szron-300x300.png\" alt=\"\" width=\"300\" height=\"300\" srcset=\"https:\/\/violmax.pl\/wp-content\/uploads\/2023\/10\/Mysliwstwo_szklanka_do_piwa_viola_568_ml_mysliwy_lisy_szron-300x300.png 300w, https:\/\/violmax.pl\/wp-content\/uploads\/2023\/10\/Mysliwstwo_szklanka_do_piwa_viola_568_ml_mysliwy_lisy_szron-768x768.png 768w, https:\/\/violmax.pl\/wp-content\/uploads\/2023\/10\/Mysliwstwo_szklanka_do_piwa_viola_568_ml_mysliwy_lisy_szron-680x680.png 680w, https:\/\/violmax.pl\/wp-content\/uploads\/2023\/10\/Mysliwstwo_szklanka_do_piwa_viola_568_ml_mysliwy_lisy_szron-100x100.png 100w, https:\/\/violmax.pl\/wp-content\/uploads\/2023\/10\/Mysliwstwo_szklanka_do_piwa_viola_568_ml_mysliwy_lisy_szron.png 900w\" sizes=\"(max-width: 300px) 100vw, 300px\" \/><img loading=\"lazy\" class=\"alignnone size-medium wp-image-10213\" src=\"http:\/\/violmax.pl\/wp-content\/uploads\/2023\/10\/Mysliwstwo_szklanka_do_piwa_viola_568_ml_mysliwy_kaczki_szron-300x300.png\" alt=\"\" width=\"300\" height=\"300\" srcset=\"https:\/\/violmax.pl\/wp-content\/uploads\/2023\/10\/Mysliwstwo_szklanka_do_piwa_viola_568_ml_mysliwy_kaczki_szron-300x300.png 300w, https:\/\/violmax.pl\/wp-content\/uploads\/2023\/10\/Mysliwstwo_szklanka_do_piwa_viola_568_ml_mysliwy_kaczki_szron-768x768.png 768w, https:\/\/violmax.pl\/wp-content\/uploads\/2023\/10\/Mysliwstwo_szklanka_do_piwa_viola_568_ml_mysliwy_kaczki_szron-680x680.png 680w, https:\/\/violmax.pl\/wp-content\/uploads\/2023\/10\/Mysliwstwo_szklanka_do_piwa_viola_568_ml_mysliwy_kaczki_szron-100x100.png 100w, https:\/\/violmax.pl\/wp-content\/uploads\/2023\/10\/Mysliwstwo_szklanka_do_piwa_viola_568_ml_mysliwy_kaczki_szron.png 900w\" sizes=\"(max-width: 300px) 100vw, 300px\" \/><img loading=\"lazy\" class=\"alignnone size-medium wp-image-10212\" src=\"http:\/\/violmax.pl\/wp-content\/uploads\/2023\/10\/Mysliwstwo_szklanka_do_piwa_viola_568_ml_mysliwy_jelen_szron-300x300.png\" alt=\"\" width=\"300\" height=\"300\" srcset=\"https:\/\/violmax.pl\/wp-content\/uploads\/2023\/10\/Mysliwstwo_szklanka_do_piwa_viola_568_ml_mysliwy_jelen_szron-300x300.png 300w, https:\/\/violmax.pl\/wp-content\/uploads\/2023\/10\/Mysliwstwo_szklanka_do_piwa_viola_568_ml_mysliwy_jelen_szron-768x768.png 768w, https:\/\/violmax.pl\/wp-content\/uploads\/2023\/10\/Mysliwstwo_szklanka_do_piwa_viola_568_ml_mysliwy_jelen_szron-680x680.png 680w, https:\/\/violmax.pl\/wp-content\/uploads\/2023\/10\/Mysliwstwo_szklanka_do_piwa_viola_568_ml_mysliwy_jelen_szron-100x100.png 100w, https:\/\/violmax.pl\/wp-content\/uploads\/2023\/10\/Mysliwstwo_szklanka_do_piwa_viola_568_ml_mysliwy_jelen_szron.png 900w\" sizes=\"(max-width: 300px) 100vw, 300px\" \/><img loading=\"lazy\" class=\"alignnone size-medium wp-image-10211\" src=\"http:\/\/violmax.pl\/wp-content\/uploads\/2023\/10\/Mysliwstwo_szklanka_do_piwa_viola_568_ml_mysliwy_dzik_szron-300x300.png\" alt=\"\" width=\"300\" height=\"300\" srcset=\"https:\/\/violmax.pl\/wp-content\/uploads\/2023\/10\/Mysliwstwo_szklanka_do_piwa_viola_568_ml_mysliwy_dzik_szron-300x300.png 300w, https:\/\/violmax.pl\/wp-content\/uploads\/2023\/10\/Mysliwstwo_szklanka_do_piwa_viola_568_ml_mysliwy_dzik_szron-768x768.png 768w, https:\/\/violmax.pl\/wp-content\/uploads\/2023\/10\/Mysliwstwo_szklanka_do_piwa_viola_568_ml_mysliwy_dzik_szron-680x680.png 680w, https:\/\/violmax.pl\/wp-content\/uploads\/2023\/10\/Mysliwstwo_szklanka_do_piwa_viola_568_ml_mysliwy_dzik_szron-100x100.png 100w, https:\/\/violmax.pl\/wp-content\/uploads\/2023\/10\/Mysliwstwo_szklanka_do_piwa_viola_568_ml_mysliwy_dzik_szron.png 900w\" sizes=\"(max-width: 300px) 100vw, 300px\" \/><img loading=\"lazy\" class=\"alignnone size-medium wp-image-10210\" src=\"http:\/\/violmax.pl\/wp-content\/uploads\/2023\/10\/Mysliwstwo_szklanka_do_piwa_viola_568_ml_mysliwy_bazanty_szron-300x300.png\" alt=\"\" width=\"300\" height=\"300\" srcset=\"https:\/\/violmax.pl\/wp-content\/uploads\/2023\/10\/Mysliwstwo_szklanka_do_piwa_viola_568_ml_mysliwy_bazanty_szron-300x300.png 300w, https:\/\/violmax.pl\/wp-content\/uploads\/2023\/10\/Mysliwstwo_szklanka_do_piwa_viola_568_ml_mysliwy_bazanty_szron-768x768.png 768w, https:\/\/violmax.pl\/wp-content\/uploads\/2023\/10\/Mysliwstwo_szklanka_do_piwa_viola_568_ml_mysliwy_bazanty_szron-680x680.png 680w, https:\/\/violmax.pl\/wp-content\/uploads\/2023\/10\/Mysliwstwo_szklanka_do_piwa_viola_568_ml_mysliwy_bazanty_szron-100x100.png 100w, https:\/\/violmax.pl\/wp-content\/uploads\/2023\/10\/Mysliwstwo_szklanka_do_piwa_viola_568_ml_mysliwy_bazanty_szron.png 900w\" sizes=\"(max-width: 300px) 100vw, 300px\" \/><\/p>\n<p>&nbsp;<\/p>\n<p>Szklanka do piwa &#8220;VIOLA&#8221; o litra\u017cu 568 ml. Elegancki upominek dla my\u015bliwego. Szklanka jest wypiaskowana , co sprawia \u017ce wygl\u0105da jak by by\u0142a zmro\u017cona. Ozdobiona jest motywem my\u015bliwego oraz z drugiej strony zwierz\u0119tami. Komplet sk\u0142ada si\u0119 z 6 szt. szklanek, ka\u017cda ozdobiona jest inny zwierz\u0119ciem. Wygodna szklanka o du\u017cej pojemno\u015bci, dobrze trzyma si\u0119 w d\u0142oni. Wykonana jest z wysokiej jako\u015bci szk\u0142a. Nadaje si\u0119 do mycia w zmywarce<\/p>\n","protected":false},"excerpt":{"rendered":"<p><img loading=\"lazy\" class=\"alignnone size-medium wp-image-3492\" src=\"http:\/\/violmax.pl\/wp-content\/uploads\/2020\/05\/VIOLMAX_POLSKA-300x28.jpg\" alt=\"\" width=\"300\" height=\"28\" \/><\/p>\n<p>Szklanka do piwa &#8220;VIOLA&#8221; o litra\u017cu 568 ml. Elegancki upominek dla my\u015bliwego. Szklanka jest wypiaskowana , co sprawia \u017ce wygl\u0105da jak by by\u0142a zmro\u017cona. Ozdobiona jest motywem my\u015bliwego oraz z drugiej strony zwierz\u0119tami. Komplet sk\u0142ada si\u0119 z 6 szt. szklanek, ka\u017cda ozdobiona jest inny zwierz\u0119ciem. Wygodna szklanka o du\u017cej pojemno\u015bci, dobrze trzyma si\u0119 w d\u0142oni. Wykonana jest z wysokiej jako\u015bci szk\u0142a. Nadaje si\u0119 do mycia w zmywarce<\/p>\n<p><em><strong>Minimalna ilo\u015b\u0107 zam\u00f3wienia &#8211; 6 sztuk (1 opakowanie)<br \/>\n<\/strong><\/em><\/p>\n<p><strong><em>Towar sprzedawany na opakowania<\/em><\/strong><\/p>\n<h3><span style=\"color: #ff0000;\">PRZY DODAWANIU DO KOSZYKA, NALE\u017bY DODAWA\u0106 KROTNO\u015a\u0106\u00a0 LICZBY 6 &#8211; (1 opak)\u00a0 np: 6 ; 12 ; 18 itd<\/span><\/h3>\n<h3><strong>CENA ZA SZTUK\u0118.<\/strong><\/h3>\n<h2><strong>\u00a0<\/strong><\/h2>\n","protected":false},"featured_media":10215,"comment_status":"open","ping_status":"closed","template":"","meta":[],"_links":{"self":[{"href":"https:\/\/violmax.pl\/index.php\/wp-json\/wp\/v2\/product\/10218"}],"collection":[{"href":"https:\/\/violmax.pl\/index.php\/wp-json\/wp\/v2\/product"}],"about":[{"href":"https:\/\/violmax.pl\/index.php\/wp-json\/wp\/v2\/types\/product"}],"replies":[{"embeddable":true,"href":"https:\/\/violmax.pl\/index.php\/wp-json\/wp\/v2\/comments?post=10218"}],"wp:featuredmedia":[{"embeddable":true,"href":"https:\/\/violmax.pl\/index.php\/wp-json\/wp\/v2\/media\/10215"}],"wp:attachment":[{"href":"https:\/\/violmax.pl\/index.php\/wp-json\/wp\/v2\/media?parent=10218"}],"curies":[{"name":"wp","href":"https:\/\/api.w.org\/{rel}","templated":true}]}}