{"id":10200,"date":"2023-09-11T21:09:34","date_gmt":"2023-09-11T19:09:34","guid":{"rendered":"http:\/\/violmax.pl\/?post_type=product&#038;p=10200"},"modified":"2023-10-27T15:12:09","modified_gmt":"2023-10-27T13:12:09","slug":"myslistwo-kieliszek-do-wodki-shot-40-ml-zwierzeta","status":"publish","type":"product","link":"https:\/\/violmax.pl\/index.php\/produkt\/myslistwo-kieliszek-do-wodki-shot-40-ml-zwierzeta\/","title":{"rendered":"MY\u015aLISTWO, KIELISZEK DO W\u00d3DKI KROSNO &#8220;SHOT 40&#8221; 40 ML, ZWIERZ\u0118TA \u0141OWNE SZRON"},"content":{"rendered":"<p><img loading=\"lazy\" class=\"alignnone size-medium wp-image-10405\" src=\"http:\/\/violmax.pl\/wp-content\/uploads\/2023\/10\/Myslistwo_kieliszek_do_wodki_shot_40_ml_zwierzeta_szron_karton-300x214.png\" alt=\"\" width=\"300\" height=\"214\" srcset=\"https:\/\/violmax.pl\/wp-content\/uploads\/2023\/10\/Myslistwo_kieliszek_do_wodki_shot_40_ml_zwierzeta_szron_karton-300x214.png 300w, https:\/\/violmax.pl\/wp-content\/uploads\/2023\/10\/Myslistwo_kieliszek_do_wodki_shot_40_ml_zwierzeta_szron_karton-1024x731.png 1024w, https:\/\/violmax.pl\/wp-content\/uploads\/2023\/10\/Myslistwo_kieliszek_do_wodki_shot_40_ml_zwierzeta_szron_karton-768x549.png 768w, https:\/\/violmax.pl\/wp-content\/uploads\/2023\/10\/Myslistwo_kieliszek_do_wodki_shot_40_ml_zwierzeta_szron_karton-680x486.png 680w, https:\/\/violmax.pl\/wp-content\/uploads\/2023\/10\/Myslistwo_kieliszek_do_wodki_shot_40_ml_zwierzeta_szron_karton.png 1260w\" sizes=\"(max-width: 300px) 100vw, 300px\" \/><img loading=\"lazy\" class=\"alignnone size-medium wp-image-10404\" src=\"http:\/\/violmax.pl\/wp-content\/uploads\/2023\/10\/Myslistwo_kieliszek_do_wodki_shot_40_ml_zwierzeta_szron-300x214.png\" alt=\"\" width=\"300\" height=\"214\" srcset=\"https:\/\/violmax.pl\/wp-content\/uploads\/2023\/10\/Myslistwo_kieliszek_do_wodki_shot_40_ml_zwierzeta_szron-300x214.png 300w, https:\/\/violmax.pl\/wp-content\/uploads\/2023\/10\/Myslistwo_kieliszek_do_wodki_shot_40_ml_zwierzeta_szron-1024x731.png 1024w, https:\/\/violmax.pl\/wp-content\/uploads\/2023\/10\/Myslistwo_kieliszek_do_wodki_shot_40_ml_zwierzeta_szron-768x549.png 768w, https:\/\/violmax.pl\/wp-content\/uploads\/2023\/10\/Myslistwo_kieliszek_do_wodki_shot_40_ml_zwierzeta_szron-680x486.png 680w, https:\/\/violmax.pl\/wp-content\/uploads\/2023\/10\/Myslistwo_kieliszek_do_wodki_shot_40_ml_zwierzeta_szron.png 1260w\" sizes=\"(max-width: 300px) 100vw, 300px\" \/><img loading=\"lazy\" class=\"alignnone size-medium wp-image-10172\" src=\"http:\/\/violmax.pl\/wp-content\/uploads\/2023\/09\/pudelko_karafka_lamana_750_ml-300x225.png\" alt=\"\" width=\"300\" height=\"225\" srcset=\"https:\/\/violmax.pl\/wp-content\/uploads\/2023\/09\/pudelko_karafka_lamana_750_ml-300x225.png 300w, https:\/\/violmax.pl\/wp-content\/uploads\/2023\/09\/pudelko_karafka_lamana_750_ml-768x576.png 768w, https:\/\/violmax.pl\/wp-content\/uploads\/2023\/09\/pudelko_karafka_lamana_750_ml-680x510.png 680w, https:\/\/violmax.pl\/wp-content\/uploads\/2023\/09\/pudelko_karafka_lamana_750_ml-600x450.png 600w, https:\/\/violmax.pl\/wp-content\/uploads\/2023\/09\/pudelko_karafka_lamana_750_ml.png 900w\" sizes=\"(max-width: 300px) 100vw, 300px\" \/><\/p>\n<p>&nbsp;<\/p>\n<p>Kieliszek do w\u00f3dki Krosno &#8220;SHOT\u00a0 40&#8221; o pojemno\u015bci 40 ml. Elegancki upominek dla my\u015bliwego. W komplecie znajduje si\u0119 6 kieliszk\u00f3w, ozdobionych motywem ba\u017canta, kaczki, lisa, jelenia, dzika oraz zaj\u0105ca. Przyk\u0142ady zdobie\u0144 przedstawione s\u0105 na zdj\u0119ciach. Istnieje mo\u017cliwo\u015b\u0107 zdobienia kieliszk\u00f3w z wybranymi zwierz\u0119tami. Wygodny kieliszek o du\u017cej pojemno\u015bci, dobrze trzyma si\u0119 w d\u0142oni.\u00a0 Wykonany jest z wysokiej jako\u015bci szk\u0142a. Nadaje si\u0119 do mycia w zmywarce.<\/p>\n","protected":false},"excerpt":{"rendered":"<p><img loading=\"lazy\" class=\"alignnone size-medium wp-image-3492\" src=\"http:\/\/violmax.pl\/wp-content\/uploads\/2020\/05\/VIOLMAX_POLSKA-300x28.jpg\" alt=\"\" width=\"300\" height=\"28\" \/><\/p>\n<p>Kieliszek do w\u00f3dki Krosno &#8220;SHOT 40&#8221; o pojemno\u015bci 40 ml. Elegancki upominek dla my\u015bliwego. W komplecie znajduje si\u0119 6 kieliszk\u00f3w, ozdobionych motywem ba\u017canta, kaczki, lisa, jelenia, dzika oraz zaj\u0105ca. Przyk\u0142ady zdobie\u0144 przedstawione s\u0105 na zdj\u0119ciach. Istnieje mo\u017cliwo\u015b\u0107 zdobienia kieliszk\u00f3w z wybranymi zwierz\u0119tami. Wygodny kieliszek o du\u017cej pojemno\u015bci, dobrze trzyma si\u0119 w d\u0142oni.\u00a0 Wykonany jest z wysokiej jako\u015bci szk\u0142a. Nadaje si\u0119 do mycia w zmywarce.<\/p>\n<p><em><strong>Minimalna ilo\u015b\u0107 zam\u00f3wienia &#8211; 6 sztuk (1 opakowanie)<br \/>\n<\/strong><\/em><\/p>\n<p><strong><em>Towar sprzedawany na opakowania<\/em><\/strong><\/p>\n<h3><span style=\"color: #ff0000;\">PRZY DODAWANIU DO KOSZYKA, NALE\u017bY DODAWA\u0106 KROTNO\u015a\u0106\u00a0 LICZBY 6 &#8211; (1 opak)\u00a0 np: 6 ; 12 ; 18 itd<\/span><\/h3>\n<h3><strong>CENA ZA SZTUK\u0118.<\/strong><\/h3>\n<h2><strong>\u00a0<\/strong><\/h2>\n","protected":false},"featured_media":10405,"comment_status":"open","ping_status":"closed","template":"","meta":[],"_links":{"self":[{"href":"https:\/\/violmax.pl\/index.php\/wp-json\/wp\/v2\/product\/10200"}],"collection":[{"href":"https:\/\/violmax.pl\/index.php\/wp-json\/wp\/v2\/product"}],"about":[{"href":"https:\/\/violmax.pl\/index.php\/wp-json\/wp\/v2\/types\/product"}],"replies":[{"embeddable":true,"href":"https:\/\/violmax.pl\/index.php\/wp-json\/wp\/v2\/comments?post=10200"}],"wp:featuredmedia":[{"embeddable":true,"href":"https:\/\/violmax.pl\/index.php\/wp-json\/wp\/v2\/media\/10405"}],"wp:attachment":[{"href":"https:\/\/violmax.pl\/index.php\/wp-json\/wp\/v2\/media?parent=10200"}],"curies":[{"name":"wp","href":"https:\/\/api.w.org\/{rel}","templated":true}]}}