{"id":10189,"date":"2023-09-11T20:45:50","date_gmt":"2023-09-11T18:45:50","guid":{"rendered":"http:\/\/violmax.pl\/?post_type=product&#038;p=10189"},"modified":"2025-12-02T12:41:10","modified_gmt":"2025-12-02T11:41:10","slug":"myslistwo-szklanka-do-whisky-ascot-300-ml-pistolety-polskie","status":"publish","type":"product","link":"https:\/\/violmax.pl\/index.php\/produkt\/myslistwo-szklanka-do-whisky-ascot-300-ml-pistolety-polskie\/","title":{"rendered":"MY\u015aLISTWO, SZKLANKA DO WHISKY &#8220;ASCOT&#8221; 300 ML, PISTOLETY POLSKIE SZRON"},"content":{"rendered":"<p>&nbsp;<\/p>\n<p><img loading=\"lazy\" class=\"alignnone size-medium wp-image-10161\" src=\"http:\/\/violmax.pl\/wp-content\/uploads\/2023\/09\/Mysliwskie_szklanka_do_whisky_ascot_300_ml_pistolety_polskie-300x225.png\" alt=\"\" width=\"300\" height=\"225\" srcset=\"https:\/\/violmax.pl\/wp-content\/uploads\/2023\/09\/Mysliwskie_szklanka_do_whisky_ascot_300_ml_pistolety_polskie-300x225.png 300w, https:\/\/violmax.pl\/wp-content\/uploads\/2023\/09\/Mysliwskie_szklanka_do_whisky_ascot_300_ml_pistolety_polskie-768x576.png 768w, https:\/\/violmax.pl\/wp-content\/uploads\/2023\/09\/Mysliwskie_szklanka_do_whisky_ascot_300_ml_pistolety_polskie-680x510.png 680w, https:\/\/violmax.pl\/wp-content\/uploads\/2023\/09\/Mysliwskie_szklanka_do_whisky_ascot_300_ml_pistolety_polskie-600x450.png 600w, https:\/\/violmax.pl\/wp-content\/uploads\/2023\/09\/Mysliwskie_szklanka_do_whisky_ascot_300_ml_pistolety_polskie.png 900w\" sizes=\"(max-width: 300px) 100vw, 300px\" \/><img loading=\"lazy\" class=\"alignnone size-medium wp-image-10137\" src=\"http:\/\/violmax.pl\/wp-content\/uploads\/2023\/09\/Mysliwskie_szklanka_do_whisky_versailles_350_ml_pudelko_zamkniete-300x250.png\" alt=\"\" width=\"300\" height=\"250\" srcset=\"https:\/\/violmax.pl\/wp-content\/uploads\/2023\/09\/Mysliwskie_szklanka_do_whisky_versailles_350_ml_pudelko_zamkniete-300x250.png 300w, https:\/\/violmax.pl\/wp-content\/uploads\/2023\/09\/Mysliwskie_szklanka_do_whisky_versailles_350_ml_pudelko_zamkniete-768x640.png 768w, https:\/\/violmax.pl\/wp-content\/uploads\/2023\/09\/Mysliwskie_szklanka_do_whisky_versailles_350_ml_pudelko_zamkniete-680x567.png 680w, https:\/\/violmax.pl\/wp-content\/uploads\/2023\/09\/Mysliwskie_szklanka_do_whisky_versailles_350_ml_pudelko_zamkniete.png 900w\" sizes=\"(max-width: 300px) 100vw, 300px\" \/><\/p>\n<p>Szklanka do whisky &#8220;ASCOT&#8221; o pojemno\u015bci 300 ml. Elegancki upominek dla osoby uprawiaj\u0105cej strzelanie sportowe. Szklanka jest wypiaskowana , co sprawia \u017ce wygl\u0105da jak by by\u0142a zmro\u017cona. Ozdobiona jest pistoletami produkcji zachodniej. Wygodna szklanka o du\u017cej pojemno\u015bci, dobrze trzyma si\u0119 w d\u0142oni. W komplecie znajduj\u0119 si\u0119 6 szklanek. Ca\u0142o\u015b\u0107 jest zapakowana w estetycznym i ekologicznym kartonie. Nadaje si\u0119 do mycia w zmywarce.<\/p>\n","protected":false},"excerpt":{"rendered":"<p><img loading=\"lazy\" class=\"alignnone size-medium wp-image-3492\" src=\"http:\/\/violmax.pl\/wp-content\/uploads\/2020\/05\/VIOLMAX_POLSKA-300x28.jpg\" alt=\"\" width=\"300\" height=\"28\" \/><\/p>\n<p>&nbsp;<\/p>\n<p>Szklanka do whisky &#8220;ASCOT&#8221; o pojemno\u015bci 300 ml. Elegancki upominek dla osoby uprawiaj\u0105cej strzelanie sportowe. Szklanka jest wypiaskowana , co sprawia \u017ce wygl\u0105da jak by by\u0142a zmro\u017cona. Ozdobiona jest pistoletami produkcji zachodniej. Wygodna szklanka o du\u017cej pojemno\u015bci, dobrze trzyma si\u0119 w d\u0142oni. W komplecie znajduj\u0119 si\u0119 6 szklanek. Ca\u0142o\u015b\u0107 jest zapakowana w estetycznym i ekologicznym kartonie. Nadaje si\u0119 do mycia w zmywarce.<\/p>\n<p><em><strong>Minimalna ilo\u015b\u0107 zam\u00f3wienia &#8211; 6 sztuk (1 opakowanie)<br \/>\n<\/strong><\/em><\/p>\n<p><strong><em>Towar sprzedawany na opakowania<\/em><\/strong><\/p>\n<h3><span style=\"color: #ff0000;\">PRZY DODAWANIU DO KOSZYKA, NALE\u017bY DODAWA\u0106 KROTNO\u015a\u0106\u00a0 LICZBY 6 &#8211; (1 opak)\u00a0 np: 6 ; 12 ; 18 itd<\/span><\/h3>\n<h3><strong>CENA ZA SZTUK\u0118.<\/strong><\/h3>\n<h2><strong>\u00a0<\/strong><\/h2>\n","protected":false},"featured_media":10161,"comment_status":"open","ping_status":"closed","template":"","meta":[],"_links":{"self":[{"href":"https:\/\/violmax.pl\/index.php\/wp-json\/wp\/v2\/product\/10189"}],"collection":[{"href":"https:\/\/violmax.pl\/index.php\/wp-json\/wp\/v2\/product"}],"about":[{"href":"https:\/\/violmax.pl\/index.php\/wp-json\/wp\/v2\/types\/product"}],"replies":[{"embeddable":true,"href":"https:\/\/violmax.pl\/index.php\/wp-json\/wp\/v2\/comments?post=10189"}],"wp:featuredmedia":[{"embeddable":true,"href":"https:\/\/violmax.pl\/index.php\/wp-json\/wp\/v2\/media\/10161"}],"wp:attachment":[{"href":"https:\/\/violmax.pl\/index.php\/wp-json\/wp\/v2\/media?parent=10189"}],"curies":[{"name":"wp","href":"https:\/\/api.w.org\/{rel}","templated":true}]}}