{"id":10173,"date":"2023-09-11T19:52:26","date_gmt":"2023-09-11T17:52:26","guid":{"rendered":"http:\/\/violmax.pl\/?post_type=product&#038;p=10173"},"modified":"2025-12-02T12:41:13","modified_gmt":"2025-12-02T11:41:13","slug":"myslistwo-szklanka-do-wody-sylvana-300-ml-zwierzeta","status":"publish","type":"product","link":"https:\/\/violmax.pl\/index.php\/produkt\/myslistwo-szklanka-do-wody-sylvana-300-ml-zwierzeta\/","title":{"rendered":"MY\u015aLISTWO, SZKLANKA DO WODY &#8220;SYLVANA&#8221; 300 ML, MY\u015aLIWI I ZWIERZ\u0118TA \u0141OWNE"},"content":{"rendered":"<p>&nbsp;<\/p>\n<p><img loading=\"lazy\" class=\"alignnone size-medium wp-image-11332\" src=\"https:\/\/violmax.pl\/wp-content\/uploads\/2024\/10\/Myslistwo_szklanka_do_wody_sylvana_300_ml_zwierzeta_mysliwy-500x417.jpg\" alt=\"\" width=\"500\" height=\"417\" srcset=\"https:\/\/violmax.pl\/wp-content\/uploads\/2024\/10\/Myslistwo_szklanka_do_wody_sylvana_300_ml_zwierzeta_mysliwy-500x417.jpg 500w, https:\/\/violmax.pl\/wp-content\/uploads\/2024\/10\/Myslistwo_szklanka_do_wody_sylvana_300_ml_zwierzeta_mysliwy-1024x853.jpg 1024w, https:\/\/violmax.pl\/wp-content\/uploads\/2024\/10\/Myslistwo_szklanka_do_wody_sylvana_300_ml_zwierzeta_mysliwy-768x640.jpg 768w, https:\/\/violmax.pl\/wp-content\/uploads\/2024\/10\/Myslistwo_szklanka_do_wody_sylvana_300_ml_zwierzeta_mysliwy-680x567.jpg 680w, https:\/\/violmax.pl\/wp-content\/uploads\/2024\/10\/Myslistwo_szklanka_do_wody_sylvana_300_ml_zwierzeta_mysliwy.jpg 1140w\" sizes=\"(max-width: 500px) 100vw, 500px\" \/><img loading=\"lazy\" class=\"alignnone size-medium wp-image-11338\" src=\"https:\/\/violmax.pl\/wp-content\/uploads\/2024\/10\/mysliwskie_szklanka_do_wody_sylvana_300_ml_los_mysliwy-500x417.jpg\" alt=\"\" width=\"500\" height=\"417\" srcset=\"https:\/\/violmax.pl\/wp-content\/uploads\/2024\/10\/mysliwskie_szklanka_do_wody_sylvana_300_ml_los_mysliwy-500x417.jpg 500w, https:\/\/violmax.pl\/wp-content\/uploads\/2024\/10\/mysliwskie_szklanka_do_wody_sylvana_300_ml_los_mysliwy-1024x853.jpg 1024w, https:\/\/violmax.pl\/wp-content\/uploads\/2024\/10\/mysliwskie_szklanka_do_wody_sylvana_300_ml_los_mysliwy-768x640.jpg 768w, https:\/\/violmax.pl\/wp-content\/uploads\/2024\/10\/mysliwskie_szklanka_do_wody_sylvana_300_ml_los_mysliwy-680x567.jpg 680w, https:\/\/violmax.pl\/wp-content\/uploads\/2024\/10\/mysliwskie_szklanka_do_wody_sylvana_300_ml_los_mysliwy.jpg 1140w\" sizes=\"(max-width: 500px) 100vw, 500px\" \/><img loading=\"lazy\" class=\"alignnone size-medium wp-image-11337\" src=\"https:\/\/violmax.pl\/wp-content\/uploads\/2024\/10\/mysliwskie_szklanka_do_wody_sylvana_300_ml_lisy_mysliwy-500x417.jpg\" alt=\"\" width=\"500\" height=\"417\" srcset=\"https:\/\/violmax.pl\/wp-content\/uploads\/2024\/10\/mysliwskie_szklanka_do_wody_sylvana_300_ml_lisy_mysliwy-500x417.jpg 500w, https:\/\/violmax.pl\/wp-content\/uploads\/2024\/10\/mysliwskie_szklanka_do_wody_sylvana_300_ml_lisy_mysliwy-1024x853.jpg 1024w, https:\/\/violmax.pl\/wp-content\/uploads\/2024\/10\/mysliwskie_szklanka_do_wody_sylvana_300_ml_lisy_mysliwy-768x640.jpg 768w, https:\/\/violmax.pl\/wp-content\/uploads\/2024\/10\/mysliwskie_szklanka_do_wody_sylvana_300_ml_lisy_mysliwy-680x567.jpg 680w, https:\/\/violmax.pl\/wp-content\/uploads\/2024\/10\/mysliwskie_szklanka_do_wody_sylvana_300_ml_lisy_mysliwy.jpg 1140w\" sizes=\"(max-width: 500px) 100vw, 500px\" \/><img loading=\"lazy\" class=\"alignnone size-medium wp-image-11336\" src=\"https:\/\/violmax.pl\/wp-content\/uploads\/2024\/10\/mysliwskie_szklanka_do_wody_sylvana_300_ml_kaczki_mysliwy-500x417.jpg\" alt=\"\" width=\"500\" height=\"417\" srcset=\"https:\/\/violmax.pl\/wp-content\/uploads\/2024\/10\/mysliwskie_szklanka_do_wody_sylvana_300_ml_kaczki_mysliwy-500x417.jpg 500w, https:\/\/violmax.pl\/wp-content\/uploads\/2024\/10\/mysliwskie_szklanka_do_wody_sylvana_300_ml_kaczki_mysliwy-1024x853.jpg 1024w, https:\/\/violmax.pl\/wp-content\/uploads\/2024\/10\/mysliwskie_szklanka_do_wody_sylvana_300_ml_kaczki_mysliwy-768x640.jpg 768w, https:\/\/violmax.pl\/wp-content\/uploads\/2024\/10\/mysliwskie_szklanka_do_wody_sylvana_300_ml_kaczki_mysliwy-680x567.jpg 680w, https:\/\/violmax.pl\/wp-content\/uploads\/2024\/10\/mysliwskie_szklanka_do_wody_sylvana_300_ml_kaczki_mysliwy.jpg 1140w\" sizes=\"(max-width: 500px) 100vw, 500px\" \/><img loading=\"lazy\" class=\"alignnone size-medium wp-image-11335\" src=\"https:\/\/violmax.pl\/wp-content\/uploads\/2024\/10\/mysliwskie_szklanka_do_wody_sylvana_300_ml_jelen_mysliwy-500x417.jpg\" alt=\"\" width=\"500\" height=\"417\" srcset=\"https:\/\/violmax.pl\/wp-content\/uploads\/2024\/10\/mysliwskie_szklanka_do_wody_sylvana_300_ml_jelen_mysliwy-500x417.jpg 500w, https:\/\/violmax.pl\/wp-content\/uploads\/2024\/10\/mysliwskie_szklanka_do_wody_sylvana_300_ml_jelen_mysliwy-1024x853.jpg 1024w, https:\/\/violmax.pl\/wp-content\/uploads\/2024\/10\/mysliwskie_szklanka_do_wody_sylvana_300_ml_jelen_mysliwy-768x640.jpg 768w, https:\/\/violmax.pl\/wp-content\/uploads\/2024\/10\/mysliwskie_szklanka_do_wody_sylvana_300_ml_jelen_mysliwy-680x567.jpg 680w, https:\/\/violmax.pl\/wp-content\/uploads\/2024\/10\/mysliwskie_szklanka_do_wody_sylvana_300_ml_jelen_mysliwy.jpg 1140w\" sizes=\"(max-width: 500px) 100vw, 500px\" \/><img loading=\"lazy\" class=\"alignnone size-medium wp-image-11334\" src=\"https:\/\/violmax.pl\/wp-content\/uploads\/2024\/10\/mysliwskie_szklanka_do_wody_sylvana_300_ml_dziki_mysliwy-500x417.jpg\" alt=\"\" width=\"500\" height=\"417\" srcset=\"https:\/\/violmax.pl\/wp-content\/uploads\/2024\/10\/mysliwskie_szklanka_do_wody_sylvana_300_ml_dziki_mysliwy-500x417.jpg 500w, https:\/\/violmax.pl\/wp-content\/uploads\/2024\/10\/mysliwskie_szklanka_do_wody_sylvana_300_ml_dziki_mysliwy-1024x853.jpg 1024w, https:\/\/violmax.pl\/wp-content\/uploads\/2024\/10\/mysliwskie_szklanka_do_wody_sylvana_300_ml_dziki_mysliwy-768x640.jpg 768w, https:\/\/violmax.pl\/wp-content\/uploads\/2024\/10\/mysliwskie_szklanka_do_wody_sylvana_300_ml_dziki_mysliwy-680x567.jpg 680w, https:\/\/violmax.pl\/wp-content\/uploads\/2024\/10\/mysliwskie_szklanka_do_wody_sylvana_300_ml_dziki_mysliwy.jpg 1140w\" sizes=\"(max-width: 500px) 100vw, 500px\" \/><img loading=\"lazy\" class=\"alignnone size-medium wp-image-11333\" src=\"https:\/\/violmax.pl\/wp-content\/uploads\/2024\/10\/mysliwskie_szklanka_do_wody_sylvana_300_ml_bazant_mysliwy-500x417.jpg\" alt=\"\" width=\"500\" height=\"417\" srcset=\"https:\/\/violmax.pl\/wp-content\/uploads\/2024\/10\/mysliwskie_szklanka_do_wody_sylvana_300_ml_bazant_mysliwy-500x417.jpg 500w, https:\/\/violmax.pl\/wp-content\/uploads\/2024\/10\/mysliwskie_szklanka_do_wody_sylvana_300_ml_bazant_mysliwy-1024x853.jpg 1024w, https:\/\/violmax.pl\/wp-content\/uploads\/2024\/10\/mysliwskie_szklanka_do_wody_sylvana_300_ml_bazant_mysliwy-768x640.jpg 768w, https:\/\/violmax.pl\/wp-content\/uploads\/2024\/10\/mysliwskie_szklanka_do_wody_sylvana_300_ml_bazant_mysliwy-680x567.jpg 680w, https:\/\/violmax.pl\/wp-content\/uploads\/2024\/10\/mysliwskie_szklanka_do_wody_sylvana_300_ml_bazant_mysliwy.jpg 1140w\" sizes=\"(max-width: 500px) 100vw, 500px\" \/><img loading=\"lazy\" class=\"alignnone size-medium wp-image-11209\" src=\"https:\/\/violmax.pl\/wp-content\/uploads\/2024\/09\/Myslistwo_szklanka_do_whisky_versailles_350_ml_pudelko_zamkniete-500x417.png\" alt=\"\" width=\"500\" height=\"417\" srcset=\"https:\/\/violmax.pl\/wp-content\/uploads\/2024\/09\/Myslistwo_szklanka_do_whisky_versailles_350_ml_pudelko_zamkniete-500x417.png 500w, https:\/\/violmax.pl\/wp-content\/uploads\/2024\/09\/Myslistwo_szklanka_do_whisky_versailles_350_ml_pudelko_zamkniete-768x640.png 768w, https:\/\/violmax.pl\/wp-content\/uploads\/2024\/09\/Myslistwo_szklanka_do_whisky_versailles_350_ml_pudelko_zamkniete-680x567.png 680w, https:\/\/violmax.pl\/wp-content\/uploads\/2024\/09\/Myslistwo_szklanka_do_whisky_versailles_350_ml_pudelko_zamkniete.png 900w\" sizes=\"(max-width: 500px) 100vw, 500px\" \/><\/p>\n<p>Szklanka do woda &#8220;SYLVANA&#8221; o pojemno\u015bci 300 ml. Elegancki upominek dla my\u015bliwego i nie tylko. Szklanka jest wypiaskowana i dlatego bez obawy mo\u017cna j\u0105 my\u0107 w zmywarce. Ozdobiona jest motywem zwierz\u0105t \u0142ownych i my\u015bliwymi. Wygodna szklanka o du\u017cej pojemno\u015bci, dobrze trzyma si\u0119 w d\u0142oni. Dno szklanki jest grube i zdobione na wz\u00f3r cytryny. W komplecie znajduj\u0119 si\u0119 6 szklanek. W zale\u017cno\u015bci od potrzeby, mo\u017cna je ozdobi\u0107 zwierz\u0119tami takimi jak: ba\u017cant, kaczka, dzik, jele\u0144, \u0142o\u015b, muflon, lis oraz zaj\u0105c. Ca\u0142o\u015b\u0107 jest zapakowana w estetycznym i ekologicznym firmowym kartonie VIOLMAX. Nadaje si\u0119 do mycia w zmywarce.<\/p>\n","protected":false},"excerpt":{"rendered":"<p><img loading=\"lazy\" class=\"alignnone size-medium wp-image-3492\" src=\"http:\/\/violmax.pl\/wp-content\/uploads\/2020\/05\/VIOLMAX_POLSKA-300x28.jpg\" alt=\"\" width=\"300\" height=\"28\" \/><\/p>\n<p>&nbsp;<\/p>\n<p>Szklanka do woda &#8220;SYLVANA&#8221; o pojemno\u015bci 300 ml. Elegancki upominek dla my\u015bliwego i nie tylko. Szklanka jest wypiaskowana i dlatego bez obawy mo\u017cna j\u0105 my\u0107 w zmywarce. Ozdobiona jest motywem zwierz\u0105t \u0142ownych i my\u015bliwymi. Wygodna szklanka o du\u017cej pojemno\u015bci, dobrze trzyma si\u0119 w d\u0142oni. Dno szklanki jest grube i zdobione na wz\u00f3r cytryny. W komplecie znajduj\u0119 si\u0119 6 szklanek. W zale\u017cno\u015bci od potrzeby, mo\u017cna je ozdobi\u0107 zwierz\u0119tami takimi jak: ba\u017cant, kaczka, dzik, jele\u0144, \u0142o\u015b, muflon, lis oraz zaj\u0105c. Ca\u0142o\u015b\u0107 jest zapakowana w estetycznym i ekologicznym firmowym kartonie VIOLMAX. Nadaje si\u0119 do mycia w zmywarce.<\/p>\n<p><em><strong>Minimalna ilo\u015b\u0107 zam\u00f3wienia &#8211; 6 sztuk (1 opakowanie)<br \/>\n<\/strong><\/em><\/p>\n<p><strong><em>Towar sprzedawany na opakowania<\/em><\/strong><\/p>\n<h3><span style=\"color: #ff0000;\">PRZY DODAWANIU DO KOSZYKA, NALE\u017bY DODAWA\u0106 KROTNO\u015a\u0106\u00a0 LICZBY 6 &#8211; (1 opak)\u00a0 np: 6 ; 12 ; 18 itd<\/span><\/h3>\n<h3><strong>CENA ZA SZTUK\u0118.<\/strong><\/h3>\n<h2><strong>\u00a0<\/strong><\/h2>\n","protected":false},"featured_media":11332,"comment_status":"open","ping_status":"closed","template":"","meta":[],"_links":{"self":[{"href":"https:\/\/violmax.pl\/index.php\/wp-json\/wp\/v2\/product\/10173"}],"collection":[{"href":"https:\/\/violmax.pl\/index.php\/wp-json\/wp\/v2\/product"}],"about":[{"href":"https:\/\/violmax.pl\/index.php\/wp-json\/wp\/v2\/types\/product"}],"replies":[{"embeddable":true,"href":"https:\/\/violmax.pl\/index.php\/wp-json\/wp\/v2\/comments?post=10173"}],"wp:featuredmedia":[{"embeddable":true,"href":"https:\/\/violmax.pl\/index.php\/wp-json\/wp\/v2\/media\/11332"}],"wp:attachment":[{"href":"https:\/\/violmax.pl\/index.php\/wp-json\/wp\/v2\/media?parent=10173"}],"curies":[{"name":"wp","href":"https:\/\/api.w.org\/{rel}","templated":true}]}}