{"id":10141,"date":"2023-09-09T14:58:08","date_gmt":"2023-09-09T12:58:08","guid":{"rendered":"http:\/\/violmax.pl\/?post_type=product&#038;p=10141"},"modified":"2025-12-02T12:41:14","modified_gmt":"2025-12-02T11:41:14","slug":"myslistwo-szklanka-do-napojow-allegra-300-ml-karton-otwarty","status":"publish","type":"product","link":"https:\/\/violmax.pl\/index.php\/produkt\/myslistwo-szklanka-do-napojow-allegra-300-ml-karton-otwarty\/","title":{"rendered":"MY\u015aLISTWO, SZKLANKA DO NAPOJ\u00d3W  &#8220;ALLEGRA&#8221; 300 ML, ZWIERZ\u0118TA \u0141OWNE, SZRON"},"content":{"rendered":"<p><img loading=\"lazy\" class=\"alignnone size-medium wp-image-11454\" src=\"https:\/\/violmax.pl\/wp-content\/uploads\/2024\/10\/myslistwo_szklanka_do_napojow_allegra_300_ml_karton_otwarty-500x417.jpg\" alt=\"\" width=\"500\" height=\"417\" srcset=\"https:\/\/violmax.pl\/wp-content\/uploads\/2024\/10\/myslistwo_szklanka_do_napojow_allegra_300_ml_karton_otwarty-500x417.jpg 500w, https:\/\/violmax.pl\/wp-content\/uploads\/2024\/10\/myslistwo_szklanka_do_napojow_allegra_300_ml_karton_otwarty-1024x853.jpg 1024w, https:\/\/violmax.pl\/wp-content\/uploads\/2024\/10\/myslistwo_szklanka_do_napojow_allegra_300_ml_karton_otwarty-768x640.jpg 768w, https:\/\/violmax.pl\/wp-content\/uploads\/2024\/10\/myslistwo_szklanka_do_napojow_allegra_300_ml_karton_otwarty-680x567.jpg 680w, https:\/\/violmax.pl\/wp-content\/uploads\/2024\/10\/myslistwo_szklanka_do_napojow_allegra_300_ml_karton_otwarty.jpg 1140w\" sizes=\"(max-width: 500px) 100vw, 500px\" \/><img loading=\"lazy\" class=\"alignnone size-medium wp-image-11453\" src=\"https:\/\/violmax.pl\/wp-content\/uploads\/2024\/10\/myslistwo_szklanka_do_napojow_allegra_300_ml_kaczki_szron-500x417.jpg\" alt=\"\" width=\"500\" height=\"417\" srcset=\"https:\/\/violmax.pl\/wp-content\/uploads\/2024\/10\/myslistwo_szklanka_do_napojow_allegra_300_ml_kaczki_szron-500x417.jpg 500w, https:\/\/violmax.pl\/wp-content\/uploads\/2024\/10\/myslistwo_szklanka_do_napojow_allegra_300_ml_kaczki_szron-1024x853.jpg 1024w, https:\/\/violmax.pl\/wp-content\/uploads\/2024\/10\/myslistwo_szklanka_do_napojow_allegra_300_ml_kaczki_szron-768x640.jpg 768w, https:\/\/violmax.pl\/wp-content\/uploads\/2024\/10\/myslistwo_szklanka_do_napojow_allegra_300_ml_kaczki_szron-680x567.jpg 680w, https:\/\/violmax.pl\/wp-content\/uploads\/2024\/10\/myslistwo_szklanka_do_napojow_allegra_300_ml_kaczki_szron.jpg 1140w\" sizes=\"(max-width: 500px) 100vw, 500px\" \/><img loading=\"lazy\" class=\"alignnone size-medium wp-image-11452\" src=\"https:\/\/violmax.pl\/wp-content\/uploads\/2024\/10\/myslistwo_szklanka_do_napojow_allegra_300_ml_jelenie_szron-500x417.jpg\" alt=\"\" width=\"500\" height=\"417\" srcset=\"https:\/\/violmax.pl\/wp-content\/uploads\/2024\/10\/myslistwo_szklanka_do_napojow_allegra_300_ml_jelenie_szron-500x417.jpg 500w, https:\/\/violmax.pl\/wp-content\/uploads\/2024\/10\/myslistwo_szklanka_do_napojow_allegra_300_ml_jelenie_szron-1024x853.jpg 1024w, https:\/\/violmax.pl\/wp-content\/uploads\/2024\/10\/myslistwo_szklanka_do_napojow_allegra_300_ml_jelenie_szron-768x640.jpg 768w, https:\/\/violmax.pl\/wp-content\/uploads\/2024\/10\/myslistwo_szklanka_do_napojow_allegra_300_ml_jelenie_szron-680x567.jpg 680w, https:\/\/violmax.pl\/wp-content\/uploads\/2024\/10\/myslistwo_szklanka_do_napojow_allegra_300_ml_jelenie_szron.jpg 1140w\" sizes=\"(max-width: 500px) 100vw, 500px\" \/><img loading=\"lazy\" class=\"alignnone size-medium wp-image-11451\" src=\"https:\/\/violmax.pl\/wp-content\/uploads\/2024\/10\/myslistwo_szklanka_do_napojow_allegra_300_ml_dziki_szron-500x417.jpg\" alt=\"\" width=\"500\" height=\"417\" srcset=\"https:\/\/violmax.pl\/wp-content\/uploads\/2024\/10\/myslistwo_szklanka_do_napojow_allegra_300_ml_dziki_szron-500x417.jpg 500w, https:\/\/violmax.pl\/wp-content\/uploads\/2024\/10\/myslistwo_szklanka_do_napojow_allegra_300_ml_dziki_szron-1024x853.jpg 1024w, https:\/\/violmax.pl\/wp-content\/uploads\/2024\/10\/myslistwo_szklanka_do_napojow_allegra_300_ml_dziki_szron-768x640.jpg 768w, https:\/\/violmax.pl\/wp-content\/uploads\/2024\/10\/myslistwo_szklanka_do_napojow_allegra_300_ml_dziki_szron-680x567.jpg 680w, https:\/\/violmax.pl\/wp-content\/uploads\/2024\/10\/myslistwo_szklanka_do_napojow_allegra_300_ml_dziki_szron.jpg 1140w\" sizes=\"(max-width: 500px) 100vw, 500px\" \/><img loading=\"lazy\" class=\"alignnone size-medium wp-image-11450\" src=\"https:\/\/violmax.pl\/wp-content\/uploads\/2024\/10\/myslistwo_szklanka_do_napojow_allegra_300_ml_bazanty_szron-500x417.jpg\" alt=\"\" width=\"500\" height=\"417\" srcset=\"https:\/\/violmax.pl\/wp-content\/uploads\/2024\/10\/myslistwo_szklanka_do_napojow_allegra_300_ml_bazanty_szron-500x417.jpg 500w, https:\/\/violmax.pl\/wp-content\/uploads\/2024\/10\/myslistwo_szklanka_do_napojow_allegra_300_ml_bazanty_szron-1024x853.jpg 1024w, https:\/\/violmax.pl\/wp-content\/uploads\/2024\/10\/myslistwo_szklanka_do_napojow_allegra_300_ml_bazanty_szron-768x640.jpg 768w, https:\/\/violmax.pl\/wp-content\/uploads\/2024\/10\/myslistwo_szklanka_do_napojow_allegra_300_ml_bazanty_szron-680x567.jpg 680w, https:\/\/violmax.pl\/wp-content\/uploads\/2024\/10\/myslistwo_szklanka_do_napojow_allegra_300_ml_bazanty_szron.jpg 1140w\" sizes=\"(max-width: 500px) 100vw, 500px\" \/><img loading=\"lazy\" class=\"alignnone size-medium wp-image-11209\" src=\"https:\/\/violmax.pl\/wp-content\/uploads\/2024\/09\/Myslistwo_szklanka_do_whisky_versailles_350_ml_pudelko_zamkniete-500x417.png\" alt=\"\" width=\"500\" height=\"417\" srcset=\"https:\/\/violmax.pl\/wp-content\/uploads\/2024\/09\/Myslistwo_szklanka_do_whisky_versailles_350_ml_pudelko_zamkniete-500x417.png 500w, https:\/\/violmax.pl\/wp-content\/uploads\/2024\/09\/Myslistwo_szklanka_do_whisky_versailles_350_ml_pudelko_zamkniete-768x640.png 768w, https:\/\/violmax.pl\/wp-content\/uploads\/2024\/09\/Myslistwo_szklanka_do_whisky_versailles_350_ml_pudelko_zamkniete-680x567.png 680w, https:\/\/violmax.pl\/wp-content\/uploads\/2024\/09\/Myslistwo_szklanka_do_whisky_versailles_350_ml_pudelko_zamkniete.png 900w\" sizes=\"(max-width: 500px) 100vw, 500px\" \/><\/p>\n<p>&nbsp;<\/p>\n<p>Szklanka do napoj\u00f3w &#8220;ALLEGRA&#8221; o pojemno\u015bci 300 ml. Elegancki upominek dla my\u015bliwego. Szklanka jest wypiaskowana , co sprawia \u017ce wygl\u0105da jak by by\u0142a zmro\u017cona. Ozdobiona jest motywem zwierz\u0105t \u0142ownych. Mo\u017cna j\u0105 ozdobi\u0107 z jednej strony zwierz\u0119tami a z drugiej strony postaci\u0105 my\u015bliwego. Wygodna szklanka o du\u017cej pojemno\u015bci, dobrze trzyma si\u0119 w d\u0142oni. W komplecie znajduj\u0119 si\u0119 6 szklanek. W zale\u017cno\u015bci od potrzeby, mo\u017cna je ozdobi\u0107 zwierz\u0119tami takimi jak: ba\u017cant, kaczka, dzik, jele\u0144, \u0142o\u015b, muflon, lis oraz zaj\u0105c. Ca\u0142o\u015b\u0107 jest zapakowana w estetycznym i ekologicznym firmowym kartonie VIOLMAX. Nadaje si\u0119 do mycia w zmywarce.<\/p>\n","protected":false},"excerpt":{"rendered":"<p><img loading=\"lazy\" class=\"alignnone size-medium wp-image-3492\" src=\"http:\/\/violmax.pl\/wp-content\/uploads\/2020\/05\/VIOLMAX_POLSKA-300x28.jpg\" alt=\"\" width=\"300\" height=\"28\" \/><\/p>\n<p>&nbsp;<\/p>\n<p>Szklanka do napoj\u00f3w &#8220;ALLEGRA&#8221; o pojemno\u015bci 300 ml. Elegancki upominek dla my\u015bliwego. Szklanka jest wypiaskowana , co sprawia \u017ce wygl\u0105da jak by by\u0142a zmro\u017cona. Ozdobiona jest motywem zwierz\u0105t \u0142ownych. Mo\u017cna j\u0105 ozdobi\u0107 z jednej strony zwierz\u0119tami a z drugiej strony postaci\u0105 my\u015bliwego. Wygodna szklanka o du\u017cej pojemno\u015bci, dobrze trzyma si\u0119 w d\u0142oni. W komplecie znajduj\u0119 si\u0119 6 szklanek. W zale\u017cno\u015bci od potrzeby, mo\u017cna je ozdobi\u0107 zwierz\u0119tami takimi jak: ba\u017cant, kaczka, dzik, jele\u0144, \u0142o\u015b, muflon, lis oraz zaj\u0105c. Ca\u0142o\u015b\u0107 jest zapakowana w estetycznym i ekologicznym firmowym kartonie VIOLMAX. Nadaje si\u0119 do mycia w zmywarce.<\/p>\n<p><em><strong>Minimalna ilo\u015b\u0107 zam\u00f3wienia &#8211; 6 sztuk (1 opakowanie)<br \/>\n<\/strong><\/em><\/p>\n<p><strong><em>Towar sprzedawany na opakowania<\/em><\/strong><\/p>\n<h3><span style=\"color: #ff0000;\">PRZY DODAWANIU DO KOSZYKA, NALE\u017bY DODAWA\u0106 KROTNO\u015a\u0106\u00a0 LICZBY 6 &#8211; (1 opak)\u00a0 np: 6 ; 12 ; 18 itd<\/span><\/h3>\n<h3><strong>CENA ZA SZTUK\u0118.<\/strong><\/h3>\n<h2><strong>\u00a0<\/strong><\/h2>\n","protected":false},"featured_media":11454,"comment_status":"open","ping_status":"closed","template":"","meta":[],"_links":{"self":[{"href":"https:\/\/violmax.pl\/index.php\/wp-json\/wp\/v2\/product\/10141"}],"collection":[{"href":"https:\/\/violmax.pl\/index.php\/wp-json\/wp\/v2\/product"}],"about":[{"href":"https:\/\/violmax.pl\/index.php\/wp-json\/wp\/v2\/types\/product"}],"replies":[{"embeddable":true,"href":"https:\/\/violmax.pl\/index.php\/wp-json\/wp\/v2\/comments?post=10141"}],"wp:featuredmedia":[{"embeddable":true,"href":"https:\/\/violmax.pl\/index.php\/wp-json\/wp\/v2\/media\/11454"}],"wp:attachment":[{"href":"https:\/\/violmax.pl\/index.php\/wp-json\/wp\/v2\/media?parent=10141"}],"curies":[{"name":"wp","href":"https:\/\/api.w.org\/{rel}","templated":true}]}}