{"id":10098,"date":"2023-05-17T14:28:20","date_gmt":"2023-05-17T12:28:20","guid":{"rendered":"http:\/\/violmax.pl\/?post_type=product&#038;p=10098"},"modified":"2025-12-02T12:36:51","modified_gmt":"2025-12-02T11:36:51","slug":"debki-karafka-lamana-750-ml-kapitan2-dragon-szron","status":"publish","type":"product","link":"https:\/\/violmax.pl\/index.php\/produkt\/debki-karafka-lamana-750-ml-kapitan2-dragon-szron\/","title":{"rendered":"D\u0118BKI, KARAFKA &#8220;\u0141AMANA&#8221; 750 ML, KAPITAN 2 + \u017bAGLOWIEC &#8220;DRAGON&#8221; , SZRON"},"content":{"rendered":"<p><img loading=\"lazy\" class=\"alignnone size-medium wp-image-10094\" src=\"http:\/\/violmax.pl\/wp-content\/uploads\/2023\/05\/Debki_karafka_lamana_750_ml_kapitan2_dragon_przod_szron-200x300.png\" alt=\"\" width=\"200\" height=\"300\" srcset=\"https:\/\/violmax.pl\/wp-content\/uploads\/2023\/05\/Debki_karafka_lamana_750_ml_kapitan2_dragon_przod_szron-200x300.png 200w, https:\/\/violmax.pl\/wp-content\/uploads\/2023\/05\/Debki_karafka_lamana_750_ml_kapitan2_dragon_przod_szron.png 600w\" sizes=\"(max-width: 200px) 100vw, 200px\" \/><img loading=\"lazy\" class=\"alignnone size-medium wp-image-10095\" src=\"http:\/\/violmax.pl\/wp-content\/uploads\/2023\/05\/Debki_karafka_lamana_750_ml_kapitan2_dragon_tyl_szron-200x300.png\" alt=\"\" width=\"200\" height=\"300\" srcset=\"https:\/\/violmax.pl\/wp-content\/uploads\/2023\/05\/Debki_karafka_lamana_750_ml_kapitan2_dragon_tyl_szron-200x300.png 200w, https:\/\/violmax.pl\/wp-content\/uploads\/2023\/05\/Debki_karafka_lamana_750_ml_kapitan2_dragon_tyl_szron.png 600w\" sizes=\"(max-width: 200px) 100vw, 200px\" \/><\/p>\n<p>Karafka o litra\u017cu 0,75 litra . Jest wypiaskowana, co sprawia \u017ce wygl\u0105da jak by by\u0142a zmro\u017cona. Ozdobiona jest z jednej strony Kapitanem za ko\u0142em sterowniczym a z drugiej strony \u017caglowcem &#8220;DRAGON&#8221;. Boki karafki ozdobione latarni\u0105 morsk\u0105 oraz \u017caglowcem a nad nimi lataj\u0105 mewy. Karafka mo\u017ce s\u0142u\u017cy\u0107 jako nietuzinkowy, szklany prezent lub ozdobny flakon na nalewki, wina, koniaki. Karafka jest wykonana r\u0119cznie. Pi\u0119kna, okaza\u0142a ( 26 cm wysoko\u015bci ) pami\u0105tka z D\u0119bek, kt\u00f3ra zachwyci ka\u017cdego. Nadaje si\u0119 do mycia w zmywarce.<\/p>\n","protected":false},"excerpt":{"rendered":"<p><img loading=\"lazy\" class=\"alignnone size-full wp-image-5364\" src=\"http:\/\/violmax.pl\/wp-content\/uploads\/2020\/10\/VIOLMAX_POLSKA-3.jpg\" alt=\"\" width=\"300\" height=\"28\" \/><\/p>\n<p>&nbsp;<\/p>\n<p>Karafka o litra\u017cu 0,75 litra . Jest wypiaskowana, co sprawia \u017ce wygl\u0105da jak by by\u0142a zmro\u017cona. Ozdobiona jest z jednej strony Kapitanem za ko\u0142em sterowniczym a z drugiej strony \u017caglowcem &#8220;DRAGON&#8221;. Boki karafki ozdobione latarni\u0105 morsk\u0105 oraz \u017caglowcem a nad nimi lataj\u0105 mewy. Karafka mo\u017ce s\u0142u\u017cy\u0107 jako nietuzinkowy, szklany prezent lub ozdobny flakon na nalewki, wina, koniaki. Karafka jest wykonana r\u0119cznie. Pi\u0119kna, okaza\u0142a ( 26 cm wysoko\u015bci ) pami\u0105tka z D\u0119bek, kt\u00f3ra zachwyci ka\u017cdego. Nadaje si\u0119 do mycia w zmywarce.<\/p>\n<p><em><strong>Minimalna ilo\u015b\u0107 zam\u00f3wienia &#8211; 1 sztuka<\/strong><\/em><\/p>\n<h2><strong>CENA ZA SZTUK\u0118<\/strong><\/h2>\n","protected":false},"featured_media":10094,"comment_status":"open","ping_status":"closed","template":"","meta":[],"_links":{"self":[{"href":"https:\/\/violmax.pl\/index.php\/wp-json\/wp\/v2\/product\/10098"}],"collection":[{"href":"https:\/\/violmax.pl\/index.php\/wp-json\/wp\/v2\/product"}],"about":[{"href":"https:\/\/violmax.pl\/index.php\/wp-json\/wp\/v2\/types\/product"}],"replies":[{"embeddable":true,"href":"https:\/\/violmax.pl\/index.php\/wp-json\/wp\/v2\/comments?post=10098"}],"wp:featuredmedia":[{"embeddable":true,"href":"https:\/\/violmax.pl\/index.php\/wp-json\/wp\/v2\/media\/10094"}],"wp:attachment":[{"href":"https:\/\/violmax.pl\/index.php\/wp-json\/wp\/v2\/media?parent=10098"}],"curies":[{"name":"wp","href":"https:\/\/api.w.org\/{rel}","templated":true}]}}