{"id":1008,"date":"2019-09-05T13:02:42","date_gmt":"2019-09-05T11:02:42","guid":{"rendered":"http:\/\/violmax.wroclaw.pl\/?post_type=product&#038;p=1008"},"modified":"2025-12-02T13:29:56","modified_gmt":"2025-12-02T12:29:56","slug":"darlowko-szklanka-do-piwa-spirala-05-litra-kuter-maly-szron","status":"publish","type":"product","link":"https:\/\/violmax.pl\/index.php\/produkt\/darlowko-szklanka-do-piwa-spirala-05-litra-kuter-maly-szron\/","title":{"rendered":"DAR\u0141\u00d3WKO, SZKLANKA DO PIWA &#8220;SPIRALA&#8221; 665 ML, KUTER MA\u0141Y SZRON"},"content":{"rendered":"<p><img loading=\"lazy\" class=\"alignnone size-medium wp-image-8269\" src=\"http:\/\/violmax.pl\/wp-content\/uploads\/2021\/06\/Darlowko_szklanka_do_piwa_spirala_500_ml_kuter_rybacki_szron-245x300.png\" alt=\"\" width=\"245\" height=\"300\" srcset=\"https:\/\/violmax.pl\/wp-content\/uploads\/2021\/06\/Darlowko_szklanka_do_piwa_spirala_500_ml_kuter_rybacki_szron-245x300.png 245w, https:\/\/violmax.pl\/wp-content\/uploads\/2021\/06\/Darlowko_szklanka_do_piwa_spirala_500_ml_kuter_rybacki_szron-680x834.png 680w, https:\/\/violmax.pl\/wp-content\/uploads\/2021\/06\/Darlowko_szklanka_do_piwa_spirala_500_ml_kuter_rybacki_szron.png 734w\" sizes=\"(max-width: 245px) 100vw, 245px\" \/><\/p>\n<p>Szklanka do piwa &#8220;SPIRALA&#8221; o litra\u017cu 0,665 litra. Zdobiona efektownymi frezami w szkle na dole. Do po\u0142owy w szronie, z wypiaskowanymi motywami typowymi dla Dar\u0142\u00f3wka &#8211; kuter rybacki. Przepi\u0119kna i dostojna pami\u0105tka z robi\u0105cymi wra\u017cenie zdobieniami.Idealna pami\u0105tka z Dar\u0142\u00f3wka. Nadaje si\u0119 do mycia w zmywarce.<\/p>\n","protected":false},"excerpt":{"rendered":"<div class=\"woocommerce-product-details__short-description\">\n<p><img loading=\"lazy\" class=\"alignnone size-full wp-image-5364\" src=\"http:\/\/violmax.pl\/wp-content\/uploads\/2020\/10\/VIOLMAX_POLSKA-3.jpg\" alt=\"\" width=\"300\" height=\"28\" \/><\/p>\n<p>&nbsp;<\/p>\n<p>Szklanka do piwa &#8220;SPIRALA&#8221; o litra\u017cu 0,665 litra. Zdobiona efektownymi frezami w szkle na dole. Do po\u0142owy w szronie, z wypiaskowanymi motywami typowymi dla Dar\u0142\u00f3wka &#8211; kuter rybacki. Przepi\u0119kna i dostojna pami\u0105tka z robi\u0105cymi wra\u017cenie zdobieniami.Idealna pami\u0105tka z Dar\u0142\u00f3wka. Nadaje si\u0119 do mycia w zmywarce.<\/p>\n<p><strong><em>Minimalna ilo\u015b\u0107 zam\u00f3wienia \u2013 6 sztuk (1 opakowanie)<\/em><br \/>\n<\/strong><\/p>\n<p><strong><em>Towar sprzedawany na opakowania<\/em><\/strong><\/p>\n<h3><span style=\"color: #ff0000;\">PRZY DODAWANIU DO KOSZYKA, NALE\u017bY DODAWA\u0106 KROTNO\u015a\u0106\u00a0 LICZBY 6 &#8211; (1 opak)\u00a0 np: 6 ; 12 ; 18 itd<\/span><\/h3>\n<h3><strong>CENA ZA SZTUK\u0118.<\/strong><\/h3>\n<\/div>\n","protected":false},"featured_media":8269,"comment_status":"open","ping_status":"closed","template":"","meta":[],"_links":{"self":[{"href":"https:\/\/violmax.pl\/index.php\/wp-json\/wp\/v2\/product\/1008"}],"collection":[{"href":"https:\/\/violmax.pl\/index.php\/wp-json\/wp\/v2\/product"}],"about":[{"href":"https:\/\/violmax.pl\/index.php\/wp-json\/wp\/v2\/types\/product"}],"replies":[{"embeddable":true,"href":"https:\/\/violmax.pl\/index.php\/wp-json\/wp\/v2\/comments?post=1008"}],"wp:featuredmedia":[{"embeddable":true,"href":"https:\/\/violmax.pl\/index.php\/wp-json\/wp\/v2\/media\/8269"}],"wp:attachment":[{"href":"https:\/\/violmax.pl\/index.php\/wp-json\/wp\/v2\/media?parent=1008"}],"curies":[{"name":"wp","href":"https:\/\/api.w.org\/{rel}","templated":true}]}}