{"id":10061,"date":"2023-04-19T21:08:19","date_gmt":"2023-04-19T19:08:19","guid":{"rendered":"http:\/\/violmax.pl\/?post_type=product&#038;p=10061"},"modified":"2025-12-02T12:36:53","modified_gmt":"2025-12-02T11:36:53","slug":"zakopane-szklanka-do-whisky-aga-325-ml-wilk-na-skale-szron","status":"publish","type":"product","link":"https:\/\/violmax.pl\/index.php\/produkt\/zakopane-szklanka-do-whisky-aga-325-ml-wilk-na-skale-szron\/","title":{"rendered":"ZAKOPANE, SZKLANKA DO WHISKY &#8220;AGA&#8221; 325 ML, WILK NA SKALE, SZRON"},"content":{"rendered":"<p><img loading=\"lazy\" class=\"alignnone size-medium wp-image-10052\" src=\"http:\/\/violmax.pl\/wp-content\/uploads\/2023\/04\/Zakopane_szklanka_do_whisky_aga_325_ml_wilk_na_skale_szron-300x240.png\" alt=\"\" width=\"300\" height=\"240\" srcset=\"https:\/\/violmax.pl\/wp-content\/uploads\/2023\/04\/Zakopane_szklanka_do_whisky_aga_325_ml_wilk_na_skale_szron-300x240.png 300w, https:\/\/violmax.pl\/wp-content\/uploads\/2023\/04\/Zakopane_szklanka_do_whisky_aga_325_ml_wilk_na_skale_szron-768x614.png 768w, https:\/\/violmax.pl\/wp-content\/uploads\/2023\/04\/Zakopane_szklanka_do_whisky_aga_325_ml_wilk_na_skale_szron-320x256.png 320w, https:\/\/violmax.pl\/wp-content\/uploads\/2023\/04\/Zakopane_szklanka_do_whisky_aga_325_ml_wilk_na_skale_szron-680x544.png 680w, https:\/\/violmax.pl\/wp-content\/uploads\/2023\/04\/Zakopane_szklanka_do_whisky_aga_325_ml_wilk_na_skale_szron.png 900w\" sizes=\"(max-width: 300px) 100vw, 300px\" \/><\/p>\n<p>&nbsp;<\/p>\n<p>Szklanka do whisky &#8220;AGA&#8221; o pojemno\u015bci 325 ml. Jest na niej wypiaskowany motyw typowym dla Zakopanego, wilk na skale a z ty\u0142u napis ZAKOPANE oraz g\u00f3r\u0105 Giewont. Piaskowanie powoduje \u017ce szklanka sprawia wra\u017cenia jak by by\u0142a zmro\u017cona. Szklanka ozdobiona jest w jej dolnej cz\u0119\u015bci kwadratowymi wgnieceniami, co sprawia \u017ce przep\u0142ywaj\u0105ce przez nie \u015bwiat\u0142o daje efekty \u015bwietlne. Przepi\u0119kna i dostojna pami\u0105tka z robi\u0105cymi wra\u017cenie zdobieniem. Idealna pami\u0105tka z Zakopanego. Nadaje si\u0119 do mycia w zmywarce.<\/p>\n","protected":false},"excerpt":{"rendered":"<p><img loading=\"lazy\" class=\"alignnone size-full wp-image-5364\" src=\"http:\/\/violmax.pl\/wp-content\/uploads\/2020\/10\/VIOLMAX_POLSKA-3.jpg\" alt=\"\" width=\"300\" height=\"28\" \/><\/p>\n<p>Szklanka do whisky &#8220;AGA&#8221; o pojemno\u015bci 325 ml. Jest na niej wypiaskowany motyw typowym dla Zakopanego, wilk na skale a z ty\u0142u napis ZAKOPANE oraz g\u00f3r\u0105 Giewont. Piaskowanie powoduje \u017ce szklanka sprawia wra\u017cenia jak by by\u0142a zmro\u017cona. Szklanka ozdobiona jest w jej dolnej cz\u0119\u015bci kwadratowymi wgnieceniami, co sprawia \u017ce przep\u0142ywaj\u0105ce przez nie \u015bwiat\u0142o daje efekty \u015bwietlne. Przepi\u0119kna i dostojna pami\u0105tka z robi\u0105cymi wra\u017cenie zdobieniem. Idealna pami\u0105tka z Zakopanego. Nadaje si\u0119 do mycia w zmywarce.<\/p>\n<p><strong><em>Minimalna ilo\u015b\u0107 zam\u00f3wienia &#8211; 6 sztuk (1 opakowanie)<\/em><br \/>\n<\/strong><\/p>\n<p><strong><em>Towar sprzedawany na opakowania<\/em><\/strong><\/p>\n<h3><span style=\"color: #ff0000;\">PRZY DODAWANIU DO KOSZYKA, NALE\u017bY DODAWA\u0106 KROTNO\u015a\u0106\u00a0 LICZBY 6 &#8211; (1 opak)\u00a0 np: 6 ; 12 ; 18 itd<\/span><\/h3>\n<h3><strong>CENA ZA SZTUK\u0118.<\/strong><\/h3>\n<h2><strong>\u00a0<\/strong><\/h2>\n","protected":false},"featured_media":10052,"comment_status":"open","ping_status":"closed","template":"","meta":[],"_links":{"self":[{"href":"https:\/\/violmax.pl\/index.php\/wp-json\/wp\/v2\/product\/10061"}],"collection":[{"href":"https:\/\/violmax.pl\/index.php\/wp-json\/wp\/v2\/product"}],"about":[{"href":"https:\/\/violmax.pl\/index.php\/wp-json\/wp\/v2\/types\/product"}],"replies":[{"embeddable":true,"href":"https:\/\/violmax.pl\/index.php\/wp-json\/wp\/v2\/comments?post=10061"}],"wp:featuredmedia":[{"embeddable":true,"href":"https:\/\/violmax.pl\/index.php\/wp-json\/wp\/v2\/media\/10052"}],"wp:attachment":[{"href":"https:\/\/violmax.pl\/index.php\/wp-json\/wp\/v2\/media?parent=10061"}],"curies":[{"name":"wp","href":"https:\/\/api.w.org\/{rel}","templated":true}]}}