{"id":10034,"date":"2023-04-18T21:14:09","date_gmt":"2023-04-18T19:14:09","guid":{"rendered":"http:\/\/violmax.pl\/?post_type=product&#038;p=10034"},"modified":"2025-12-02T12:36:56","modified_gmt":"2025-12-02T11:36:56","slug":"szklarska-poreba-szklanka-do-napojow-aga-325-ml-wysoka-szrenica-duch-gor-2-szron","status":"publish","type":"product","link":"https:\/\/violmax.pl\/index.php\/produkt\/szklarska-poreba-szklanka-do-napojow-aga-325-ml-wysoka-szrenica-duch-gor-2-szron\/","title":{"rendered":"SZKLARSKA POR\u0118BA, SZKLANKA DO NAPOJ\u00d3W &#8220;AGA&#8221; 325 ML, SZRENICA + DUCH G\u00d3R 2, SZRON"},"content":{"rendered":"<p><img loading=\"lazy\" class=\"alignnone size-medium wp-image-10033\" src=\"http:\/\/violmax.pl\/wp-content\/uploads\/2023\/04\/Szklarska_Poreba_szklanka_do_napojow_aga_325_wysoka_szrenica_duch_gor_2-300x300.png\" alt=\"\" width=\"300\" height=\"300\" srcset=\"https:\/\/violmax.pl\/wp-content\/uploads\/2023\/04\/Szklarska_Poreba_szklanka_do_napojow_aga_325_wysoka_szrenica_duch_gor_2-300x300.png 300w, https:\/\/violmax.pl\/wp-content\/uploads\/2023\/04\/Szklarska_Poreba_szklanka_do_napojow_aga_325_wysoka_szrenica_duch_gor_2-768x768.png 768w, https:\/\/violmax.pl\/wp-content\/uploads\/2023\/04\/Szklarska_Poreba_szklanka_do_napojow_aga_325_wysoka_szrenica_duch_gor_2-680x680.png 680w, https:\/\/violmax.pl\/wp-content\/uploads\/2023\/04\/Szklarska_Poreba_szklanka_do_napojow_aga_325_wysoka_szrenica_duch_gor_2-100x100.png 100w, https:\/\/violmax.pl\/wp-content\/uploads\/2023\/04\/Szklarska_Poreba_szklanka_do_napojow_aga_325_wysoka_szrenica_duch_gor_2.png 900w\" sizes=\"(max-width: 300px) 100vw, 300px\" \/><\/p>\n<p>Szklanka do napoj\u00f3w &#8220;AGA&#8221; o pojemno\u015bci 325 ml. Ca\u0142a szklanka jest precyzyjnie wypiaskowana. Widnieje na niej wypiaskowana posta\u0107 legendarnego &#8220;Ducha G\u00f3r&#8221; oraz z ty\u0142u napis \u201dSzklarska Por\u0119ba\u201d. Szklanka jest wykonana z wysokiej jako\u015bci szk\u0142a. Bardzo wygodnie trzyma si\u0119 w d\u0142oni. Na dole szklanki znajduj\u0105 si\u0119 zdobienia kt\u00f3re sprawiaj\u0105 efekty wizualne spowodowane przenikaniem przez nie \u015bwiat\u0142o. Idealna pami\u0105tka ze Szklarskiej Por\u0119by. Nadaje si\u0119 do mycia w zmywarkach.<\/p>\n<p>&nbsp;<\/p>\n","protected":false},"excerpt":{"rendered":"<div class=\"woocommerce-product-details__short-description\">\n<div class=\"woocommerce-product-details__short-description\">\n<div class=\"woocommerce-product-details__short-description\">\n<div class=\"woocommerce-product-details__short-description\">\n<div class=\"woocommerce-product-details__short-description\">\n<p><img loading=\"lazy\" class=\"alignnone size-medium wp-image-3492\" src=\"http:\/\/violmax.pl\/wp-content\/uploads\/2020\/05\/VIOLMAX_POLSKA-300x28.jpg\" alt=\"\" width=\"300\" height=\"28\" \/><\/p>\n<p>&nbsp;<\/p>\n<p>Szklanka do napoj\u00f3w &#8220;AGA&#8221; o pojemno\u015bci 325 ml. Ca\u0142a szklanka jest precyzyjnie wypiaskowana. Widnieje na niej wypiaskowana posta\u0107 legendarnego &#8220;Ducha G\u00f3r&#8221; oraz z ty\u0142u napis \u201dSzklarska Por\u0119ba\u201d. Szklanka jest wykonana z wysokiej jako\u015bci szk\u0142a. Bardzo wygodnie trzyma si\u0119 w d\u0142oni. Na dole szklanki znajduj\u0105 si\u0119 zdobienia kt\u00f3re sprawiaj\u0105 efekty wizualne spowodowane przenikaniem przez nie \u015bwiat\u0142o. Idealna pami\u0105tka ze Szklarskiej Por\u0119by. Nadaje si\u0119 do mycia w zmywarkach.<\/p>\n<p><strong><em>Minimalna ilo\u015b\u0107 zam\u00f3wienia \u2013 6 sztuk (1 opakowanie)<\/em><br \/>\n<\/strong><\/p>\n<p><strong><em>Towar sprzedawany na opakowania<\/em><\/strong><\/p>\n<h3><span style=\"color: #ff0000;\">PRZY DODAWANIU DO KOSZYKA, NALE\u017bY DODAWA\u0106 KROTNO\u015a\u0106\u00a0 LICZBY 6 &#8211; (1 opak)\u00a0 np: 6 ; 12 ; 18 itd<\/span><\/h3>\n<h3><strong>CENA ZA SZTUK\u0118.<\/strong><\/h3>\n<\/div>\n<\/div>\n<\/div>\n<\/div>\n<\/div>\n","protected":false},"featured_media":10033,"comment_status":"open","ping_status":"closed","template":"","meta":[],"_links":{"self":[{"href":"https:\/\/violmax.pl\/index.php\/wp-json\/wp\/v2\/product\/10034"}],"collection":[{"href":"https:\/\/violmax.pl\/index.php\/wp-json\/wp\/v2\/product"}],"about":[{"href":"https:\/\/violmax.pl\/index.php\/wp-json\/wp\/v2\/types\/product"}],"replies":[{"embeddable":true,"href":"https:\/\/violmax.pl\/index.php\/wp-json\/wp\/v2\/comments?post=10034"}],"wp:featuredmedia":[{"embeddable":true,"href":"https:\/\/violmax.pl\/index.php\/wp-json\/wp\/v2\/media\/10033"}],"wp:attachment":[{"href":"https:\/\/violmax.pl\/index.php\/wp-json\/wp\/v2\/media?parent=10034"}],"curies":[{"name":"wp","href":"https:\/\/api.w.org\/{rel}","templated":true}]}}