{"id":10023,"date":"2023-04-11T11:56:22","date_gmt":"2023-04-11T09:56:22","guid":{"rendered":"http:\/\/violmax.pl\/?post_type=product&#038;p=10023"},"modified":"2025-12-02T12:46:06","modified_gmt":"2025-12-02T11:46:06","slug":"debki-kufel-do-piwa-miodzio-4-500-ml-odlew-kolor-kuter-baltyk","status":"publish","type":"product","link":"https:\/\/violmax.pl\/index.php\/produkt\/debki-kufel-do-piwa-miodzio-4-500-ml-odlew-kolor-kuter-baltyk\/","title":{"rendered":"D\u0118BKI, KUFEL DO PIWA &#8220;MIODZIO 4&#8221; 0,5 LITRA, KUTER &#8220;BA\u0141TYK&#8221; ODLEW KOLOR"},"content":{"rendered":"<p><img loading=\"lazy\" class=\"alignnone size-medium wp-image-10020\" src=\"http:\/\/violmax.pl\/wp-content\/uploads\/2023\/04\/Debki_kufel_do_piwa_chmiel_500_ml_odlew_kolor_kuter_baltyk-300x240.png\" alt=\"\" width=\"300\" height=\"240\" srcset=\"https:\/\/violmax.pl\/wp-content\/uploads\/2023\/04\/Debki_kufel_do_piwa_chmiel_500_ml_odlew_kolor_kuter_baltyk-300x240.png 300w, https:\/\/violmax.pl\/wp-content\/uploads\/2023\/04\/Debki_kufel_do_piwa_chmiel_500_ml_odlew_kolor_kuter_baltyk-768x614.png 768w, https:\/\/violmax.pl\/wp-content\/uploads\/2023\/04\/Debki_kufel_do_piwa_chmiel_500_ml_odlew_kolor_kuter_baltyk-320x256.png 320w, https:\/\/violmax.pl\/wp-content\/uploads\/2023\/04\/Debki_kufel_do_piwa_chmiel_500_ml_odlew_kolor_kuter_baltyk-680x544.png 680w, https:\/\/violmax.pl\/wp-content\/uploads\/2023\/04\/Debki_kufel_do_piwa_chmiel_500_ml_odlew_kolor_kuter_baltyk.png 900w\" sizes=\"(max-width: 300px) 100vw, 300px\" \/><\/p>\n<p>&nbsp;<\/p>\n<p>Kufel do piwa \u201dMiodzio 4\u201d o litra\u017cu 0,5 litra. Na kuflu s\u0105 wy\u017c\u0142obione charakterystyczne dla \u201dmiodzia\u201d p\u0142aty w szkle. Na \u015brodku umieszczony zosta\u0142 odlew metalowy w kolorze przedstawiaj\u0105cy typowy stary kuter &#8220;Ba\u0142tyk&#8221; a w oddali wida\u0107 latarni\u0119 morsk\u0105. Na pami\u0105tce zosta\u0142a umieszczona tak\u017ce szarfa z metalu, z nazw\u0105 miejscowo\u015bci \u201dD\u0119bki\u201d. Bardzo wygodny, klasyczny kufel do piwa, kt\u00f3ry dzi\u0119ki takiemu okaza\u0142emu zdobieniu nabra\u0142 oryginalno\u015bci. Idealna pami\u0105tka z D\u0119bek.<\/p>\n","protected":false},"excerpt":{"rendered":"<div class=\"woocommerce-product-details__short-description\">\n<div class=\"woocommerce-product-details__short-description\">\n<div class=\"woocommerce-product-details__short-description\">\n<div class=\"woocommerce-product-details__short-description\">\n<div class=\"woocommerce-product-details__short-description\">\n<div class=\"woocommerce-product-details__short-description\">\n<div class=\"woocommerce-product-details__short-description\">\n<p><img loading=\"lazy\" class=\"alignnone size-medium wp-image-3492\" src=\"http:\/\/violmax.pl\/wp-content\/uploads\/2020\/05\/VIOLMAX_POLSKA-300x28.jpg\" alt=\"\" width=\"300\" height=\"28\" \/><\/p>\n<p>&nbsp;<\/p>\n<p>Kufel do piwa \u201dMiodzio 4\u201d o litra\u017cu 0,5 litra. Na kuflu s\u0105 wy\u017c\u0142obione charakterystyczne dla \u201dmiodzia\u201d p\u0142aty w szkle. Na \u015brodku umieszczony zosta\u0142 odlew metalowy w kolorze przedstawiaj\u0105cy typowy stary kuter &#8220;Ba\u0142tyk&#8221; a w oddali wida\u0107 latarni\u0119 morsk\u0105. Na pami\u0105tce zosta\u0142a umieszczona tak\u017ce szarfa z metalu, z nazw\u0105 miejscowo\u015bci \u201dD\u0119bki\u201d. Bardzo wygodny, klasyczny kufel do piwa, kt\u00f3ry dzi\u0119ki takiemu okaza\u0142emu zdobieniu nabra\u0142 oryginalno\u015bci. Idealna pami\u0105tka z D\u0119bek.<\/p>\n<p><strong><em>Minimalna ilo\u015b\u0107 zam\u00f3wienia \u2013 6 sztuk (1 opakowanie)<\/em><br \/>\n<\/strong><\/p>\n<p><strong><em>Towar sprzedawany na opakowania<\/em><\/strong><\/p>\n<h3><span style=\"color: #ff0000;\">PRZY DODAWANIU DO KOSZYKA, NALE\u017bY DODAWA\u0106 KROTNO\u015a\u0106\u00a0 LICZBY 6 &#8211; (1 opak)\u00a0 np: 6 ; 12 ; 18 itd<\/span><\/h3>\n<h3><strong>CENA ZA SZTUK\u0118.<\/strong><\/h3>\n<\/div>\n<\/div>\n<\/div>\n<\/div>\n<\/div>\n<\/div>\n<\/div>\n","protected":false},"featured_media":10020,"comment_status":"open","ping_status":"closed","template":"","meta":[],"_links":{"self":[{"href":"https:\/\/violmax.pl\/index.php\/wp-json\/wp\/v2\/product\/10023"}],"collection":[{"href":"https:\/\/violmax.pl\/index.php\/wp-json\/wp\/v2\/product"}],"about":[{"href":"https:\/\/violmax.pl\/index.php\/wp-json\/wp\/v2\/types\/product"}],"replies":[{"embeddable":true,"href":"https:\/\/violmax.pl\/index.php\/wp-json\/wp\/v2\/comments?post=10023"}],"wp:featuredmedia":[{"embeddable":true,"href":"https:\/\/violmax.pl\/index.php\/wp-json\/wp\/v2\/media\/10020"}],"wp:attachment":[{"href":"https:\/\/violmax.pl\/index.php\/wp-json\/wp\/v2\/media?parent=10023"}],"curies":[{"name":"wp","href":"https:\/\/api.w.org\/{rel}","templated":true}]}}