{"id":10021,"date":"2023-04-11T11:50:53","date_gmt":"2023-04-11T09:50:53","guid":{"rendered":"http:\/\/violmax.pl\/?post_type=product&#038;p=10021"},"modified":"2025-12-02T12:46:07","modified_gmt":"2025-12-02T11:46:07","slug":"debki-kufel-do-piwa-chmiel-500-ml-odlew-kolor-kobieta-1","status":"publish","type":"product","link":"https:\/\/violmax.pl\/index.php\/produkt\/debki-kufel-do-piwa-chmiel-500-ml-odlew-kolor-kobieta-1\/","title":{"rendered":"D\u0118BKI, KUFEL DO PIWA &#8220;CHMIEL&#8221; 0,5 LITRA, KOBIETA PLA\u017bA \u017bAGLOWIEC 1,ODLEW KOLOR"},"content":{"rendered":"<p><img loading=\"lazy\" class=\"alignnone size-medium wp-image-10019\" src=\"http:\/\/violmax.pl\/wp-content\/uploads\/2023\/04\/Debki_kufel_do_piwa_chmiel_500_ml_odlew_kolor_kobieta_1-300x240.png\" alt=\"\" width=\"300\" height=\"240\" srcset=\"https:\/\/violmax.pl\/wp-content\/uploads\/2023\/04\/Debki_kufel_do_piwa_chmiel_500_ml_odlew_kolor_kobieta_1-300x240.png 300w, https:\/\/violmax.pl\/wp-content\/uploads\/2023\/04\/Debki_kufel_do_piwa_chmiel_500_ml_odlew_kolor_kobieta_1-768x614.png 768w, https:\/\/violmax.pl\/wp-content\/uploads\/2023\/04\/Debki_kufel_do_piwa_chmiel_500_ml_odlew_kolor_kobieta_1-320x256.png 320w, https:\/\/violmax.pl\/wp-content\/uploads\/2023\/04\/Debki_kufel_do_piwa_chmiel_500_ml_odlew_kolor_kobieta_1-680x544.png 680w, https:\/\/violmax.pl\/wp-content\/uploads\/2023\/04\/Debki_kufel_do_piwa_chmiel_500_ml_odlew_kolor_kobieta_1.png 900w\" sizes=\"(max-width: 300px) 100vw, 300px\" \/><\/p>\n<p>&nbsp;<\/p>\n<p>Kufel do piwa \u201dChmiel\u201d o litra\u017cu 0,5 litra. Na kuflu s\u0105 wy\u017c\u0142obione pod\u0142u\u017cne wg\u0142\u0119bienia. Kufel jest odlany z wysokiej jako\u015bci szk\u0142a. Na \u015brodku umieszczony jest metalowy odlew w kolorze przedstawiaj\u0105cy kobiet\u0119 siedz\u0105c\u0105 na palu a w oddali p\u0142ynie \u017caglowiec i wida\u0107 latarni\u0119 morsk\u0105. Na pami\u0105tce zosta\u0142a umieszczona tak\u017ce szarfa z metalu, z nazw\u0105 miejscowo\u015bci &#8221;D\u0119bki&#8221;. Bardzo wygodny, elegancki kufel do piwa, kt\u00f3ry dzi\u0119ki takiemu okaza\u0142emu zdobieniu nabra\u0142 jeszcze wi\u0119kszej oryginalno\u015bci. Idealna pami\u0105tka z D\u0119bek.<\/p>\n<p>&nbsp;<\/p>\n<p>&nbsp;<\/p>\n<p>&nbsp;<\/p>\n<p>&nbsp;<\/p>\n","protected":false},"excerpt":{"rendered":"<p><img loading=\"lazy\" class=\"alignnone size-medium wp-image-3575\" src=\"http:\/\/violmax.pl\/wp-content\/uploads\/2020\/05\/VIOLMAX_POLSKA-1-300x28.jpg\" alt=\"\" width=\"300\" height=\"28\" \/><\/p>\n<p>&nbsp;<\/p>\n<p>Kufel do piwa \u201dChmiel\u201d o litra\u017cu 0,5 litra. Na kuflu s\u0105 wy\u017c\u0142obione pod\u0142u\u017cne wg\u0142\u0119bienia. Kufel jest odlany z wysokiej jako\u015bci szk\u0142a. Na \u015brodku umieszczony jest metalowy odlew w kolorze przedstawiaj\u0105cy kobiet\u0119 siedz\u0105c\u0105 na palu a w oddali p\u0142ynie \u017caglowiec i wida\u0107 latarni\u0119 morsk\u0105. Na pami\u0105tce zosta\u0142a umieszczona tak\u017ce szarfa z metalu, z nazw\u0105 miejscowo\u015bci &#8221;D\u0119bki&#8221;. Bardzo wygodny, elegancki kufel do piwa, kt\u00f3ry dzi\u0119ki takiemu okaza\u0142emu zdobieniu nabra\u0142 jeszcze wi\u0119kszej oryginalno\u015bci. Idealna pami\u0105tka z D\u0119bek.<\/p>\n<p><strong><em>Minimalna ilo\u015b\u0107 zam\u00f3wienia &#8211; 6 sztuk (1 opakowanie)<\/em><br \/>\n<\/strong><\/p>\n<p><strong><em>Towar sprzedawany na opakowania<\/em><\/strong><\/p>\n<h3><span style=\"color: #ff0000;\">PRZY DODAWANIU DO KOSZYKA, NALE\u017bY DODAWA\u0106 KROTNO\u015a\u0106\u00a0 6 SZT &#8211; 1 OPAKOWANIE<\/span><\/h3>\n<h3><strong>CENA ZA SZTUK\u0118.<\/strong><\/h3>\n","protected":false},"featured_media":10019,"comment_status":"open","ping_status":"closed","template":"","meta":[],"_links":{"self":[{"href":"https:\/\/violmax.pl\/index.php\/wp-json\/wp\/v2\/product\/10021"}],"collection":[{"href":"https:\/\/violmax.pl\/index.php\/wp-json\/wp\/v2\/product"}],"about":[{"href":"https:\/\/violmax.pl\/index.php\/wp-json\/wp\/v2\/types\/product"}],"replies":[{"embeddable":true,"href":"https:\/\/violmax.pl\/index.php\/wp-json\/wp\/v2\/comments?post=10021"}],"wp:featuredmedia":[{"embeddable":true,"href":"https:\/\/violmax.pl\/index.php\/wp-json\/wp\/v2\/media\/10019"}],"wp:attachment":[{"href":"https:\/\/violmax.pl\/index.php\/wp-json\/wp\/v2\/media?parent=10021"}],"curies":[{"name":"wp","href":"https:\/\/api.w.org\/{rel}","templated":true}]}}