{"id":10013,"date":"2023-03-23T21:19:21","date_gmt":"2023-03-23T20:19:21","guid":{"rendered":"http:\/\/violmax.pl\/?post_type=product&#038;p=10013"},"modified":"2025-12-02T12:46:07","modified_gmt":"2025-12-02T11:46:07","slug":"bieszczady-szklanka-do-napojow-aga-wysoka-325-ml-jelen-1-szron","status":"publish","type":"product","link":"https:\/\/violmax.pl\/index.php\/produkt\/bieszczady-szklanka-do-napojow-aga-wysoka-325-ml-jelen-1-szron\/","title":{"rendered":"BIESZCZADY, SZKLANKA DO NAPOJ\u00d3W &#8220;AGA&#8221; 325 ML, JELE\u0143 1, SZRON"},"content":{"rendered":"<p><img loading=\"lazy\" class=\"alignnone size-medium wp-image-10000\" src=\"http:\/\/violmax.pl\/wp-content\/uploads\/2023\/03\/Bieszczady_szklanka_do_napojow_aga_wysoka_325_ml_jelen_1_szron-300x300.png\" alt=\"\" width=\"300\" height=\"300\" srcset=\"https:\/\/violmax.pl\/wp-content\/uploads\/2023\/03\/Bieszczady_szklanka_do_napojow_aga_wysoka_325_ml_jelen_1_szron-300x300.png 300w, https:\/\/violmax.pl\/wp-content\/uploads\/2023\/03\/Bieszczady_szklanka_do_napojow_aga_wysoka_325_ml_jelen_1_szron-768x768.png 768w, https:\/\/violmax.pl\/wp-content\/uploads\/2023\/03\/Bieszczady_szklanka_do_napojow_aga_wysoka_325_ml_jelen_1_szron-680x680.png 680w, https:\/\/violmax.pl\/wp-content\/uploads\/2023\/03\/Bieszczady_szklanka_do_napojow_aga_wysoka_325_ml_jelen_1_szron-100x100.png 100w, https:\/\/violmax.pl\/wp-content\/uploads\/2023\/03\/Bieszczady_szklanka_do_napojow_aga_wysoka_325_ml_jelen_1_szron.png 900w\" sizes=\"(max-width: 300px) 100vw, 300px\" \/><\/p>\n<p>Szklanka do napoj\u00f3w &#8220;AGA&#8221; o pojemno\u015bci 325 ml. Ca\u0142a szklanka jest precyzyjnie wypiaskowana. Widnieje na niej wypiaskowany jele\u0144 na rykowisku oraz z ty\u0142u napis \u201dBieszczady\u201d. Szklanka jest wykonana z wysokiej jako\u015bci szk\u0142a. Bardzo wygodnie trzyma si\u0119 w d\u0142oni. Na dole szklanki znajduj\u0105 si\u0119 zdobienia kt\u00f3re sprawiaj\u0105 efekty wzrokowe spowodowane przenikaniem przez nie \u015bwiat\u0142o. Idealna pami\u0105tka z Bieszczad. Nadaje si\u0119 do mycia w zmywarkach.<\/p>\n<p>Istnieje mo\u017cliwo\u015b\u0107 zdobienia w innym wzorze, pod zam\u00f3wienie klienta.<\/p>\n","protected":false},"excerpt":{"rendered":"<div class=\"woocommerce-product-details__short-description\">\n<div class=\"woocommerce-product-details__short-description\">\n<div class=\"woocommerce-product-details__short-description\">\n<div class=\"woocommerce-product-details__short-description\">\n<div class=\"woocommerce-product-details__short-description\">\n<p><img loading=\"lazy\" class=\"alignnone size-medium wp-image-3492\" src=\"http:\/\/violmax.pl\/wp-content\/uploads\/2020\/05\/VIOLMAX_POLSKA-300x28.jpg\" alt=\"\" width=\"300\" height=\"28\" \/><\/p>\n<p>&nbsp;<\/p>\n<p>Szklanka do napoj\u00f3w &#8220;AGA&#8221; o pojemno\u015bci 325 ml. Ca\u0142a szklanka jest precyzyjnie wypiaskowana. Widnieje na niej wypiaskowany jele\u0144 na rykowisku oraz z ty\u0142u napis \u201dBieszczady\u201d. Szklanka jest wykonana z wysokiej jako\u015bci szk\u0142a. Bardzo wygodnie trzyma si\u0119 w d\u0142oni. Na dole szklanki znajduj\u0105 si\u0119 zdobienia kt\u00f3re sprawiaj\u0105 efekty wzrokowe spowodowane przenikaniem przez nie \u015bwiat\u0142o. Idealna pami\u0105tka z Bieszczad. Nadaje si\u0119 do mycia w zmywarkach.<\/p>\n<p>Istnieje mo\u017cliwo\u015b\u0107 zdobienia w innym wzorze, pod zam\u00f3wienie klienta.<\/p>\n<p><strong><em>Minimalna ilo\u015b\u0107 zam\u00f3wienia \u2013 6 sztuk (1 opakowanie)<\/em><br \/>\n<\/strong><\/p>\n<p><strong><em>Towar sprzedawany na opakowania<\/em><\/strong><\/p>\n<h3><span style=\"color: #ff0000;\">PRZY DODAWANIU DO KOSZYKA, NALE\u017bY DODAWA\u0106 KROTNO\u015a\u0106\u00a0 LICZBY 6 &#8211; (1 opak)\u00a0 np: 6 ; 12 ; 18 itd<\/span><\/h3>\n<h3><strong>CENA ZA SZTUK\u0118.<\/strong><\/h3>\n<\/div>\n<\/div>\n<\/div>\n<\/div>\n<\/div>\n","protected":false},"featured_media":10000,"comment_status":"open","ping_status":"closed","template":"","meta":[],"_links":{"self":[{"href":"https:\/\/violmax.pl\/index.php\/wp-json\/wp\/v2\/product\/10013"}],"collection":[{"href":"https:\/\/violmax.pl\/index.php\/wp-json\/wp\/v2\/product"}],"about":[{"href":"https:\/\/violmax.pl\/index.php\/wp-json\/wp\/v2\/types\/product"}],"replies":[{"embeddable":true,"href":"https:\/\/violmax.pl\/index.php\/wp-json\/wp\/v2\/comments?post=10013"}],"wp:featuredmedia":[{"embeddable":true,"href":"https:\/\/violmax.pl\/index.php\/wp-json\/wp\/v2\/media\/10000"}],"wp:attachment":[{"href":"https:\/\/violmax.pl\/index.php\/wp-json\/wp\/v2\/media?parent=10013"}],"curies":[{"name":"wp","href":"https:\/\/api.w.org\/{rel}","templated":true}]}}