{"id":62,"date":"2019-08-27T18:28:28","date_gmt":"2019-08-27T16:28:28","guid":{"rendered":"http:\/\/violmax.wroclaw.pl\/?page_id=62"},"modified":"2024-12-20T14:41:50","modified_gmt":"2024-12-20T13:41:50","slug":"okolicznosciowe","status":"publish","type":"page","link":"https:\/\/violmax.pl\/index.php\/okolicznosciowe\/","title":{"rendered":"Okoliczno\u015bciowe"},"content":{"rendered":"\t\t<div data-elementor-type=\"wp-page\" data-elementor-id=\"62\" class=\"elementor elementor-62\" data-elementor-settings=\"[]\">\n\t\t\t\t\t\t<div class=\"elementor-inner\">\n\t\t\t\t\t\t\t<div class=\"elementor-section-wrap\">\n\t\t\t\t\t\t\t<section class=\"elementor-section elementor-top-section elementor-element elementor-element-5af7b33 elementor-section-boxed elementor-section-height-default elementor-section-height-default\" data-id=\"5af7b33\" data-element_type=\"section\">\n\t\t\t\t\t\t<div class=\"elementor-container elementor-column-gap-default\">\n\t\t\t\t\t\t\t<div class=\"elementor-row\">\n\t\t\t\t\t<div class=\"elementor-column elementor-col-50 elementor-top-column elementor-element elementor-element-209f99a\" data-id=\"209f99a\" data-element_type=\"column\">\n\t\t\t<div class=\"elementor-column-wrap elementor-element-populated\">\n\t\t\t\t\t\t\t<div class=\"elementor-widget-wrap\">\n\t\t\t\t\t\t<div class=\"elementor-element elementor-element-2abd36b elementor-align-center elementor-widget elementor-widget-button\" data-id=\"2abd36b\" data-element_type=\"widget\" data-widget_type=\"button.default\">\n\t\t\t\t<div class=\"elementor-widget-container\">\n\t\t\t\t\t<div class=\"elementor-button-wrapper\">\n\t\t\t<a href=\"http:\/\/violmax.pl\/index.php\/kategoria-produktu\/okolicznosciowe\/jubileuszowe-i-okazjonalne\" class=\"elementor-button-link elementor-button elementor-size-md\" role=\"button\">\n\t\t\t\t\t\t<span class=\"elementor-button-content-wrapper\">\n\t\t\t\t\t\t<span class=\"elementor-button-text\">Jubileuszowe i okazjonalne<\/span>\n\t\t<\/span>\n\t\t\t\t\t<\/a>\n\t\t<\/div>\n\t\t\t\t<\/div>\n\t\t\t\t<\/div>\n\t\t\t\t\t\t<\/div>\n\t\t\t\t\t<\/div>\n\t\t<\/div>\n\t\t\t\t<div class=\"elementor-column elementor-col-50 elementor-top-column elementor-element elementor-element-15414c3\" data-id=\"15414c3\" data-element_type=\"column\">\n\t\t\t<div class=\"elementor-column-wrap elementor-element-populated\">\n\t\t\t\t\t\t\t<div class=\"elementor-widget-wrap\">\n\t\t\t\t\t\t<div class=\"elementor-element elementor-element-41244a2 elementor-widget elementor-widget-image\" data-id=\"41244a2\" data-element_type=\"widget\" data-widget_type=\"image.default\">\n\t\t\t\t<div class=\"elementor-widget-container\">\n\t\t\t\t\t<div class=\"elementor-image\">\n\t\t\t\t\t\t\t\t\t\t\t<a href=\"http:\/\/violmax.pl\/index.php\/kategoria-produktu\/okolicznosciowe\/slubne\/\">\n\t\t\t\t\t\t\t<img width=\"231\" height=\"300\" src=\"https:\/\/violmax.pl\/wp-content\/uploads\/2020\/11\/Kieliszek-do-szampana-231x300.png\" class=\"attachment-medium size-medium\" alt=\"Kieliszki do szampana\" loading=\"lazy\" srcset=\"https:\/\/violmax.pl\/wp-content\/uploads\/2020\/11\/Kieliszek-do-szampana-231x300.png 231w, https:\/\/violmax.pl\/wp-content\/uploads\/2020\/11\/Kieliszek-do-szampana-70x90.png 70w, https:\/\/violmax.pl\/wp-content\/uploads\/2020\/11\/Kieliszek-do-szampana-680x884.png 680w, https:\/\/violmax.pl\/wp-content\/uploads\/2020\/11\/Kieliszek-do-szampana.png 769w\" sizes=\"(max-width: 231px) 100vw, 231px\" \/>\t\t\t\t\t\t\t\t<\/a>\n\t\t\t\t\t\t\t\t\t\t\t<\/div>\n\t\t\t\t<\/div>\n\t\t\t\t<\/div>\n\t\t\t\t<div class=\"elementor-element elementor-element-917c13b elementor-align-center elementor-widget elementor-widget-button\" data-id=\"917c13b\" data-element_type=\"widget\" data-widget_type=\"button.default\">\n\t\t\t\t<div class=\"elementor-widget-container\">\n\t\t\t\t\t<div class=\"elementor-button-wrapper\">\n\t\t\t<a href=\"http:\/\/violmax.pl\/index.php\/kategoria-produktu\/okolicznosciowe\/slubne\/\" class=\"elementor-button-link elementor-button elementor-size-md\" role=\"button\">\n\t\t\t\t\t\t<span class=\"elementor-button-content-wrapper\">\n\t\t\t\t\t\t<span class=\"elementor-button-text\">\u015alubne<\/span>\n\t\t<\/span>\n\t\t\t\t\t<\/a>\n\t\t<\/div>\n\t\t\t\t<\/div>\n\t\t\t\t<\/div>\n\t\t\t\t\t\t<\/div>\n\t\t\t\t\t<\/div>\n\t\t<\/div>\n\t\t\t\t\t\t\t\t<\/div>\n\t\t\t\t\t<\/div>\n\t\t<\/section>\n\t\t\t\t<section class=\"elementor-section elementor-top-section elementor-element elementor-element-9f659ac elementor-section-boxed elementor-section-height-default elementor-section-height-default\" data-id=\"9f659ac\" data-element_type=\"section\">\n\t\t\t\t\t\t<div class=\"elementor-container elementor-column-gap-default\">\n\t\t\t\t\t\t\t<div class=\"elementor-row\">\n\t\t\t\t\t<div class=\"elementor-column elementor-col-50 elementor-top-column elementor-element elementor-element-854f1e0\" data-id=\"854f1e0\" data-element_type=\"column\">\n\t\t\t<div class=\"elementor-column-wrap elementor-element-populated\">\n\t\t\t\t\t\t\t<div class=\"elementor-widget-wrap\">\n\t\t\t\t\t\t<div class=\"elementor-element elementor-element-7e1c174 elementor-widget elementor-widget-image\" data-id=\"7e1c174\" data-element_type=\"widget\" data-widget_type=\"image.default\">\n\t\t\t\t<div class=\"elementor-widget-container\">\n\t\t\t\t\t<div class=\"elementor-image\">\n\t\t\t\t\t\t\t\t\t\t\t<a href=\"http:\/\/violmax.pl\/index.php\/kategoria-produktu\/okolicznosciowe\/mysliwskie\">\n\t\t\t\t\t\t\t<img width=\"300\" height=\"240\" src=\"https:\/\/violmax.pl\/wp-content\/uploads\/2021\/01\/mysliwskie_kufel_do_piwa_bremen_670_ml_bazanty_szron-300x240.png\" class=\"attachment-medium size-medium\" alt=\"\" loading=\"lazy\" srcset=\"https:\/\/violmax.pl\/wp-content\/uploads\/2021\/01\/mysliwskie_kufel_do_piwa_bremen_670_ml_bazanty_szron-300x240.png 300w, https:\/\/violmax.pl\/wp-content\/uploads\/2021\/01\/mysliwskie_kufel_do_piwa_bremen_670_ml_bazanty_szron-768x614.png 768w, https:\/\/violmax.pl\/wp-content\/uploads\/2021\/01\/mysliwskie_kufel_do_piwa_bremen_670_ml_bazanty_szron-320x256.png 320w, https:\/\/violmax.pl\/wp-content\/uploads\/2021\/01\/mysliwskie_kufel_do_piwa_bremen_670_ml_bazanty_szron-680x544.png 680w, https:\/\/violmax.pl\/wp-content\/uploads\/2021\/01\/mysliwskie_kufel_do_piwa_bremen_670_ml_bazanty_szron.png 900w\" sizes=\"(max-width: 300px) 100vw, 300px\" \/>\t\t\t\t\t\t\t\t<\/a>\n\t\t\t\t\t\t\t\t\t\t\t<\/div>\n\t\t\t\t<\/div>\n\t\t\t\t<\/div>\n\t\t\t\t<div class=\"elementor-element elementor-element-005d033 elementor-align-center elementor-widget elementor-widget-button\" data-id=\"005d033\" data-element_type=\"widget\" data-widget_type=\"button.default\">\n\t\t\t\t<div class=\"elementor-widget-container\">\n\t\t\t\t\t<div class=\"elementor-button-wrapper\">\n\t\t\t<a href=\"http:\/\/violmax.pl\/index.php\/kategoria-produktu\/okolicznosciowe\/mysliwskie\" class=\"elementor-button-link elementor-button elementor-size-md\" role=\"button\">\n\t\t\t\t\t\t<span class=\"elementor-button-content-wrapper\">\n\t\t\t\t\t\t<span class=\"elementor-button-text\">My\u015bliwskie<\/span>\n\t\t<\/span>\n\t\t\t\t\t<\/a>\n\t\t<\/div>\n\t\t\t\t<\/div>\n\t\t\t\t<\/div>\n\t\t\t\t\t\t<\/div>\n\t\t\t\t\t<\/div>\n\t\t<\/div>\n\t\t\t\t<div class=\"elementor-column elementor-col-50 elementor-top-column elementor-element elementor-element-e1cecba\" data-id=\"e1cecba\" data-element_type=\"column\">\n\t\t\t<div class=\"elementor-column-wrap elementor-element-populated\">\n\t\t\t\t\t\t\t<div class=\"elementor-widget-wrap\">\n\t\t\t\t\t\t<div class=\"elementor-element elementor-element-89d32bd elementor-widget elementor-widget-image\" data-id=\"89d32bd\" data-element_type=\"widget\" data-widget_type=\"image.default\">\n\t\t\t\t<div class=\"elementor-widget-container\">\n\t\t\t\t\t<div class=\"elementor-image\">\n\t\t\t\t\t\t\t\t\t\t\t<a href=\"http:\/\/violmax.pl\/index.php\/kategoria-produktu\/okolicznosciowe\/wedkarskie\/\">\n\t\t\t\t\t\t\t<img width=\"300\" height=\"200\" src=\"https:\/\/violmax.pl\/wp-content\/uploads\/2020\/12\/sandacz_szklanka_do_napoi_splendour_400_ml_szron-300x200.png\" class=\"attachment-medium size-medium\" alt=\"\" loading=\"lazy\" srcset=\"https:\/\/violmax.pl\/wp-content\/uploads\/2020\/12\/sandacz_szklanka_do_napoi_splendour_400_ml_szron-300x200.png 300w, https:\/\/violmax.pl\/wp-content\/uploads\/2020\/12\/sandacz_szklanka_do_napoi_splendour_400_ml_szron-768x512.png 768w, https:\/\/violmax.pl\/wp-content\/uploads\/2020\/12\/sandacz_szklanka_do_napoi_splendour_400_ml_szron-680x453.png 680w, https:\/\/violmax.pl\/wp-content\/uploads\/2020\/12\/sandacz_szklanka_do_napoi_splendour_400_ml_szron.png 900w\" sizes=\"(max-width: 300px) 100vw, 300px\" \/>\t\t\t\t\t\t\t\t<\/a>\n\t\t\t\t\t\t\t\t\t\t\t<\/div>\n\t\t\t\t<\/div>\n\t\t\t\t<\/div>\n\t\t\t\t<div class=\"elementor-element elementor-element-d3e25e9 elementor-align-center elementor-widget elementor-widget-button\" data-id=\"d3e25e9\" data-element_type=\"widget\" data-widget_type=\"button.default\">\n\t\t\t\t<div class=\"elementor-widget-container\">\n\t\t\t\t\t<div class=\"elementor-button-wrapper\">\n\t\t\t<a href=\"http:\/\/violmax.pl\/index.php\/kategoria-produktu\/okolicznosciowe\/wedkarskie\/\" class=\"elementor-button-link elementor-button elementor-size-md\" role=\"button\">\n\t\t\t\t\t\t<span class=\"elementor-button-content-wrapper\">\n\t\t\t\t\t\t<span class=\"elementor-button-text\">W\u0119dkarskie<\/span>\n\t\t<\/span>\n\t\t\t\t\t<\/a>\n\t\t<\/div>\n\t\t\t\t<\/div>\n\t\t\t\t<\/div>\n\t\t\t\t\t\t<\/div>\n\t\t\t\t\t<\/div>\n\t\t<\/div>\n\t\t\t\t\t\t\t\t<\/div>\n\t\t\t\t\t<\/div>\n\t\t<\/section>\n\t\t\t\t\t\t<\/div>\n\t\t\t\t\t\t<\/div>\n\t\t\t\t\t<\/div>\n\t\t","protected":false},"excerpt":{"rendered":"<p>Jubileuszowe i okazjonalne \u015alubne My\u015bliwskie W\u0119dkarskie<\/p>\n","protected":false},"author":1,"featured_media":0,"parent":0,"menu_order":0,"comment_status":"closed","ping_status":"closed","template":"","meta":[],"_links":{"self":[{"href":"https:\/\/violmax.pl\/index.php\/wp-json\/wp\/v2\/pages\/62"}],"collection":[{"href":"https:\/\/violmax.pl\/index.php\/wp-json\/wp\/v2\/pages"}],"about":[{"href":"https:\/\/violmax.pl\/index.php\/wp-json\/wp\/v2\/types\/page"}],"author":[{"embeddable":true,"href":"https:\/\/violmax.pl\/index.php\/wp-json\/wp\/v2\/users\/1"}],"replies":[{"embeddable":true,"href":"https:\/\/violmax.pl\/index.php\/wp-json\/wp\/v2\/comments?post=62"}],"version-history":[{"count":26,"href":"https:\/\/violmax.pl\/index.php\/wp-json\/wp\/v2\/pages\/62\/revisions"}],"predecessor-version":[{"id":11607,"href":"https:\/\/violmax.pl\/index.php\/wp-json\/wp\/v2\/pages\/62\/revisions\/11607"}],"wp:attachment":[{"href":"https:\/\/violmax.pl\/index.php\/wp-json\/wp\/v2\/media?parent=62"}],"curies":[{"name":"wp","href":"https:\/\/api.w.org\/{rel}","templated":true}]}}